{"id":2914,"date":"2025-04-04T02:33:15","date_gmt":"2025-04-04T02:33:15","guid":{"rendered":"https:\/\/vietnamexpo2025osaka.com\/vi\/?page_id=2914"},"modified":"2025-04-10T09:56:24","modified_gmt":"2025-04-10T09:56:24","slug":"cau-hoi-thuong-gap","status":"publish","type":"page","link":"https:\/\/vietnamexpo2025osaka.com\/vi\/cau-hoi-thuong-gap\/","title":{"rendered":"C\u00e2u h\u1ecfi th\u01b0\u1eddng g\u1eb7p"},"content":{"rendered":"<div class=\"wpb-content-wrapper\"><p>[vc_row][vc_column][vc_empty_space height=&#8221;150px&#8221;]<div class=\"eltdf-accordion-holder eltdf-ac-default  eltdf-toggle eltdf-ac-simple  clearfix\">\n\t<h5 class=\"eltdf-accordion-title\">\n    <span class=\"eltdf-accordion-mark\">\n\t\t<span class=\"eltdf_icon_plus icon_plus\"><\/span>\n\t\t<span class=\"eltdf_icon_minus icon_minus-06\"><\/span>\n\t<\/span>\n\t<span class=\"eltdf-tab-title\">Khi n\u00e0o Expo 2025 di\u1ec5n ra?<\/span>\n<\/h5>\n<div class=\"eltdf-accordion-content\">\n\t<div class=\"eltdf-accordion-content-inner\">\n\t\t[vc_column_text css_animation=&#8221;bounceIn&#8221; css=&#8221;&#8221;]<span style=\"font-weight: 400;\">Expo di\u1ec5n ra t\u1eeb <\/span><b>13\/04\/2025 \u0111\u1ebfn 13\/10\/2025<\/b><span style=\"font-weight: 400;\">. M\u1edf c\u1eeda 7 ng\u00e0y trong tu\u1ea7n, t\u1eeb 09:00 s\u00e1ng \u0111\u1ebfn 09:00 t\u1ed1i.<\/span>[\/vc_column_text]\t<\/div>\n<\/div><h5 class=\"eltdf-accordion-title\">\n    <span class=\"eltdf-accordion-mark\">\n\t\t<span class=\"eltdf_icon_plus icon_plus\"><\/span>\n\t\t<span class=\"eltdf_icon_minus icon_minus-06\"><\/span>\n\t<\/span>\n\t<span class=\"eltdf-tab-title\">Expo 2025 n\u1eb1m \u1edf \u0111\u00e2u?<\/span>\n<\/h5>\n<div class=\"eltdf-accordion-content\">\n\t<div class=\"eltdf-accordion-content-inner\">\n\t\t[vc_column_text css=&#8221;&#8221;]<span style=\"font-weight: 400;\">Expo \u0111\u01b0\u1ee3c t\u1ed5 ch\u1ee9c t\u1ea1i <\/span><b>\u0110\u1ea3o Yumeshima<\/b><span style=\"font-weight: 400;\">, thu\u1ed9c v\u1ecbnh Osaka, Nh\u1eadt B\u1ea3n \u2013 c\u00e1ch s\u00e2n bay qu\u1ed1c t\u1ebf Kansai 25 km v\u00e0 d\u1ec5 d\u00e0ng di chuy\u1ec3n t\u1eeb trung t\u00e2m th\u00e0nh ph\u1ed1 Osaka.<\/span>[\/vc_column_text]\t<\/div>\n<\/div><h6 class=\"eltdf-accordion-title\">\n    <span class=\"eltdf-accordion-mark\">\n\t\t<span class=\"eltdf_icon_plus icon_plus\"><\/span>\n\t\t<span class=\"eltdf_icon_minus icon_minus-06\"><\/span>\n\t<\/span>\n\t<span class=\"eltdf-tab-title\">Gi\u00e1 v\u00e9 Expo 2025 l\u00e0 bao nhi\u00eau?<\/span>\n<\/h6>\n<div class=\"eltdf-accordion-content\">\n\t<div class=\"eltdf-accordion-content-inner\">\n\t\t[vc_column_text css=&#8221;&#8221;]<span style=\"font-weight: 400;\">B\u1ea1n c\u00f3 th\u1ec3 ch\u1ecdn t\u1eeb nhi\u1ec1u lo\u1ea1i v\u00e9 kh\u00e1c nhau: V\u00e9 Khai M\u1ea1c, V\u00e9 Giai \u0110o\u1ea1n, V\u00e9 M\u1ed9t Ng\u00e0y v\u00e0 Th\u1ebb M\u00f9a. Tr\u1ebb em d\u01b0\u1edbi 3 tu\u1ed5i \u0111\u01b0\u1ee3c v\u00e0o mi\u1ec5n ph\u00ed.<\/span><span style=\"font-weight: 400;\"><br \/>\n<\/span><span style=\"font-weight: 400;\"> Ngo\u00e0i ra, c\u00f3 c\u00e1c \u01b0u \u0111\u00e3i gi\u1ea3m gi\u00e1 cho h\u1ecdc sinh, sinh vi\u00ean v\u00e0 ng\u01b0\u1eddi cao tu\u1ed5i (tu\u1ed5i t\u00ednh \u0111\u1ebfn 01\/04\/2025).<\/span>[\/vc_column_text]\t<\/div>\n<\/div><h6 class=\"eltdf-accordion-title\">\n    <span class=\"eltdf-accordion-mark\">\n\t\t<span class=\"eltdf_icon_plus icon_plus\"><\/span>\n\t\t<span class=\"eltdf_icon_minus icon_minus-06\"><\/span>\n\t<\/span>\n\t<span class=\"eltdf-tab-title\">T\u00f4i c\u00f3 th\u1ec3 mua v\u00e9 Expo \u1edf \u0111\u00e2u?<\/span>\n<\/h6>\n<div class=\"eltdf-accordion-content\">\n\t<div class=\"eltdf-accordion-content-inner\">\n\t\t[vc_column_text css=&#8221;&#8221;]<span style=\"font-weight: 400;\">B\u1ea1n c\u00f3 th\u1ec3 mua v\u00e9 tr\u1ef1c tuy\u1ebfn t\u1ea1i trang ch\u00ednh th\u1ee9c Expo 2025 ho\u1eb7c t\u1ea1i c\u00e1c c\u1eeda h\u00e0ng ti\u1ec7n l\u1ee3i tr\u00ean to\u00e0n n\u01b0\u1edbc Nh\u1eadt, c\u0169ng nh\u01b0 t\u1ea1i c\u00e1c \u0111\u1ea1i l\u00fd ph\u00e2n ph\u1ed1i v\u00e9 \u0111\u01b0\u1ee3c \u1ee7y quy\u1ec1n.<\/span>[\/vc_column_text]\t<\/div>\n<\/div><h6 class=\"eltdf-accordion-title\">\n    <span class=\"eltdf-accordion-mark\">\n\t\t<span class=\"eltdf_icon_plus icon_plus\"><\/span>\n\t\t<span class=\"eltdf_icon_minus icon_minus-06\"><\/span>\n\t<\/span>\n\t<span class=\"eltdf-tab-title\">C\u00f3 y\u00eau c\u1ea7u y t\u1ebf n\u00e0o khi tham quan Expo kh\u00f4ng?<\/span>\n<\/h6>\n<div class=\"eltdf-accordion-content\">\n\t<div class=\"eltdf-accordion-content-inner\">\n\t\t[vc_column_text css=&#8221;&#8221;]<span style=\"font-weight: 400;\">Hi\u1ec7n t\u1ea1i kh\u00f4ng y\u00eau c\u1ea7u gi\u1ea5y ch\u1ee9ng nh\u1eadn ti\u00eam vaccine hay x\u00e9t nghi\u1ec7m COVID-19 \u0111\u1ec3 v\u00e0o c\u1eeda. Tuy nhi\u00ean, ban t\u1ed5 ch\u1ee9c s\u1ebd th\u1ef1c hi\u1ec7n c\u00e1c bi\u1ec7n ph\u00e1p an to\u00e0n v\u00e0 v\u1ec7 sinh y t\u1ebf t\u1ea1i c\u00e1c khu v\u1ef1c chung.<\/span>[\/vc_column_text]\t<\/div>\n<\/div><h6 class=\"eltdf-accordion-title\">\n    <span class=\"eltdf-accordion-mark\">\n\t\t<span class=\"eltdf_icon_plus icon_plus\"><\/span>\n\t\t<span class=\"eltdf_icon_minus icon_minus-06\"><\/span>\n\t<\/span>\n\t<span class=\"eltdf-tab-title\">Khu v\u1ef1c \u0111\u1ed7 xe g\u1ea7n nh\u1ea5t \u1edf \u0111\u00e2u?<\/span>\n<\/h6>\n<div class=\"eltdf-accordion-content\">\n\t<div class=\"eltdf-accordion-content-inner\">\n\t\t[vc_column_text css=&#8221;&#8221;]Xe \u00f4 t\u00f4 ri\u00eang v\u00e0 xe g\u1eafn m\u00e1y kh\u00f4ng \u0111\u01b0\u1ee3c v\u00e0o khu EXPO ngo\u1ea1i tr\u1eeb xe ph\u1ee5c v\u1ee5 ng\u01b0\u1eddi khuy\u1ebft t\u1eadt. Ch\u1ed7 \u0111\u1eadu xe d\u00e0nh cho ng\u01b0\u1eddi khuy\u1ebft t\u1eadt ph\u1ea3i \u0111\u01b0\u1ee3c \u0111\u1eb7t tr\u01b0\u1edbc (c\u00f3 thu ph\u00ed). Vi\u1ec7c \u0111\u1eb7t ch\u1ed7 c\u00f3 th\u1ec3 th\u1ef1c hi\u1ec7n cho \u0111\u1ebfn ng\u00e0y tr\u01b0\u1edbc ng\u00e0y s\u1eed d\u1ee5ng.<\/p>\n<p class=\"\" data-start=\"143\" data-end=\"369\">\u0110\u1ed1i t\u01b0\u1ee3ng \u0111\u1ee7 \u0111i\u1ec1u ki\u1ec7n bao g\u1ed3m c\u00e1c ph\u01b0\u01a1ng ti\u1ec7n ch\u1edf h\u00e0nh kh\u00e1ch l\u00e0 ng\u01b0\u1eddi c\u00f3 V\u00e9 \u0110\u1eb7c Bi\u1ec7t ho\u1eb7c nh\u1eefng ng\u01b0\u1eddi g\u1eb7p kh\u00f3 kh\u0103n trong vi\u1ec7c di chuy\u1ec3n v\u00e0 c\u1ea7n s\u1eed d\u1ee5ng xe l\u0103n ho\u1eb7c d\u1ee5ng c\u1ee5 h\u1ed7 tr\u1ee3 \u0111i l\u1ea1i do ch\u1ea5n th\u01b0\u01a1ng ho\u1eb7c b\u1ec7nh l\u00fd.<\/p>\n<p class=\"\" data-start=\"371\" data-end=\"476\">Khu v\u1ef1c \u0111\u1eadu xe ti\u1ebfp c\u1eadn \u0111\u01b0\u1ee3c n\u1eb1m ngay b\u00ean c\u1ea1nh Qu\u1ea3ng tr\u01b0\u1eddng, l\u1ed1i v\u00e0o ph\u00eda \u0110\u00f4ng c\u1ee7a khu tri\u1ec3n l\u00e3m Expo.<\/p>\n<p data-start=\"371\" data-end=\"476\">C\u1ed5ng v\u00e0o g\u1ea7n Nh\u00e0 Tri\u1ec3n l\u00e3m Vi\u1ec7t Nam nh\u1ea5t l\u00e0 C\u1ed5ng \u0110\u00f4ng (East Gate). \u0110\u1ec3 di chuy\u1ec3n t\u1edbi C\u1ed5ng \u0110\u00f4ng, kh\u00e1ch tham quan c\u00f3 th\u1ec3 \u0111i t\u00e0u \u0111i\u1ec7n tuy\u1ebfn Chuo ho\u1eb7c \u0111i xe \u0111\u1ea1p.<\/p>\n<p>[\/vc_column_text]\t<\/div>\n<\/div><h6 class=\"eltdf-accordion-title\">\n    <span class=\"eltdf-accordion-mark\">\n\t\t<span class=\"eltdf_icon_plus icon_plus\"><\/span>\n\t\t<span class=\"eltdf_icon_minus icon_minus-06\"><\/span>\n\t<\/span>\n\t<span class=\"eltdf-tab-title\">Nh\u00e0 Tri\u1ec3n l\u00e3m Vi\u1ec7t Nam n\u1eb1m \u1edf \u0111\u00e2u?<\/span>\n<\/h6>\n<div class=\"eltdf-accordion-content\">\n\t<div class=\"eltdf-accordion-content-inner\">\n\t\t[vc_column_text css=&#8221;&#8221;]Ch\u00fang t\u00f4i n\u1eb1m \u1edf v\u1ecb tr\u00ed BE7, Khu Empowering Lives, \u0111\u1ed1i di\u1ec7n s\u00e2n kh\u1ea5u\u00a0 ngo\u00e0i tr\u1eddi Inner East, g\u1ea7n Nh\u00e0 Tri\u1ec3n l\u00e3m Qatar.<\/p>\n<p><img loading=\"lazy\" decoding=\"async\" class=\"alignnone size-full wp-image-3015\" src=\"https:\/\/vietnamexpo2025osaka.com\/vi\/wp-content\/uploads\/2025\/04\/Viet-Nam-Pavilion-Map-2.jpg\" alt=\"\" width=\"1920\" height=\"1080\" \/>[\/vc_column_text]\t<\/div>\n<\/div><h6 class=\"eltdf-accordion-title\">\n    <span class=\"eltdf-accordion-mark\">\n\t\t<span class=\"eltdf_icon_plus icon_plus\"><\/span>\n\t\t<span class=\"eltdf_icon_minus icon_minus-06\"><\/span>\n\t<\/span>\n\t<span class=\"eltdf-tab-title\">C\u00f3 quy \u0111\u1ecbnh v\u1ec1 trang ph\u1ee5c khi v\u00e0o Nh\u00e0 Tri\u1ec3n l\u00e3m Vi\u1ec7t Nam kh\u00f4ng?<\/span>\n<\/h6>\n<div class=\"eltdf-accordion-content\">\n\t<div class=\"eltdf-accordion-content-inner\">\n\t\t[vc_column_text css=&#8221;&#8221;]<span style=\"font-weight: 400;\">Kh\u00f4ng c\u00f3 y\u00eau c\u1ea7u trang ph\u1ee5c nghi\u00eam ng\u1eb7t, nh\u01b0ng khuy\u1ebfn kh\u00edch \u0103n m\u1eb7c l\u1ecbch s\u1ef1 v\u00e0 ph\u00f9 h\u1ee3p v\u1edbi v\u0103n h\u00f3a Nh\u1eadt B\u1ea3n.<\/span>[\/vc_column_text]\t<\/div>\n<\/div><h6 class=\"eltdf-accordion-title\">\n    <span class=\"eltdf-accordion-mark\">\n\t\t<span class=\"eltdf_icon_plus icon_plus\"><\/span>\n\t\t<span class=\"eltdf_icon_minus icon_minus-06\"><\/span>\n\t<\/span>\n\t<span class=\"eltdf-tab-title\">C\u00f3 th\u1ec3 mua s\u1ea3n ph\u1ea9m Vi\u1ec7t Nam t\u1ea1i Nh\u00e0 Tri\u1ec3n l\u00e3m kh\u00f4ng?<\/span>\n<\/h6>\n<div class=\"eltdf-accordion-content\">\n\t<div class=\"eltdf-accordion-content-inner\">\n\t\t[vc_column_text css=&#8221;&#8221;]<span style=\"font-weight: 400;\">C\u00f3! B\u1ea1n c\u00f3 th\u1ec3 mua c\u00e1c s\u1ea3n ph\u1ea9m th\u1ee7 c\u00f4ng m\u1ef9 ngh\u1ec7 ch\u1ea5t l\u01b0\u1ee3ng cao, h\u00e0ng l\u01b0u ni\u1ec7m \u0111\u1ed9c quy\u1ec1n t\u1eeb Vi\u1ec7t Nam, v\u00e0 nhi\u1ec1u s\u1ea3n ph\u1ea9m th\u00e2n thi\u1ec7n v\u1edbi m\u00f4i tr\u01b0\u1eddng kh\u00e1c.<\/span>[\/vc_column_text]\t<\/div>\n<\/div><h6 class=\"eltdf-accordion-title\">\n    <span class=\"eltdf-accordion-mark\">\n\t\t<span class=\"eltdf_icon_plus icon_plus\"><\/span>\n\t\t<span class=\"eltdf_icon_minus icon_minus-06\"><\/span>\n\t<\/span>\n\t<span class=\"eltdf-tab-title\">Nh\u00e0 Tri\u1ec3n l\u00e3m Vi\u1ec7t Nam c\u00f3 ho\u1ea1t \u0111\u1ed9ng g\u00ec cho tr\u1ebb em?<\/span>\n<\/h6>\n<div class=\"eltdf-accordion-content\">\n\t<div class=\"eltdf-accordion-content-inner\">\n\t\t[vc_column_text css=&#8221;&#8221;]<span style=\"font-weight: 400;\">M\u1ed7i ng\u00e0y \u0111\u1ec1u c\u00f3 c\u00e1c ch\u01b0\u01a1ng tr\u00ecnh bi\u1ec3u di\u1ec5n m\u00faa r\u1ed1i n\u01b0\u1edbc v\u00e0 \u00e2m nh\u1ea1c truy\u1ec1n th\u1ed1ng, workshop ch\u1ebf t\u00e1c th\u1ee7 c\u00f4ng v\u00e0 c\u00e1c ho\u1ea1t \u0111\u1ed9ng tr\u1ea3i nghi\u1ec7m v\u0103n h\u00f3a d\u00e0nh cho tr\u1ebb em.<\/span>[\/vc_column_text]\t<\/div>\n<\/div><\/div>[vc_empty_space][\/vc_column][\/vc_row]<\/p>\n<\/div>","protected":false},"excerpt":{"rendered":"<p>[vc_row][vc_column][vc_empty_space height=&#8221;150px&#8221;][vc_empty_space][\/vc_column][\/vc_row]<\/p>\n","protected":false},"author":1,"featured_media":3002,"parent":0,"menu_order":0,"comment_status":"closed","ping_status":"closed","template":"","meta":{"footnotes":""},"class_list":["post-2914","page","type-page","status-publish","has-post-thumbnail","hentry"],"yoast_head":"<!-- This site is optimized with the Yoast SEO plugin v24.8.1 - https:\/\/yoast.com\/wordpress\/plugins\/seo\/ -->\n<title>C\u00e2u h\u1ecfi th\u01b0\u1eddng g\u1eb7p - Vi\u1ec7t Nam EXPO<\/title>\n<meta name=\"robots\" content=\"index, follow, max-snippet:-1, max-image-preview:large, max-video-preview:-1\" \/>\n<link rel=\"canonical\" href=\"https:\/\/vietnamexpo2025osaka.com\/vi\/cau-hoi-thuong-gap\/\" \/>\n<meta property=\"og:locale\" content=\"en_US\" \/>\n<meta property=\"og:type\" content=\"article\" \/>\n<meta property=\"og:title\" content=\"C\u00e2u h\u1ecfi th\u01b0\u1eddng g\u1eb7p - Vi\u1ec7t Nam EXPO\" \/>\n<meta property=\"og:description\" content=\"[vc_row][vc_column][vc_empty_space height=&#8221;150px&#8221;][vc_empty_space][\/vc_column][\/vc_row]\" \/>\n<meta property=\"og:url\" content=\"https:\/\/vietnamexpo2025osaka.com\/vi\/cau-hoi-thuong-gap\/\" \/>\n<meta property=\"og:site_name\" content=\"Vi\u1ec7t Nam EXPO\" \/>\n<meta property=\"article:publisher\" content=\"https:\/\/www.facebook.com\/vietnamexpo2020dubai\/\" \/>\n<meta property=\"article:modified_time\" content=\"2025-04-10T09:56:24+00:00\" \/>\n<meta property=\"og:image\" content=\"https:\/\/vietnamexpo2025osaka.com\/vi\/wp-content\/uploads\/2019\/09\/logo-02-3.png\" \/>\n\t<meta property=\"og:image:width\" content=\"6602\" \/>\n\t<meta property=\"og:image:height\" content=\"6251\" \/>\n\t<meta property=\"og:image:type\" content=\"image\/png\" \/>\n<meta name=\"twitter:card\" content=\"summary_large_image\" \/>\n<meta name=\"twitter:label1\" content=\"Est. reading time\" \/>\n\t<meta name=\"twitter:data1\" content=\"3 minutes\" \/>\n<!-- \/ Yoast SEO plugin. -->","yoast_head_json":{"title":"C\u00e2u h\u1ecfi th\u01b0\u1eddng g\u1eb7p - Vi\u1ec7t Nam EXPO","robots":{"index":"index","follow":"follow","max-snippet":"max-snippet:-1","max-image-preview":"max-image-preview:large","max-video-preview":"max-video-preview:-1"},"canonical":"https:\/\/vietnamexpo2025osaka.com\/vi\/cau-hoi-thuong-gap\/","og_locale":"en_US","og_type":"article","og_title":"C\u00e2u h\u1ecfi th\u01b0\u1eddng g\u1eb7p - Vi\u1ec7t Nam EXPO","og_description":"[vc_row][vc_column][vc_empty_space height=&#8221;150px&#8221;][vc_empty_space][\/vc_column][\/vc_row]","og_url":"https:\/\/vietnamexpo2025osaka.com\/vi\/cau-hoi-thuong-gap\/","og_site_name":"Vi\u1ec7t Nam EXPO","article_publisher":"https:\/\/www.facebook.com\/vietnamexpo2020dubai\/","article_modified_time":"2025-04-10T09:56:24+00:00","og_image":[{"width":6602,"height":6251,"url":"https:\/\/vietnamexpo2025osaka.com\/vi\/wp-content\/uploads\/2019\/09\/logo-02-3.png","type":"image\/png"}],"twitter_card":"summary_large_image","twitter_misc":{"Est. reading time":"3 minutes"},"schema":{"@context":"https:\/\/schema.org","@graph":[{"@type":"WebPage","@id":"https:\/\/vietnamexpo2025osaka.com\/vi\/cau-hoi-thuong-gap\/","url":"https:\/\/vietnamexpo2025osaka.com\/vi\/cau-hoi-thuong-gap\/","name":"C\u00e2u h\u1ecfi th\u01b0\u1eddng g\u1eb7p - Vi\u1ec7t Nam EXPO","isPartOf":{"@id":"https:\/\/vietnamexpo2025osaka.com\/vi\/#website"},"primaryImageOfPage":{"@id":"https:\/\/vietnamexpo2025osaka.com\/vi\/cau-hoi-thuong-gap\/#primaryimage"},"image":{"@id":"https:\/\/vietnamexpo2025osaka.com\/vi\/cau-hoi-thuong-gap\/#primaryimage"},"thumbnailUrl":"https:\/\/vietnamexpo2025osaka.com\/vi\/wp-content\/uploads\/2019\/09\/logo-02-3.png","datePublished":"2025-04-04T02:33:15+00:00","dateModified":"2025-04-10T09:56:24+00:00","breadcrumb":{"@id":"https:\/\/vietnamexpo2025osaka.com\/vi\/cau-hoi-thuong-gap\/#breadcrumb"},"inLanguage":"en-US","potentialAction":[{"@type":"ReadAction","target":["https:\/\/vietnamexpo2025osaka.com\/vi\/cau-hoi-thuong-gap\/"]}]},{"@type":"ImageObject","inLanguage":"en-US","@id":"https:\/\/vietnamexpo2025osaka.com\/vi\/cau-hoi-thuong-gap\/#primaryimage","url":"https:\/\/vietnamexpo2025osaka.com\/vi\/wp-content\/uploads\/2019\/09\/logo-02-3.png","contentUrl":"https:\/\/vietnamexpo2025osaka.com\/vi\/wp-content\/uploads\/2019\/09\/logo-02-3.png","width":6602,"height":6251},{"@type":"BreadcrumbList","@id":"https:\/\/vietnamexpo2025osaka.com\/vi\/cau-hoi-thuong-gap\/#breadcrumb","itemListElement":[{"@type":"ListItem","position":1,"name":"Home","item":"https:\/\/vietnamexpo2025osaka.com\/vi\/"},{"@type":"ListItem","position":2,"name":"C\u00e2u h\u1ecfi th\u01b0\u1eddng g\u1eb7p"}]},{"@type":"WebSite","@id":"https:\/\/vietnamexpo2025osaka.com\/vi\/#website","url":"https:\/\/vietnamexpo2025osaka.com\/vi\/","name":"Vi\u1ec7t Nam EXPO","description":"EXPO 2025","publisher":{"@id":"https:\/\/vietnamexpo2025osaka.com\/vi\/#organization"},"potentialAction":[{"@type":"SearchAction","target":{"@type":"EntryPoint","urlTemplate":"https:\/\/vietnamexpo2025osaka.com\/vi\/?s={search_term_string}"},"query-input":{"@type":"PropertyValueSpecification","valueRequired":true,"valueName":"search_term_string"}}],"inLanguage":"en-US"},{"@type":"Organization","@id":"https:\/\/vietnamexpo2025osaka.com\/vi\/#organization","name":"Vi\u1ec7t Nam EXPO","url":"https:\/\/vietnamexpo2025osaka.com\/vi\/","logo":{"@type":"ImageObject","inLanguage":"en-US","@id":"https:\/\/vietnamexpo2025osaka.com\/vi\/#\/schema\/logo\/image\/","url":"https:\/\/vietnamexpo2025osaka.com\/vi\/wp-content\/uploads\/2019\/09\/logo-02-4.png","contentUrl":"https:\/\/vietnamexpo2025osaka.com\/vi\/wp-content\/uploads\/2019\/09\/logo-02-4.png","width":6602,"height":6251,"caption":"Vi\u1ec7t Nam EXPO"},"image":{"@id":"https:\/\/vietnamexpo2025osaka.com\/vi\/#\/schema\/logo\/image\/"},"sameAs":["https:\/\/www.facebook.com\/vietnamexpo2020dubai\/","https:\/\/www.tiktok.com\/@vietnamexpo2025"]}]}},"_links":{"self":[{"href":"https:\/\/vietnamexpo2025osaka.com\/vi\/wp-json\/wp\/v2\/pages\/2914","targetHints":{"allow":["GET"]}}],"collection":[{"href":"https:\/\/vietnamexpo2025osaka.com\/vi\/wp-json\/wp\/v2\/pages"}],"about":[{"href":"https:\/\/vietnamexpo2025osaka.com\/vi\/wp-json\/wp\/v2\/types\/page"}],"author":[{"embeddable":true,"href":"https:\/\/vietnamexpo2025osaka.com\/vi\/wp-json\/wp\/v2\/users\/1"}],"replies":[{"embeddable":true,"href":"https:\/\/vietnamexpo2025osaka.com\/vi\/wp-json\/wp\/v2\/comments?post=2914"}],"version-history":[{"count":11,"href":"https:\/\/vietnamexpo2025osaka.com\/vi\/wp-json\/wp\/v2\/pages\/2914\/revisions"}],"predecessor-version":[{"id":3078,"href":"https:\/\/vietnamexpo2025osaka.com\/vi\/wp-json\/wp\/v2\/pages\/2914\/revisions\/3078"}],"wp:featuredmedia":[{"embeddable":true,"href":"https:\/\/vietnamexpo2025osaka.com\/vi\/wp-json\/wp\/v2\/media\/3002"}],"wp:attachment":[{"href":"https:\/\/vietnamexpo2025osaka.com\/vi\/wp-json\/wp\/v2\/media?parent=2914"}],"curies":[{"name":"wp","href":"https:\/\/api.w.org\/{rel}","templated":true}]}}