{"id":2782,"date":"2025-04-03T03:26:38","date_gmt":"2025-04-03T03:26:38","guid":{"rendered":"https:\/\/vietnamexpo2025osaka.com\/vi\/?page_id=2782"},"modified":"2025-04-17T22:32:48","modified_gmt":"2025-04-17T22:32:48","slug":"tai-tro-va-doi-tac","status":"publish","type":"page","link":"https:\/\/vietnamexpo2025osaka.com\/vi\/tai-tro-va-doi-tac\/","title":{"rendered":"T\u00e0i tr\u1ee3 v\u00e0 \u0110\u1ed1i t\u00e1c"},"content":{"rendered":"<div class=\"wpb-content-wrapper\"><p>[vc_row row_content_width=&#8221;grid&#8221; css=&#8221;.vc_custom_1743465649049{margin-bottom: 30px !important;}&#8221;][vc_column]<div class=\"eltdf-section-title-holder   eltdf-st-decorative-line\" style=\"text-align: center\">\n\t<div class=\"eltdf-st-inner\">\n        \t\t\t\t\t<h3 class=\"eltdf-st-title\" style=\"color: #BF1D34\">\n    <span class=\"eltdf-st-title-inner\"><span class=\"eltdf-st-side-line-left\" ><\/span>Nh\u00e0 t\u00e0i tr\u1ee3<span class=\"eltdf-st-side-line-right\" ><\/span><\/span>\n\t\t\t<\/h3>\n\t\t\t\t\t\t\t<p class=\"eltdf-st-text\" >\n\t\t\t\tNh\u00e0 Tri\u1ec3n l\u00e3m Vi\u1ec7t Nam tr\u00e2n tr\u1ecdng gi\u1edbi thi\u1ec7u c\u00e1c Nh\u00e0 t\u00e0i tr\u1ee3 v\u00e0 \u0110\u1ed1i t\u00e1c\t\t\t<\/p>\n\t\t\t\t\t<\/div>\n<\/div>[vc_empty_space]<div class=\"eltdf-single-image-holder    \">\n    <div class=\"eltdf-si-inner\" >\n                                    <img loading=\"lazy\" decoding=\"async\" width=\"3500\" height=\"2335\" src=\"https:\/\/vietnamexpo2025osaka.com\/vi\/wp-content\/uploads\/2025\/04\/National-Day-3.jpg\" class=\"attachment-full size-full\" alt=\"\" \/>                        <\/div>\n<\/div>[vc_empty_space height=&#8221;64px&#8221;][\/vc_column][\/vc_row][vc_row][vc_column]<div class=\"eltdf-section-title-holder  eltdf-st-disable-title-break eltdf-st-decorative-line\" style=\"padding: 0 10px;text-align: center\">\n\t<div class=\"eltdf-st-inner\">\n        \t\t\t\t\t<h3 class=\"eltdf-st-title\" style=\"color: #BF1D34\">\n    <span class=\"eltdf-st-title-inner\"><span class=\"eltdf-st-side-line-left\" ><\/span>Danh s\u00e1ch Nh\u00e0 t\u00e0i tr\u1ee3<span class=\"eltdf-st-side-line-right\" ><\/span><\/span>\n\t\t\t<\/h3>\n\t\t\t\t\t\t\t<\/div>\n<\/div>[vc_empty_space][\/vc_column][\/vc_row][vc_row][vc_column][vc_column_text css=&#8221;&#8221;]<\/p>\n<h5 style=\"text-align: center;\"><span style=\"color: #ccd609;\"><strong>NH\u00c0 T\u00c0I TR\u1ee2 V\u00c0NG<\/strong><\/span><\/h5>\n<p>[\/vc_column_text][vc_empty_space][\/vc_column][\/vc_row][vc_row row_content_width=&#8221;grid&#8221;][vc_column width=&#8221;1\/3&#8243;][vc_single_image image=&#8221;3265&#8243; img_size=&#8221;medium&#8221; alignment=&#8221;center&#8221; css=&#8221;&#8221;][vc_empty_space height=&#8221;20px&#8221;][vc_empty_space][\/vc_column][vc_column width=&#8221;1\/3&#8243;][vc_single_image image=&#8221;2874&#8243; img_size=&#8221;medium&#8221; alignment=&#8221;center&#8221; css=&#8221;&#8221;][vc_empty_space height=&#8221;20px&#8221;][vc_empty_space][\/vc_column][vc_column width=&#8221;1\/3&#8243;][vc_single_image image=&#8221;3218&#8243; img_size=&#8221;medium&#8221; alignment=&#8221;center&#8221; css=&#8221;&#8221;][vc_empty_space height=&#8221;20px&#8221;][vc_empty_space][\/vc_column][\/vc_row][vc_row][vc_column][vc_empty_space height=&#8221;100px&#8221;][vc_column_text css=&#8221;&#8221;]<\/p>\n<h5 style=\"text-align: center;\"><strong>NH\u00c0 T\u00c0I TR\u1ee2 \u0110\u1ed2NG<\/strong><\/h5>\n<p>[\/vc_column_text][vc_empty_space][\/vc_column][\/vc_row][vc_row row_content_width=&#8221;grid&#8221;][vc_column width=&#8221;1\/4&#8243;][vc_single_image image=&#8221;2875&#8243; img_size=&#8221;medium&#8221; alignment=&#8221;center&#8221; css=&#8221;&#8221;][vc_empty_space height=&#8221;20px&#8221;][vc_empty_space][\/vc_column][vc_column width=&#8221;1\/4&#8243;][vc_single_image image=&#8221;2876&#8243; img_size=&#8221;medium&#8221; alignment=&#8221;center&#8221; css=&#8221;&#8221;][vc_empty_space height=&#8221;20px&#8221;][vc_empty_space][\/vc_column][vc_column width=&#8221;1\/4&#8243;][vc_single_image image=&#8221;2877&#8243; img_size=&#8221;medium&#8221; alignment=&#8221;center&#8221; css=&#8221;&#8221;][vc_empty_space height=&#8221;20px&#8221;][vc_empty_space][\/vc_column][vc_column width=&#8221;1\/4&#8243;][vc_single_image image=&#8221;3220&#8243; img_size=&#8221;medium&#8221; alignment=&#8221;center&#8221; css=&#8221;&#8221;][vc_empty_space height=&#8221;20px&#8221;][vc_empty_space][\/vc_column][\/vc_row][vc_row][vc_column][vc_empty_space height=&#8221;100px&#8221;][vc_column_text css=&#8221;&#8221;]<\/p>\n<h5 style=\"text-align: center;\"><span style=\"color: #008000;\"><strong>\u0110\u1ed0I T\u00c1C TRUY\u1ec0N TH\u00d4NG<\/strong><\/span><\/h5>\n<p>[\/vc_column_text][vc_empty_space][\/vc_column][\/vc_row][vc_row row_content_width=&#8221;grid&#8221;][vc_column width=&#8221;1\/3&#8243;][vc_single_image image=&#8221;2878&#8243; alignment=&#8221;center&#8221; css=&#8221;&#8221;][vc_empty_space height=&#8221;20px&#8221;][vc_empty_space][\/vc_column][vc_column width=&#8221;1\/3&#8243;][vc_single_image image=&#8221;2879&#8243; alignment=&#8221;center&#8221; css=&#8221;&#8221;][vc_empty_space height=&#8221;20px&#8221;][vc_empty_space][\/vc_column][vc_column width=&#8221;1\/3&#8243;][vc_single_image image=&#8221;2880&#8243; alignment=&#8221;center&#8221; css=&#8221;&#8221;][vc_empty_space height=&#8221;20px&#8221;][vc_empty_space][\/vc_column][\/vc_row][vc_row][vc_column][vc_empty_space height=&#8221;100px&#8221;][vc_column_text css=&#8221;&#8221;]<\/p>\n<h5 style=\"text-align: center;\"><span style=\"color: #0000ff;\"><strong>\u0110\u1ed0I T\u00c1C \u0110\u1ed2NG H\u00c0NH<\/strong><\/span><\/h5>\n<p>[\/vc_column_text][vc_empty_space][\/vc_column][\/vc_row][vc_row content_placement=&#8221;middle&#8221; row_content_width=&#8221;grid&#8221;][vc_column width=&#8221;1\/6&#8243;][vc_single_image image=&#8221;2881&#8243; alignment=&#8221;center&#8221; css=&#8221;&#8221;][vc_empty_space height=&#8221;20px&#8221;][vc_empty_space][\/vc_column][vc_column width=&#8221;1\/6&#8243;][vc_single_image image=&#8221;3089&#8243; alignment=&#8221;center&#8221; css=&#8221;&#8221;][vc_empty_space height=&#8221;20px&#8221;][vc_empty_space][\/vc_column][vc_column width=&#8221;1\/6&#8243;][vc_single_image image=&#8221;3173&#8243; alignment=&#8221;center&#8221; css=&#8221;&#8221;][vc_empty_space height=&#8221;20px&#8221;][vc_empty_space][\/vc_column][vc_column width=&#8221;1\/6&#8243;][vc_single_image image=&#8221;3212&#8243; alignment=&#8221;center&#8221; css=&#8221;&#8221;][vc_empty_space height=&#8221;20px&#8221;][vc_empty_space][\/vc_column][vc_column width=&#8221;1\/6&#8243;][vc_single_image image=&#8221;3213&#8243; alignment=&#8221;center&#8221; css=&#8221;&#8221;][vc_empty_space height=&#8221;20px&#8221;][vc_empty_space][\/vc_column][vc_column width=&#8221;1\/6&#8243;][vc_single_image image=&#8221;3214&#8243; alignment=&#8221;center&#8221; css=&#8221;&#8221;][vc_empty_space height=&#8221;20px&#8221;][vc_empty_space][\/vc_column][\/vc_row][vc_row content_placement=&#8221;middle&#8221; disable_element=&#8221;yes&#8221; row_content_width=&#8221;grid&#8221;][vc_column width=&#8221;1\/6&#8243;][vc_single_image alignment=&#8221;center&#8221; css=&#8221;&#8221;][vc_empty_space height=&#8221;20px&#8221;][vc_column_text css=&#8221;&#8221;]<\/p>\n<pre style=\"text-align: center;\">NA<\/pre>\n<p>[\/vc_column_text][vc_empty_space][\/vc_column][vc_column width=&#8221;1\/6&#8243;][vc_single_image alignment=&#8221;center&#8221; css=&#8221;&#8221;][vc_empty_space height=&#8221;20px&#8221;][vc_column_text css=&#8221;&#8221;]<\/p>\n<pre style=\"text-align: center;\">NA<\/pre>\n<p>[\/vc_column_text][vc_empty_space][\/vc_column][vc_column width=&#8221;1\/6&#8243;][vc_single_image alignment=&#8221;center&#8221; css=&#8221;&#8221;][vc_empty_space height=&#8221;20px&#8221;][vc_column_text css=&#8221;&#8221;]<\/p>\n<pre style=\"text-align: center;\">NA<\/pre>\n<p>[\/vc_column_text][vc_empty_space][\/vc_column][vc_column width=&#8221;1\/6&#8243;][vc_single_image alignment=&#8221;center&#8221; css=&#8221;&#8221;][vc_empty_space height=&#8221;20px&#8221;][vc_column_text css=&#8221;&#8221;]<\/p>\n<pre style=\"text-align: center;\">NA<\/pre>\n<p>[\/vc_column_text][vc_empty_space][\/vc_column][vc_column width=&#8221;1\/6&#8243;][vc_single_image alignment=&#8221;center&#8221; css=&#8221;&#8221;][vc_empty_space height=&#8221;20px&#8221;][vc_column_text css=&#8221;&#8221;]<\/p>\n<pre style=\"text-align: center;\">NA<\/pre>\n<p>[\/vc_column_text][vc_empty_space][\/vc_column][vc_column width=&#8221;1\/6&#8243;][vc_single_image alignment=&#8221;center&#8221; css=&#8221;&#8221;][vc_empty_space height=&#8221;20px&#8221;][vc_column_text css=&#8221;&#8221;]<\/p>\n<pre style=\"text-align: center;\">NA<\/pre>\n<p>[\/vc_column_text][vc_empty_space][\/vc_column][\/vc_row][vc_row content_placement=&#8221;middle&#8221; disable_element=&#8221;yes&#8221; row_content_width=&#8221;grid&#8221;][vc_column width=&#8221;1\/6&#8243;][vc_single_image alignment=&#8221;center&#8221; css=&#8221;&#8221;][vc_empty_space height=&#8221;20px&#8221;][vc_column_text css=&#8221;&#8221;]<\/p>\n<pre style=\"text-align: center;\">NA<\/pre>\n<p>[\/vc_column_text][vc_empty_space][\/vc_column][vc_column width=&#8221;1\/6&#8243;][vc_single_image alignment=&#8221;center&#8221; css=&#8221;&#8221;][vc_empty_space height=&#8221;20px&#8221;][vc_column_text css=&#8221;&#8221;]<\/p>\n<pre style=\"text-align: center;\">NA<\/pre>\n<p>[\/vc_column_text][vc_empty_space][\/vc_column][vc_column width=&#8221;1\/6&#8243;][vc_single_image alignment=&#8221;center&#8221; css=&#8221;&#8221;][vc_empty_space height=&#8221;20px&#8221;][vc_column_text css=&#8221;&#8221;]<\/p>\n<pre style=\"text-align: center;\">NA<\/pre>\n<p>[\/vc_column_text][vc_empty_space][\/vc_column][vc_column width=&#8221;1\/6&#8243;][vc_single_image alignment=&#8221;center&#8221; css=&#8221;&#8221;][vc_empty_space height=&#8221;20px&#8221;][vc_column_text css=&#8221;&#8221;]<\/p>\n<pre style=\"text-align: center;\">NA<\/pre>\n<p>[\/vc_column_text][vc_empty_space][\/vc_column][vc_column width=&#8221;1\/6&#8243;][vc_single_image alignment=&#8221;center&#8221; css=&#8221;&#8221;][vc_empty_space height=&#8221;20px&#8221;][vc_column_text css=&#8221;&#8221;]<\/p>\n<pre style=\"text-align: center;\">NA<\/pre>\n<p>[\/vc_column_text][vc_empty_space][\/vc_column][vc_column width=&#8221;1\/6&#8243;][vc_single_image alignment=&#8221;center&#8221; css=&#8221;&#8221;][vc_empty_space height=&#8221;20px&#8221;][vc_column_text css=&#8221;&#8221;]<\/p>\n<pre style=\"text-align: center;\">NA<\/pre>\n<p>[\/vc_column_text][vc_empty_space][\/vc_column][\/vc_row]<\/p>\n<\/div>","protected":false},"excerpt":{"rendered":"<p>[vc_row row_content_width=&#8221;grid&#8221; css=&#8221;.vc_custom_1743465649049{margin-bottom: 30px !important;}&#8221;][vc_column][vc_empty_space][vc_empty_space height=&#8221;64px&#8221;][\/vc_column][\/vc_row][vc_row][vc_column][vc_empty_space][\/vc_column][\/vc_row][vc_row][vc_column][vc_column_text css=&#8221;&#8221;] NH\u00c0 T\u00c0I TR\u1ee2 V\u00c0NG [\/vc_column_text][vc_empty_space][\/vc_column][\/vc_row][vc_row row_content_width=&#8221;grid&#8221;][vc_column width=&#8221;1\/3&#8243;][vc_single_image image=&#8221;3265&#8243; img_size=&#8221;medium&#8221; alignment=&#8221;center&#8221; css=&#8221;&#8221;][vc_empty_space height=&#8221;20px&#8221;][vc_empty_space][\/vc_column][vc_column width=&#8221;1\/3&#8243;][vc_single_image image=&#8221;2874&#8243; img_size=&#8221;medium&#8221; alignment=&#8221;center&#8221; css=&#8221;&#8221;][vc_empty_space height=&#8221;20px&#8221;][vc_empty_space][\/vc_column][vc_column width=&#8221;1\/3&#8243;][vc_single_image image=&#8221;3218&#8243; img_size=&#8221;medium&#8221; alignment=&#8221;center&#8221; css=&#8221;&#8221;][vc_empty_space height=&#8221;20px&#8221;][vc_empty_space][\/vc_column][\/vc_row][vc_row][vc_column][vc_empty_space height=&#8221;100px&#8221;][vc_column_text css=&#8221;&#8221;] NH\u00c0 T\u00c0I TR\u1ee2 \u0110\u1ed2NG [\/vc_column_text][vc_empty_space][\/vc_column][\/vc_row][vc_row row_content_width=&#8221;grid&#8221;][vc_column width=&#8221;1\/4&#8243;][vc_single_image [&hellip;]<\/p>\n","protected":false},"author":1,"featured_media":3002,"parent":0,"menu_order":0,"comment_status":"closed","ping_status":"closed","template":"","meta":{"footnotes":""},"class_list":["post-2782","page","type-page","status-publish","has-post-thumbnail","hentry"],"yoast_head":"<!-- This site is optimized with the Yoast SEO plugin v24.8.1 - https:\/\/yoast.com\/wordpress\/plugins\/seo\/ -->\n<title>T\u00e0i tr\u1ee3 v\u00e0 \u0110\u1ed1i t\u00e1c - Vi\u1ec7t Nam EXPO<\/title>\n<meta name=\"robots\" content=\"index, follow, max-snippet:-1, max-image-preview:large, max-video-preview:-1\" \/>\n<link rel=\"canonical\" href=\"https:\/\/vietnamexpo2025osaka.com\/vi\/tai-tro-va-doi-tac\/\" \/>\n<meta property=\"og:locale\" content=\"en_US\" \/>\n<meta property=\"og:type\" content=\"article\" \/>\n<meta property=\"og:title\" content=\"T\u00e0i tr\u1ee3 v\u00e0 \u0110\u1ed1i t\u00e1c - Vi\u1ec7t Nam EXPO\" \/>\n<meta property=\"og:description\" content=\"[vc_row row_content_width=&#8221;grid&#8221; css=&#8221;.vc_custom_1743465649049{margin-bottom: 30px !important;}&#8221;][vc_column][vc_empty_space][vc_empty_space height=&#8221;64px&#8221;][\/vc_column][\/vc_row][vc_row][vc_column][vc_empty_space][\/vc_column][\/vc_row][vc_row][vc_column][vc_column_text css=&#8221;&#8221;] NH\u00c0 T\u00c0I TR\u1ee2 V\u00c0NG [\/vc_column_text][vc_empty_space][\/vc_column][\/vc_row][vc_row row_content_width=&#8221;grid&#8221;][vc_column width=&#8221;1\/3&#8243;][vc_single_image image=&#8221;3265&#8243; img_size=&#8221;medium&#8221; alignment=&#8221;center&#8221; css=&#8221;&#8221;][vc_empty_space height=&#8221;20px&#8221;][vc_empty_space][\/vc_column][vc_column width=&#8221;1\/3&#8243;][vc_single_image image=&#8221;2874&#8243; img_size=&#8221;medium&#8221; alignment=&#8221;center&#8221; css=&#8221;&#8221;][vc_empty_space height=&#8221;20px&#8221;][vc_empty_space][\/vc_column][vc_column width=&#8221;1\/3&#8243;][vc_single_image image=&#8221;3218&#8243; img_size=&#8221;medium&#8221; alignment=&#8221;center&#8221; css=&#8221;&#8221;][vc_empty_space height=&#8221;20px&#8221;][vc_empty_space][\/vc_column][\/vc_row][vc_row][vc_column][vc_empty_space height=&#8221;100px&#8221;][vc_column_text css=&#8221;&#8221;] NH\u00c0 T\u00c0I TR\u1ee2 \u0110\u1ed2NG [\/vc_column_text][vc_empty_space][\/vc_column][\/vc_row][vc_row row_content_width=&#8221;grid&#8221;][vc_column width=&#8221;1\/4&#8243;][vc_single_image [&hellip;]\" \/>\n<meta property=\"og:url\" content=\"https:\/\/vietnamexpo2025osaka.com\/vi\/tai-tro-va-doi-tac\/\" \/>\n<meta property=\"og:site_name\" content=\"Vi\u1ec7t Nam EXPO\" \/>\n<meta property=\"article:publisher\" content=\"https:\/\/www.facebook.com\/vietnamexpo2020dubai\/\" \/>\n<meta property=\"article:modified_time\" content=\"2025-04-17T22:32:48+00:00\" \/>\n<meta property=\"og:image\" content=\"https:\/\/vietnamexpo2025osaka.com\/vi\/wp-content\/uploads\/2019\/09\/logo-02-3.png\" \/>\n\t<meta property=\"og:image:width\" content=\"6602\" \/>\n\t<meta property=\"og:image:height\" content=\"6251\" \/>\n\t<meta property=\"og:image:type\" content=\"image\/png\" \/>\n<meta name=\"twitter:card\" content=\"summary_large_image\" \/>\n<meta name=\"twitter:label1\" content=\"Est. reading time\" \/>\n\t<meta name=\"twitter:data1\" content=\"5 minutes\" \/>\n<!-- \/ Yoast SEO plugin. -->","yoast_head_json":{"title":"T\u00e0i tr\u1ee3 v\u00e0 \u0110\u1ed1i t\u00e1c - Vi\u1ec7t Nam EXPO","robots":{"index":"index","follow":"follow","max-snippet":"max-snippet:-1","max-image-preview":"max-image-preview:large","max-video-preview":"max-video-preview:-1"},"canonical":"https:\/\/vietnamexpo2025osaka.com\/vi\/tai-tro-va-doi-tac\/","og_locale":"en_US","og_type":"article","og_title":"T\u00e0i tr\u1ee3 v\u00e0 \u0110\u1ed1i t\u00e1c - Vi\u1ec7t Nam EXPO","og_description":"[vc_row row_content_width=&#8221;grid&#8221; css=&#8221;.vc_custom_1743465649049{margin-bottom: 30px !important;}&#8221;][vc_column][vc_empty_space][vc_empty_space height=&#8221;64px&#8221;][\/vc_column][\/vc_row][vc_row][vc_column][vc_empty_space][\/vc_column][\/vc_row][vc_row][vc_column][vc_column_text css=&#8221;&#8221;] NH\u00c0 T\u00c0I TR\u1ee2 V\u00c0NG [\/vc_column_text][vc_empty_space][\/vc_column][\/vc_row][vc_row row_content_width=&#8221;grid&#8221;][vc_column width=&#8221;1\/3&#8243;][vc_single_image image=&#8221;3265&#8243; img_size=&#8221;medium&#8221; alignment=&#8221;center&#8221; css=&#8221;&#8221;][vc_empty_space height=&#8221;20px&#8221;][vc_empty_space][\/vc_column][vc_column width=&#8221;1\/3&#8243;][vc_single_image image=&#8221;2874&#8243; img_size=&#8221;medium&#8221; alignment=&#8221;center&#8221; css=&#8221;&#8221;][vc_empty_space height=&#8221;20px&#8221;][vc_empty_space][\/vc_column][vc_column width=&#8221;1\/3&#8243;][vc_single_image image=&#8221;3218&#8243; img_size=&#8221;medium&#8221; alignment=&#8221;center&#8221; css=&#8221;&#8221;][vc_empty_space height=&#8221;20px&#8221;][vc_empty_space][\/vc_column][\/vc_row][vc_row][vc_column][vc_empty_space height=&#8221;100px&#8221;][vc_column_text css=&#8221;&#8221;] NH\u00c0 T\u00c0I TR\u1ee2 \u0110\u1ed2NG [\/vc_column_text][vc_empty_space][\/vc_column][\/vc_row][vc_row row_content_width=&#8221;grid&#8221;][vc_column width=&#8221;1\/4&#8243;][vc_single_image [&hellip;]","og_url":"https:\/\/vietnamexpo2025osaka.com\/vi\/tai-tro-va-doi-tac\/","og_site_name":"Vi\u1ec7t Nam EXPO","article_publisher":"https:\/\/www.facebook.com\/vietnamexpo2020dubai\/","article_modified_time":"2025-04-17T22:32:48+00:00","og_image":[{"width":6602,"height":6251,"url":"https:\/\/vietnamexpo2025osaka.com\/vi\/wp-content\/uploads\/2019\/09\/logo-02-3.png","type":"image\/png"}],"twitter_card":"summary_large_image","twitter_misc":{"Est. reading time":"5 minutes"},"schema":{"@context":"https:\/\/schema.org","@graph":[{"@type":"WebPage","@id":"https:\/\/vietnamexpo2025osaka.com\/vi\/tai-tro-va-doi-tac\/","url":"https:\/\/vietnamexpo2025osaka.com\/vi\/tai-tro-va-doi-tac\/","name":"T\u00e0i tr\u1ee3 v\u00e0 \u0110\u1ed1i t\u00e1c - Vi\u1ec7t Nam EXPO","isPartOf":{"@id":"https:\/\/vietnamexpo2025osaka.com\/vi\/#website"},"primaryImageOfPage":{"@id":"https:\/\/vietnamexpo2025osaka.com\/vi\/tai-tro-va-doi-tac\/#primaryimage"},"image":{"@id":"https:\/\/vietnamexpo2025osaka.com\/vi\/tai-tro-va-doi-tac\/#primaryimage"},"thumbnailUrl":"https:\/\/vietnamexpo2025osaka.com\/vi\/wp-content\/uploads\/2019\/09\/logo-02-3.png","datePublished":"2025-04-03T03:26:38+00:00","dateModified":"2025-04-17T22:32:48+00:00","breadcrumb":{"@id":"https:\/\/vietnamexpo2025osaka.com\/vi\/tai-tro-va-doi-tac\/#breadcrumb"},"inLanguage":"en-US","potentialAction":[{"@type":"ReadAction","target":["https:\/\/vietnamexpo2025osaka.com\/vi\/tai-tro-va-doi-tac\/"]}]},{"@type":"ImageObject","inLanguage":"en-US","@id":"https:\/\/vietnamexpo2025osaka.com\/vi\/tai-tro-va-doi-tac\/#primaryimage","url":"https:\/\/vietnamexpo2025osaka.com\/vi\/wp-content\/uploads\/2019\/09\/logo-02-3.png","contentUrl":"https:\/\/vietnamexpo2025osaka.com\/vi\/wp-content\/uploads\/2019\/09\/logo-02-3.png","width":6602,"height":6251},{"@type":"BreadcrumbList","@id":"https:\/\/vietnamexpo2025osaka.com\/vi\/tai-tro-va-doi-tac\/#breadcrumb","itemListElement":[{"@type":"ListItem","position":1,"name":"Home","item":"https:\/\/vietnamexpo2025osaka.com\/vi\/"},{"@type":"ListItem","position":2,"name":"T\u00e0i tr\u1ee3 v\u00e0 \u0110\u1ed1i t\u00e1c"}]},{"@type":"WebSite","@id":"https:\/\/vietnamexpo2025osaka.com\/vi\/#website","url":"https:\/\/vietnamexpo2025osaka.com\/vi\/","name":"Vi\u1ec7t Nam EXPO","description":"EXPO 2025","publisher":{"@id":"https:\/\/vietnamexpo2025osaka.com\/vi\/#organization"},"potentialAction":[{"@type":"SearchAction","target":{"@type":"EntryPoint","urlTemplate":"https:\/\/vietnamexpo2025osaka.com\/vi\/?s={search_term_string}"},"query-input":{"@type":"PropertyValueSpecification","valueRequired":true,"valueName":"search_term_string"}}],"inLanguage":"en-US"},{"@type":"Organization","@id":"https:\/\/vietnamexpo2025osaka.com\/vi\/#organization","name":"Vi\u1ec7t Nam EXPO","url":"https:\/\/vietnamexpo2025osaka.com\/vi\/","logo":{"@type":"ImageObject","inLanguage":"en-US","@id":"https:\/\/vietnamexpo2025osaka.com\/vi\/#\/schema\/logo\/image\/","url":"https:\/\/vietnamexpo2025osaka.com\/vi\/wp-content\/uploads\/2019\/09\/logo-02-4.png","contentUrl":"https:\/\/vietnamexpo2025osaka.com\/vi\/wp-content\/uploads\/2019\/09\/logo-02-4.png","width":6602,"height":6251,"caption":"Vi\u1ec7t Nam EXPO"},"image":{"@id":"https:\/\/vietnamexpo2025osaka.com\/vi\/#\/schema\/logo\/image\/"},"sameAs":["https:\/\/www.facebook.com\/vietnamexpo2020dubai\/","https:\/\/www.tiktok.com\/@vietnamexpo2025"]}]}},"_links":{"self":[{"href":"https:\/\/vietnamexpo2025osaka.com\/vi\/wp-json\/wp\/v2\/pages\/2782","targetHints":{"allow":["GET"]}}],"collection":[{"href":"https:\/\/vietnamexpo2025osaka.com\/vi\/wp-json\/wp\/v2\/pages"}],"about":[{"href":"https:\/\/vietnamexpo2025osaka.com\/vi\/wp-json\/wp\/v2\/types\/page"}],"author":[{"embeddable":true,"href":"https:\/\/vietnamexpo2025osaka.com\/vi\/wp-json\/wp\/v2\/users\/1"}],"replies":[{"embeddable":true,"href":"https:\/\/vietnamexpo2025osaka.com\/vi\/wp-json\/wp\/v2\/comments?post=2782"}],"version-history":[{"count":24,"href":"https:\/\/vietnamexpo2025osaka.com\/vi\/wp-json\/wp\/v2\/pages\/2782\/revisions"}],"predecessor-version":[{"id":3267,"href":"https:\/\/vietnamexpo2025osaka.com\/vi\/wp-json\/wp\/v2\/pages\/2782\/revisions\/3267"}],"wp:featuredmedia":[{"embeddable":true,"href":"https:\/\/vietnamexpo2025osaka.com\/vi\/wp-json\/wp\/v2\/media\/3002"}],"wp:attachment":[{"href":"https:\/\/vietnamexpo2025osaka.com\/vi\/wp-json\/wp\/v2\/media?parent=2782"}],"curies":[{"name":"wp","href":"https:\/\/api.w.org\/{rel}","templated":true}]}}