{"id":2780,"date":"2025-04-03T03:25:53","date_gmt":"2025-04-03T03:25:53","guid":{"rendered":"https:\/\/vietnamexpo2025osaka.com\/vi\/?page_id=2780"},"modified":"2025-04-25T03:17:19","modified_gmt":"2025-04-25T03:17:19","slug":"thong-cao-bao-chi","status":"publish","type":"page","link":"https:\/\/vietnamexpo2025osaka.com\/vi\/thong-cao-bao-chi\/","title":{"rendered":"Th\u00f4ng c\u00e1o b\u00e1o ch\u00ed"},"content":{"rendered":"<div class=\"wpb-content-wrapper\"><p>[vc_row row_content_width=&#8221;grid&#8221;][vc_column]<div class=\"eltdf-section-title-holder   eltdf-st-decorative-line\" style=\"text-align: center\">\n\t<div class=\"eltdf-st-inner\">\n        \t\t\t\t\t<h3 class=\"eltdf-st-title\" style=\"color: #BF1D34\">\n    <span class=\"eltdf-st-title-inner\"><span class=\"eltdf-st-side-line-left\" ><\/span>Th\u00f4ng c\u00e1o b\u00e1o ch\u00ed<span class=\"eltdf-st-side-line-right\" ><\/span><\/span>\n\t\t\t<\/h3>\n\t\t\t\t\t\t\t<\/div>\n<\/div><div class=\"eltdf-elements-holder   eltdf-one-column  eltdf-responsive-mode-768 \" ><div class=\"eltdf-eh-item    \"  data-item-class=\"eltdf-eh-custom-5701\">\n\t<div class=\"eltdf-eh-item-inner\">\n\t\t<div class=\"eltdf-eh-item-content eltdf-eh-custom-5701\" >\n\t\t\t[vc_empty_space height=&#8221;64px&#8221;]<div class=\"eltdf-blog-list-holder eltdf-grid-list eltdf-bl-standard eltdf-two-columns eltdf-disable-bottom-space eltdf-huge-space eltdf-bl-pag-no-pagination\"  data-type=standard data-number-of-posts=-1 data-number-of-columns=two data-space-between-items=huge data-category=thong-cao-bao-chi data-orderby=date data-order=ASC data-image-size=large data-title-tag=h6 data-title-transform=none data-excerpt-length=18 data-post-info-section=yes data-post-info-image=yes data-post-info-author=no data-post-info-date=no data-post-info-category=yes data-post-info-comments=no data-post-info-like=no data-post-info-share=no data-pagination-type=no-pagination data-max-num-pages=0 data-next-page=2>\n\t<div class=\"eltdf-bl-wrapper eltdf-outer-space\">\n\t\t<ul class=\"eltdf-blog-list\">\n\t\t\t<li class=\"eltdf-bl-item eltdf-item-space\">\n\t<div class=\"eltdf-bli-inner\">\n\t\t\n\t<div class=\"eltdf-post-image\">\n\t\t\t\t\t<a itemprop=\"url\" href=\"https:\/\/vietnamexpo2025osaka.com\/vi\/ve-viec-myaku-myaku-linh-vat-trien-lam-the-gioi-expo-2025-osaka-kansai-nhat-ban-den-viet-nam-va-cong-bo-logo-chinh-thuc-cua-nha-trien-lam-viet-nam\/\" title=\"V\u1ec0 VI\u1ec6C MYAKU-MYAKU, LINH V\u1eacT TRI\u1ec2N L\u00c3M TH\u1ebe GI\u1edaI EXPO 2025 OSAKA, KANSAI, NH\u1eacT B\u1ea2N \u0110\u1ebeN VI\u1ec6T NAM V\u00c0 C\u00d4NG B\u1ed0 LOGO CH\u00cdNH TH\u1ee8C C\u1ee6A NH\u00c0 TRI\u1ec2N L\u00c3M VI\u1ec6T NAM\">\n\t\t\t\t\t<img loading=\"lazy\" decoding=\"async\" width=\"1024\" height=\"661\" src=\"https:\/\/vietnamexpo2025osaka.com\/vi\/wp-content\/uploads\/2025\/04\/Frame-21-1-1.png\" class=\"attachment-large size-large wp-post-image\" alt=\"\" \/>\t\t\t\t\t<\/a>\n\t\t\t\t\t<\/div>\n        <div class=\"eltdf-bli-content\">\n                            <div class=\"eltdf-bli-info\" >\n\t                <div class=\"eltdf-post-info-category\">\n    <a href=\"https:\/\/vietnamexpo2025osaka.com\/vi\/category\/thong-cao-bao-chi\/\" rel=\"category tag\">Th\u00f4ng c\u00e1o b\u00e1o ch\u00ed<\/a><\/div>                <\/div>\n            \t        <div class=\"eltdf-bli-title\" >\n\t            \n<h6 itemprop=\"name\" class=\"entry-title eltdf-post-title\" style=\"text-transform: none\">\n            <a itemprop=\"url\" href=\"https:\/\/vietnamexpo2025osaka.com\/vi\/ve-viec-myaku-myaku-linh-vat-trien-lam-the-gioi-expo-2025-osaka-kansai-nhat-ban-den-viet-nam-va-cong-bo-logo-chinh-thuc-cua-nha-trien-lam-viet-nam\/\" title=\"V\u1ec0 VI\u1ec6C MYAKU-MYAKU, LINH V\u1eacT TRI\u1ec2N L\u00c3M TH\u1ebe GI\u1edaI EXPO 2025 OSAKA, KANSAI, NH\u1eacT B\u1ea2N \u0110\u1ebeN VI\u1ec6T NAM V\u00c0 C\u00d4NG B\u1ed0 LOGO CH\u00cdNH TH\u1ee8C C\u1ee6A NH\u00c0 TRI\u1ec2N L\u00c3M VI\u1ec6T NAM\">\n            V\u1ec0 VI\u1ec6C MYAKU-MYAKU, LINH V\u1eacT TRI\u1ec2N L\u00c3M TH\u1ebe GI\u1edaI EXPO 2025 OSAKA, KANSAI, NH\u1eacT B\u1ea2N \u0110\u1ebeN VI\u1ec6T NAM V\u00c0 C\u00d4NG B\u1ed0 LOGO CH\u00cdNH TH\u1ee8C C\u1ee6A NH\u00c0 TRI\u1ec2N L\u00c3M VI\u1ec6T NAM            <\/a>\n    <\/h6>            <\/div>\n\t        <div class=\"eltdf-bli-excerpt\">\n\t\t        \t\t<div class=\"eltdf-post-excerpt-holder\">\n\t\t\t<p itemprop=\"description\" class=\"eltdf-post-excerpt\">\n\t\t\t\t\r\n\r\nLinh v\u1eadt EXPO 2025 chu du ph\u1ed1 ph\u01b0\u1eddng H\u00e0 N\u1ed9i\r\n\r\n\r\n\r\nLogo Nh\u00e0 Tri\u1ec3n l\u00e3m Vi\u1ec7t Nam t\u1ea1i EXPO 2025:\t\t\t<\/p>\n\t\t<\/div>\n\t\t\t        \t<div class=\"eltdf-post-read-more-button\">\n\t\t<a itemprop=\"url\" href=\"https:\/\/vietnamexpo2025osaka.com\/vi\/ve-viec-myaku-myaku-linh-vat-trien-lam-the-gioi-expo-2025-osaka-kansai-nhat-ban-den-viet-nam-va-cong-bo-logo-chinh-thuc-cua-nha-trien-lam-viet-nam\/\" target=\"_self\"  class=\"eltdf-btn eltdf-btn-medium eltdf-btn-simple eltdf-blog-list-button\"  >    <span class=\"eltdf-btn-text\">Xem th\u00eam<\/span>    <\/a>\t<\/div>\n\t        <\/div>\n        <\/div>\n\t<\/div>\n<\/li><li class=\"eltdf-bl-item eltdf-item-space\">\n\t<div class=\"eltdf-bli-inner\">\n\t\t\n\t<div class=\"eltdf-post-image\">\n\t\t\t\t\t<a itemprop=\"url\" href=\"https:\/\/vietnamexpo2025osaka.com\/vi\/logo-nha-trien-lam-viet-nam\/\" title=\"Logo Nh\u00e0 Tri\u1ec3n l\u00e3m Vi\u1ec7t Nam\">\n\t\t\t\t\t<img loading=\"lazy\" decoding=\"async\" width=\"1024\" height=\"661\" src=\"https:\/\/vietnamexpo2025osaka.com\/vi\/wp-content\/uploads\/2025\/04\/Frame-27-1.png\" class=\"attachment-large size-large wp-post-image\" alt=\"\" \/>\t\t\t\t\t<\/a>\n\t\t\t\t\t<\/div>\n        <div class=\"eltdf-bli-content\">\n                            <div class=\"eltdf-bli-info\" >\n\t                <div class=\"eltdf-post-info-category\">\n    <a href=\"https:\/\/vietnamexpo2025osaka.com\/vi\/category\/thong-cao-bao-chi\/\" rel=\"category tag\">Th\u00f4ng c\u00e1o b\u00e1o ch\u00ed<\/a><\/div>                <\/div>\n            \t        <div class=\"eltdf-bli-title\" >\n\t            \n<h6 itemprop=\"name\" class=\"entry-title eltdf-post-title\" style=\"text-transform: none\">\n            <a itemprop=\"url\" href=\"https:\/\/vietnamexpo2025osaka.com\/vi\/logo-nha-trien-lam-viet-nam\/\" title=\"Logo Nh\u00e0 Tri\u1ec3n l\u00e3m Vi\u1ec7t Nam\">\n            Logo Nh\u00e0 Tri\u1ec3n l\u00e3m Vi\u1ec7t Nam            <\/a>\n    <\/h6>            <\/div>\n\t        <div class=\"eltdf-bli-excerpt\">\n\t\t        \t\t<div class=\"eltdf-post-excerpt-holder\">\n\t\t\t<p itemprop=\"description\" class=\"eltdf-post-excerpt\">\n\t\t\t\tLogo Nh\u00e0 Tri\u1ec3n l\u00e3m Vi\u1ec7t Nam do C\u1ee5c H\u1ee3p t\u00e1c qu\u1ed1c t\u1ebf, \u0111\u01a1n v\u1ecb \u0111\u01b0\u1ee3c B\u1ed9 V\u0103n h\u00f3a,\t\t\t<\/p>\n\t\t<\/div>\n\t\t\t        \t<div class=\"eltdf-post-read-more-button\">\n\t\t<a itemprop=\"url\" href=\"https:\/\/vietnamexpo2025osaka.com\/vi\/logo-nha-trien-lam-viet-nam\/\" target=\"_self\"  class=\"eltdf-btn eltdf-btn-medium eltdf-btn-simple eltdf-blog-list-button\"  >    <span class=\"eltdf-btn-text\">Xem th\u00eam<\/span>    <\/a>\t<\/div>\n\t        <\/div>\n        <\/div>\n\t<\/div>\n<\/li><li class=\"eltdf-bl-item eltdf-item-space\">\n\t<div class=\"eltdf-bli-inner\">\n\t\t\n\t<div class=\"eltdf-post-image\">\n\t\t\t\t\t<a itemprop=\"url\" href=\"https:\/\/vietnamexpo2025osaka.com\/vi\/mot-so-thong-tin-ve-trien-lam-the-gioi-expo-2025-osaka-kansai-nhat-ban\/\" title=\"M\u1ed9t s\u1ed1 th\u00f4ng tin v\u1ec1 Tri\u1ec3n l\u00e3m th\u1ebf gi\u1edbi EXPO 2025 Osaka, Kansai, Nh\u1eadt B\u1ea3n\">\n\t\t\t\t\t<img loading=\"lazy\" decoding=\"async\" width=\"1024\" height=\"661\" src=\"https:\/\/vietnamexpo2025osaka.com\/vi\/wp-content\/uploads\/2025\/04\/Frame-28.png\" class=\"attachment-large size-large wp-post-image\" alt=\"\" \/>\t\t\t\t\t<\/a>\n\t\t\t\t\t<\/div>\n        <div class=\"eltdf-bli-content\">\n                            <div class=\"eltdf-bli-info\" >\n\t                <div class=\"eltdf-post-info-category\">\n    <a href=\"https:\/\/vietnamexpo2025osaka.com\/vi\/category\/thong-cao-bao-chi\/\" rel=\"category tag\">Th\u00f4ng c\u00e1o b\u00e1o ch\u00ed<\/a><\/div>                <\/div>\n            \t        <div class=\"eltdf-bli-title\" >\n\t            \n<h6 itemprop=\"name\" class=\"entry-title eltdf-post-title\" style=\"text-transform: none\">\n            <a itemprop=\"url\" href=\"https:\/\/vietnamexpo2025osaka.com\/vi\/mot-so-thong-tin-ve-trien-lam-the-gioi-expo-2025-osaka-kansai-nhat-ban\/\" title=\"M\u1ed9t s\u1ed1 th\u00f4ng tin v\u1ec1 Tri\u1ec3n l\u00e3m th\u1ebf gi\u1edbi EXPO 2025 Osaka, Kansai, Nh\u1eadt B\u1ea3n\">\n            M\u1ed9t s\u1ed1 th\u00f4ng tin v\u1ec1 Tri\u1ec3n l\u00e3m th\u1ebf gi\u1edbi EXPO 2025 Osaka, Kansai, Nh\u1eadt B\u1ea3n            <\/a>\n    <\/h6>            <\/div>\n\t        <div class=\"eltdf-bli-excerpt\">\n\t\t        \t\t<div class=\"eltdf-post-excerpt-holder\">\n\t\t\t<p itemprop=\"description\" class=\"eltdf-post-excerpt\">\n\t\t\t\tTri\u1ec3n l\u00e3m Th\u1ebf gi\u1edbi EXPO 2025 Osaka, Kansai s\u1ebd di\u1ec5n ra t\u1eeb ng\u00e0y 13\/4 \u0111\u1ebfn ng\u00e0y 13\/10\/2025 t\u1ea1i\t\t\t<\/p>\n\t\t<\/div>\n\t\t\t        \t<div class=\"eltdf-post-read-more-button\">\n\t\t<a itemprop=\"url\" href=\"https:\/\/vietnamexpo2025osaka.com\/vi\/mot-so-thong-tin-ve-trien-lam-the-gioi-expo-2025-osaka-kansai-nhat-ban\/\" target=\"_self\"  class=\"eltdf-btn eltdf-btn-medium eltdf-btn-simple eltdf-blog-list-button\"  >    <span class=\"eltdf-btn-text\">Xem th\u00eam<\/span>    <\/a>\t<\/div>\n\t        <\/div>\n        <\/div>\n\t<\/div>\n<\/li><li class=\"eltdf-bl-item eltdf-item-space\">\n\t<div class=\"eltdf-bli-inner\">\n\t\t\n\t<div class=\"eltdf-post-image\">\n\t\t\t\t\t<a itemprop=\"url\" href=\"https:\/\/vietnamexpo2025osaka.com\/vi\/thong-tin-ve-linh-vat-myaku-myaku-cua-expo-2025\/\" title=\"Th\u00f4ng tin v\u1ec1 linh v\u1eadt Myaku-Myaku c\u1ee7a EXPO 2025\">\n\t\t\t\t\t<img loading=\"lazy\" decoding=\"async\" width=\"1024\" height=\"661\" src=\"https:\/\/vietnamexpo2025osaka.com\/vi\/wp-content\/uploads\/2025\/04\/Frame-29.png\" class=\"attachment-large size-large wp-post-image\" alt=\"\" \/>\t\t\t\t\t<\/a>\n\t\t\t\t\t<\/div>\n        <div class=\"eltdf-bli-content\">\n                            <div class=\"eltdf-bli-info\" >\n\t                <div class=\"eltdf-post-info-category\">\n    <a href=\"https:\/\/vietnamexpo2025osaka.com\/vi\/category\/thong-cao-bao-chi\/\" rel=\"category tag\">Th\u00f4ng c\u00e1o b\u00e1o ch\u00ed<\/a><\/div>                <\/div>\n            \t        <div class=\"eltdf-bli-title\" >\n\t            \n<h6 itemprop=\"name\" class=\"entry-title eltdf-post-title\" style=\"text-transform: none\">\n            <a itemprop=\"url\" href=\"https:\/\/vietnamexpo2025osaka.com\/vi\/thong-tin-ve-linh-vat-myaku-myaku-cua-expo-2025\/\" title=\"Th\u00f4ng tin v\u1ec1 linh v\u1eadt Myaku-Myaku c\u1ee7a EXPO 2025\">\n            Th\u00f4ng tin v\u1ec1 linh v\u1eadt Myaku-Myaku c\u1ee7a EXPO 2025            <\/a>\n    <\/h6>            <\/div>\n\t        <div class=\"eltdf-bli-excerpt\">\n\t\t        \t\t<div class=\"eltdf-post-excerpt-holder\">\n\t\t\t<p itemprop=\"description\" class=\"eltdf-post-excerpt\">\n\t\t\t\tMyaku-Myaku l\u00e0 linh v\u1eadt c\u1ee7a Tri\u1ec3n l\u00e3m th\u1ebf gi\u1edbi EXPO 2025 Osaka, Kansai, Nh\u1eadt B\u1ea3n. L\u00e0 t\u00e1c ph\u1ea9m\t\t\t<\/p>\n\t\t<\/div>\n\t\t\t        \t<div class=\"eltdf-post-read-more-button\">\n\t\t<a itemprop=\"url\" href=\"https:\/\/vietnamexpo2025osaka.com\/vi\/thong-tin-ve-linh-vat-myaku-myaku-cua-expo-2025\/\" target=\"_self\"  class=\"eltdf-btn eltdf-btn-medium eltdf-btn-simple eltdf-blog-list-button\"  >    <span class=\"eltdf-btn-text\">Xem th\u00eam<\/span>    <\/a>\t<\/div>\n\t        <\/div>\n        <\/div>\n\t<\/div>\n<\/li><li class=\"eltdf-bl-item eltdf-item-space\">\n\t<div class=\"eltdf-bli-inner\">\n\t\t\n\t<div class=\"eltdf-post-image\">\n\t\t\t\t\t<a itemprop=\"url\" href=\"https:\/\/vietnamexpo2025osaka.com\/vi\/thong-tin-ve-linh-vat-myaku-myaku-cua-expo-2025-2\/\" title=\"Th\u00f4ng tin v\u1ec1 linh v\u1eadt Myaku-Myaku c\u1ee7a EXPO 2025\">\n\t\t\t\t\t<img loading=\"lazy\" decoding=\"async\" width=\"1024\" height=\"661\" src=\"https:\/\/vietnamexpo2025osaka.com\/vi\/wp-content\/uploads\/2025\/04\/Frame-30.png\" class=\"attachment-large size-large wp-post-image\" alt=\"\" \/>\t\t\t\t\t<\/a>\n\t\t\t\t\t<\/div>\n        <div class=\"eltdf-bli-content\">\n                            <div class=\"eltdf-bli-info\" >\n\t                <div class=\"eltdf-post-info-category\">\n    <a href=\"https:\/\/vietnamexpo2025osaka.com\/vi\/category\/thong-cao-bao-chi\/\" rel=\"category tag\">Th\u00f4ng c\u00e1o b\u00e1o ch\u00ed<\/a><\/div>                <\/div>\n            \t        <div class=\"eltdf-bli-title\" >\n\t            \n<h6 itemprop=\"name\" class=\"entry-title eltdf-post-title\" style=\"text-transform: none\">\n            <a itemprop=\"url\" href=\"https:\/\/vietnamexpo2025osaka.com\/vi\/thong-tin-ve-linh-vat-myaku-myaku-cua-expo-2025-2\/\" title=\"Th\u00f4ng tin v\u1ec1 linh v\u1eadt Myaku-Myaku c\u1ee7a EXPO 2025\">\n            Th\u00f4ng tin v\u1ec1 linh v\u1eadt Myaku-Myaku c\u1ee7a EXPO 2025            <\/a>\n    <\/h6>            <\/div>\n\t        <div class=\"eltdf-bli-excerpt\">\n\t\t        \t\t<div class=\"eltdf-post-excerpt-holder\">\n\t\t\t<p itemprop=\"description\" class=\"eltdf-post-excerpt\">\n\t\t\t\tMyaku-Myaku l\u00e0 linh v\u1eadt c\u1ee7a Tri\u1ec3n l\u00e3m th\u1ebf gi\u1edbi EXPO 2025 Osaka, Kansai, Nh\u1eadt B\u1ea3n. L\u00e0 t\u00e1c ph\u1ea9m\t\t\t<\/p>\n\t\t<\/div>\n\t\t\t        \t<div class=\"eltdf-post-read-more-button\">\n\t\t<a itemprop=\"url\" href=\"https:\/\/vietnamexpo2025osaka.com\/vi\/thong-tin-ve-linh-vat-myaku-myaku-cua-expo-2025-2\/\" target=\"_self\"  class=\"eltdf-btn eltdf-btn-medium eltdf-btn-simple eltdf-blog-list-button\"  >    <span class=\"eltdf-btn-text\">Xem th\u00eam<\/span>    <\/a>\t<\/div>\n\t        <\/div>\n        <\/div>\n\t<\/div>\n<\/li><li class=\"eltdf-bl-item eltdf-item-space\">\n\t<div class=\"eltdf-bli-inner\">\n\t\t\n\t<div class=\"eltdf-post-image\">\n\t\t\t\t\t<a itemprop=\"url\" href=\"https:\/\/vietnamexpo2025osaka.com\/vi\/cong-bo-nam-du-lich-quoc-gia-hue-2025-tai-expo-2025-osaka-kansai-nhat-ban\/\" title=\"C\u00d4NG B\u1ed0 N\u0102M DU L\u1ecaCH QU\u1ed0C GIA HU\u1ebe 2025 T\u1ea0I EXPO 2025 OSAKA, KANSAI, NH\u1eacT B\u1ea2N,  H\u01af\u1edaNG T\u1edaI K\u1ef6 NI\u1ec6M 50 N\u0102M TH\u1ed0NG NH\u1ea4T \u0110\u1ea4T N\u01af\u1edaC, 135 N\u0102M NG\u00c0Y SINH CH\u1ee6 T\u1ecaCH H\u1ed2 CH\u00cd MINH\">\n\t\t\t\t\t<img loading=\"lazy\" decoding=\"async\" width=\"1024\" height=\"661\" src=\"https:\/\/vietnamexpo2025osaka.com\/vi\/wp-content\/uploads\/2025\/04\/Frame-23.png\" class=\"attachment-large size-large wp-post-image\" alt=\"\" \/>\t\t\t\t\t<\/a>\n\t\t\t\t\t<\/div>\n        <div class=\"eltdf-bli-content\">\n                            <div class=\"eltdf-bli-info\" >\n\t                <div class=\"eltdf-post-info-category\">\n    <a href=\"https:\/\/vietnamexpo2025osaka.com\/vi\/category\/thong-cao-bao-chi\/\" rel=\"category tag\">Th\u00f4ng c\u00e1o b\u00e1o ch\u00ed<\/a><\/div>                <\/div>\n            \t        <div class=\"eltdf-bli-title\" >\n\t            \n<h6 itemprop=\"name\" class=\"entry-title eltdf-post-title\" style=\"text-transform: none\">\n            <a itemprop=\"url\" href=\"https:\/\/vietnamexpo2025osaka.com\/vi\/cong-bo-nam-du-lich-quoc-gia-hue-2025-tai-expo-2025-osaka-kansai-nhat-ban\/\" title=\"C\u00d4NG B\u1ed0 N\u0102M DU L\u1ecaCH QU\u1ed0C GIA HU\u1ebe 2025 T\u1ea0I EXPO 2025 OSAKA, KANSAI, NH\u1eacT B\u1ea2N,  H\u01af\u1edaNG T\u1edaI K\u1ef6 NI\u1ec6M 50 N\u0102M TH\u1ed0NG NH\u1ea4T \u0110\u1ea4T N\u01af\u1edaC, 135 N\u0102M NG\u00c0Y SINH CH\u1ee6 T\u1ecaCH H\u1ed2 CH\u00cd MINH\">\n            C\u00d4NG B\u1ed0 N\u0102M DU L\u1ecaCH QU\u1ed0C GIA HU\u1ebe 2025 T\u1ea0I EXPO 2025 OSAKA, KANSAI, NH\u1eacT B\u1ea2N,  H\u01af\u1edaNG T\u1edaI K\u1ef6 NI\u1ec6M 50 N\u0102M TH\u1ed0NG NH\u1ea4T \u0110\u1ea4T N\u01af\u1edaC, 135 N\u0102M NG\u00c0Y SINH CH\u1ee6 T\u1ecaCH H\u1ed2 CH\u00cd MINH            <\/a>\n    <\/h6>            <\/div>\n\t        <div class=\"eltdf-bli-excerpt\">\n\t\t        \t\t<div class=\"eltdf-post-excerpt-holder\">\n\t\t\t<p itemprop=\"description\" class=\"eltdf-post-excerpt\">\n\t\t\t\tNg\u00e0y 24\/4, t\u1ea1i Nh\u00e0 Tri\u1ec3n l\u00e3m Vi\u1ec7t Nam t\u1ea1i EXPO 2025 Osaka, Kansai, Nh\u1eadt B\u1ea3n \u0111\u00e3 di\u1ec5n ra\t\t\t<\/p>\n\t\t<\/div>\n\t\t\t        \t<div class=\"eltdf-post-read-more-button\">\n\t\t<a itemprop=\"url\" href=\"https:\/\/vietnamexpo2025osaka.com\/vi\/cong-bo-nam-du-lich-quoc-gia-hue-2025-tai-expo-2025-osaka-kansai-nhat-ban\/\" target=\"_self\"  class=\"eltdf-btn eltdf-btn-medium eltdf-btn-simple eltdf-blog-list-button\"  >    <span class=\"eltdf-btn-text\">Xem th\u00eam<\/span>    <\/a>\t<\/div>\n\t        <\/div>\n        <\/div>\n\t<\/div>\n<\/li>\t\t<\/ul>\n\t<\/div>\n\t<\/div>\t\t<\/div>\n\t<\/div>\n<\/div><\/div>[vc_empty_space][\/vc_column][\/vc_row]<\/p>\n<\/div>","protected":false},"excerpt":{"rendered":"<p>[vc_row row_content_width=&#8221;grid&#8221;][vc_column][vc_empty_space][\/vc_column][\/vc_row]<\/p>\n","protected":false},"author":1,"featured_media":3002,"parent":0,"menu_order":0,"comment_status":"closed","ping_status":"closed","template":"","meta":{"footnotes":""},"class_list":["post-2780","page","type-page","status-publish","has-post-thumbnail","hentry"],"yoast_head":"<!-- This site is optimized with the Yoast SEO plugin v24.8.1 - https:\/\/yoast.com\/wordpress\/plugins\/seo\/ -->\n<title>Th\u00f4ng c\u00e1o b\u00e1o ch\u00ed - Vi\u1ec7t Nam EXPO<\/title>\n<meta name=\"robots\" content=\"index, follow, max-snippet:-1, max-image-preview:large, max-video-preview:-1\" \/>\n<link rel=\"canonical\" href=\"https:\/\/vietnamexpo2025osaka.com\/vi\/thong-cao-bao-chi\/\" \/>\n<meta property=\"og:locale\" content=\"en_US\" \/>\n<meta property=\"og:type\" content=\"article\" \/>\n<meta property=\"og:title\" content=\"Th\u00f4ng c\u00e1o b\u00e1o ch\u00ed - Vi\u1ec7t Nam EXPO\" \/>\n<meta property=\"og:description\" content=\"[vc_row row_content_width=&#8221;grid&#8221;][vc_column][vc_empty_space][\/vc_column][\/vc_row]\" \/>\n<meta property=\"og:url\" content=\"https:\/\/vietnamexpo2025osaka.com\/vi\/thong-cao-bao-chi\/\" \/>\n<meta property=\"og:site_name\" content=\"Vi\u1ec7t Nam EXPO\" \/>\n<meta property=\"article:publisher\" content=\"https:\/\/www.facebook.com\/vietnamexpo2020dubai\/\" \/>\n<meta property=\"article:modified_time\" content=\"2025-04-25T03:17:19+00:00\" \/>\n<meta property=\"og:image\" content=\"https:\/\/vietnamexpo2025osaka.com\/vi\/wp-content\/uploads\/2019\/09\/logo-02-3.png\" \/>\n\t<meta property=\"og:image:width\" content=\"6602\" \/>\n\t<meta property=\"og:image:height\" content=\"6251\" \/>\n\t<meta property=\"og:image:type\" content=\"image\/png\" \/>\n<meta name=\"twitter:card\" content=\"summary_large_image\" \/>\n<meta name=\"twitter:label1\" content=\"Est. reading time\" \/>\n\t<meta name=\"twitter:data1\" content=\"1 minute\" \/>\n<!-- \/ Yoast SEO plugin. -->","yoast_head_json":{"title":"Th\u00f4ng c\u00e1o b\u00e1o ch\u00ed - Vi\u1ec7t Nam EXPO","robots":{"index":"index","follow":"follow","max-snippet":"max-snippet:-1","max-image-preview":"max-image-preview:large","max-video-preview":"max-video-preview:-1"},"canonical":"https:\/\/vietnamexpo2025osaka.com\/vi\/thong-cao-bao-chi\/","og_locale":"en_US","og_type":"article","og_title":"Th\u00f4ng c\u00e1o b\u00e1o ch\u00ed - Vi\u1ec7t Nam EXPO","og_description":"[vc_row row_content_width=&#8221;grid&#8221;][vc_column][vc_empty_space][\/vc_column][\/vc_row]","og_url":"https:\/\/vietnamexpo2025osaka.com\/vi\/thong-cao-bao-chi\/","og_site_name":"Vi\u1ec7t Nam EXPO","article_publisher":"https:\/\/www.facebook.com\/vietnamexpo2020dubai\/","article_modified_time":"2025-04-25T03:17:19+00:00","og_image":[{"width":6602,"height":6251,"url":"https:\/\/vietnamexpo2025osaka.com\/vi\/wp-content\/uploads\/2019\/09\/logo-02-3.png","type":"image\/png"}],"twitter_card":"summary_large_image","twitter_misc":{"Est. reading time":"1 minute"},"schema":{"@context":"https:\/\/schema.org","@graph":[{"@type":"WebPage","@id":"https:\/\/vietnamexpo2025osaka.com\/vi\/thong-cao-bao-chi\/","url":"https:\/\/vietnamexpo2025osaka.com\/vi\/thong-cao-bao-chi\/","name":"Th\u00f4ng c\u00e1o b\u00e1o ch\u00ed - Vi\u1ec7t Nam EXPO","isPartOf":{"@id":"https:\/\/vietnamexpo2025osaka.com\/vi\/#website"},"primaryImageOfPage":{"@id":"https:\/\/vietnamexpo2025osaka.com\/vi\/thong-cao-bao-chi\/#primaryimage"},"image":{"@id":"https:\/\/vietnamexpo2025osaka.com\/vi\/thong-cao-bao-chi\/#primaryimage"},"thumbnailUrl":"https:\/\/vietnamexpo2025osaka.com\/vi\/wp-content\/uploads\/2019\/09\/logo-02-3.png","datePublished":"2025-04-03T03:25:53+00:00","dateModified":"2025-04-25T03:17:19+00:00","breadcrumb":{"@id":"https:\/\/vietnamexpo2025osaka.com\/vi\/thong-cao-bao-chi\/#breadcrumb"},"inLanguage":"en-US","potentialAction":[{"@type":"ReadAction","target":["https:\/\/vietnamexpo2025osaka.com\/vi\/thong-cao-bao-chi\/"]}]},{"@type":"ImageObject","inLanguage":"en-US","@id":"https:\/\/vietnamexpo2025osaka.com\/vi\/thong-cao-bao-chi\/#primaryimage","url":"https:\/\/vietnamexpo2025osaka.com\/vi\/wp-content\/uploads\/2019\/09\/logo-02-3.png","contentUrl":"https:\/\/vietnamexpo2025osaka.com\/vi\/wp-content\/uploads\/2019\/09\/logo-02-3.png","width":6602,"height":6251},{"@type":"BreadcrumbList","@id":"https:\/\/vietnamexpo2025osaka.com\/vi\/thong-cao-bao-chi\/#breadcrumb","itemListElement":[{"@type":"ListItem","position":1,"name":"Home","item":"https:\/\/vietnamexpo2025osaka.com\/vi\/"},{"@type":"ListItem","position":2,"name":"Th\u00f4ng c\u00e1o b\u00e1o ch\u00ed"}]},{"@type":"WebSite","@id":"https:\/\/vietnamexpo2025osaka.com\/vi\/#website","url":"https:\/\/vietnamexpo2025osaka.com\/vi\/","name":"Vi\u1ec7t Nam EXPO","description":"EXPO 2025","publisher":{"@id":"https:\/\/vietnamexpo2025osaka.com\/vi\/#organization"},"potentialAction":[{"@type":"SearchAction","target":{"@type":"EntryPoint","urlTemplate":"https:\/\/vietnamexpo2025osaka.com\/vi\/?s={search_term_string}"},"query-input":{"@type":"PropertyValueSpecification","valueRequired":true,"valueName":"search_term_string"}}],"inLanguage":"en-US"},{"@type":"Organization","@id":"https:\/\/vietnamexpo2025osaka.com\/vi\/#organization","name":"Vi\u1ec7t Nam EXPO","url":"https:\/\/vietnamexpo2025osaka.com\/vi\/","logo":{"@type":"ImageObject","inLanguage":"en-US","@id":"https:\/\/vietnamexpo2025osaka.com\/vi\/#\/schema\/logo\/image\/","url":"https:\/\/vietnamexpo2025osaka.com\/vi\/wp-content\/uploads\/2019\/09\/logo-02-4.png","contentUrl":"https:\/\/vietnamexpo2025osaka.com\/vi\/wp-content\/uploads\/2019\/09\/logo-02-4.png","width":6602,"height":6251,"caption":"Vi\u1ec7t Nam EXPO"},"image":{"@id":"https:\/\/vietnamexpo2025osaka.com\/vi\/#\/schema\/logo\/image\/"},"sameAs":["https:\/\/www.facebook.com\/vietnamexpo2020dubai\/","https:\/\/www.tiktok.com\/@vietnamexpo2025"]}]}},"_links":{"self":[{"href":"https:\/\/vietnamexpo2025osaka.com\/vi\/wp-json\/wp\/v2\/pages\/2780","targetHints":{"allow":["GET"]}}],"collection":[{"href":"https:\/\/vietnamexpo2025osaka.com\/vi\/wp-json\/wp\/v2\/pages"}],"about":[{"href":"https:\/\/vietnamexpo2025osaka.com\/vi\/wp-json\/wp\/v2\/types\/page"}],"author":[{"embeddable":true,"href":"https:\/\/vietnamexpo2025osaka.com\/vi\/wp-json\/wp\/v2\/users\/1"}],"replies":[{"embeddable":true,"href":"https:\/\/vietnamexpo2025osaka.com\/vi\/wp-json\/wp\/v2\/comments?post=2780"}],"version-history":[{"count":10,"href":"https:\/\/vietnamexpo2025osaka.com\/vi\/wp-json\/wp\/v2\/pages\/2780\/revisions"}],"predecessor-version":[{"id":3277,"href":"https:\/\/vietnamexpo2025osaka.com\/vi\/wp-json\/wp\/v2\/pages\/2780\/revisions\/3277"}],"wp:featuredmedia":[{"embeddable":true,"href":"https:\/\/vietnamexpo2025osaka.com\/vi\/wp-json\/wp\/v2\/media\/3002"}],"wp:attachment":[{"href":"https:\/\/vietnamexpo2025osaka.com\/vi\/wp-json\/wp\/v2\/media?parent=2780"}],"curies":[{"name":"wp","href":"https:\/\/api.w.org\/{rel}","templated":true}]}}