{"id":2344,"date":"2025-03-24T04:02:03","date_gmt":"2025-03-24T04:02:03","guid":{"rendered":"https:\/\/vietnamexpo2025osaka.com\/?page_id=2344"},"modified":"2025-04-10T09:58:13","modified_gmt":"2025-04-10T09:58:13","slug":"thien-nhien","status":"publish","type":"page","link":"https:\/\/vietnamexpo2025osaka.com\/vi\/thien-nhien\/","title":{"rendered":"Thi\u00ean nhi\u00ean"},"content":{"rendered":"<div class=\"wpb-content-wrapper\"><p>[vc_row row_content_width=&#8221;grid&#8221;][vc_column]<div class=\"eltdf-section-title-holder   eltdf-st-decorative-line\" style=\"text-align: center\">\n\t<div class=\"eltdf-st-inner\">\n                    <h3 class=\"eltdf-st-caption\" style=\"color: #103F8D;margin: 0 0 12px 0\">\n                <span class=\"eltdf-st-caption-inner\" >Thi\u00ean nhi\u00ean \u0110a d\u1ea1ng v\u00e0 Ngo\u1ea1n m\u1ee5c c\u1ee7a Vi\u1ec7t Nam: B\u1ee9c tranh Ba mi\u1ec1n<\/span>\n            <\/h3>\n        \t\t\t\t\t<h3 class=\"eltdf-st-title\" style=\"color: #BF1D34\">\n    <span class=\"eltdf-st-title-inner\"><span class=\"eltdf-st-side-line-left\" ><\/span>THI\u00caN NHI\u00caN<span class=\"eltdf-st-side-line-right\" ><\/span><\/span>\n\t\t\t<\/h3>\n\t\t\t\t\t\t\t<p class=\"eltdf-st-text\" style=\"color: #000000;font-size: 19px;line-height: 28px;margin: 18px\">\n\t\t\t\tVi\u1ec7t Nam, m\u1ed9t \u0111\u1ea5t n\u01b0\u1edbc \u0111\u01b0\u1ee3c h\u00ecnh th\u00e0nh b\u1edfi h\u00e0ng ng\u00e0n n\u0103m ho\u1ea1t \u0111\u1ed9ng \u0111\u1ecba ch\u1ea5t v\u00e0 kh\u00ed h\u1eadu nhi\u1ec7t \u0111\u1edbi gi\u00f3 m\u00f9a, t\u1ef1 h\u00e0o c\u00f3 c\u1ea3nh quan thi\u00ean nhi\u00ean s\u1ed1ng \u0111\u1ed9ng v\u00e0 \u0111a d\u1ea1ng nh\u01b0 n\u1ec1n v\u0103n hoa\u0301 c\u1ee7a m\u00ecnh. T\u1eeb nh\u1eefng ng\u1ecdn n\u00fai cao ch\u00f3t v\u00f3t \u0111\u1ebfn nh\u1eefng \u0111\u1ed3ng b\u1eb1ng ch\u00e2u th\u1ed5 r\u1ed9ng l\u1edbn v\u00e0 b\u1edd bi\u1ec3n r\u1ea3i r\u00e1c nh\u1eefng h\u00f2n \u0111\u1ea3o, \u0111\u1ea5t n\u01b0\u1edbc n\u00e0y mang \u0111\u1ebfn m\u1ed9t b\u1eefa ti\u1ec7c cho c\u00e1c gi\u00e1c quan. Ch\u00fang ta c\u00f3 th\u1ec3 kh\u00e1m ph\u00e1 v\u1ebb \u0111\u1eb9p thi\u00ean nhi\u00ean n\u00e0y th\u00f4ng qua ba kh\u00eda c\u1ea1nh ri\u00eang bi\u1ec7t: Mi\u1ec1n B\u1eafc h\u00f9ng v\u0129, b\u1edd bi\u1ec3n Mi\u1ec1n Trung n\u0103ng \u0111\u1ed9ng v\u00e0 Mi\u1ec1n Nam tr\u00f9 ph\u00fa.\t\t\t<\/p>\n\t\t\t\t\t<\/div>\n<\/div>[vc_row_inner row_content_width=&#8221;grid&#8221; simple_background_color=&#8221;#ffffff&#8221; css=&#8221;.vc_custom_1570013526624{padding-bottom: 120px !important;}&#8221;][vc_column_inner]<div class=\"eltdf-elements-holder   eltdf-one-column  eltdf-responsive-mode-768 \" ><div class=\"eltdf-eh-item    \"  data-item-class=\"eltdf-eh-custom-8006\" data-1025-1399=\"0 70px\" data-769-1024=\"0 5.5%\" data-681-768=\"0 7.2%\">\n\t<div class=\"eltdf-eh-item-inner\">\n\t\t<div class=\"eltdf-eh-item-content eltdf-eh-custom-8006\" style=\"padding: 0 7%\">\n\t\t\t[vc_empty_space height=&#8221;64px&#8221;]<div class=\"eltdf-show-list-holder eltdf-sl-gallery  eltdf-large-space eltdf-sl-two-columns eltdf-sl-pag-load-more\"  data-type=gallery data-number-of-columns=2 data-space-between-items=large data-number-of-items=6 data-category=nature data-title-tag=h6 data-image-proportions=musea_elated_image_huge data-enable-fixed-proportions=no data-show-category=yes data-show-date-range=no data-orderby=date data-order=ASC data-show-single-layout=info-bellow data-show-slider=no data-slider-navigation=no data-slider-pagination=no data-pagination-type=load-more data-load-more-top-margin=0 data-slider-autoplay=no data-max-num-pages=1 data-next-page=2>\n\t<div class=\"eltdf-sl-inner eltdf-outer-space \" data-number-of-items=\"2\" data-enable-navigation=\"no\" data-enable-pagination=\"no\" data-enable-autoplay=\"no\">\n\t\t\n<div class=\"eltdf-show eltdf-item-space  show-item has-post-thumbnail hentry show-category-exhibition info-bellow post-2345 type-show-item status-publish has-post-thumbnail hentry show-category-nature info-bellow\">\n\t<div class=\"eltdf-show-inner\">\n\t\t\t\t\t<div class=\"eltdf-show-image\">\n\t\t\t\t<a itemprop=\"url\" href=\"https:\/\/vietnamexpo2025osaka.com\/vi\/show-item\/newly-joined-sponsor-of-expo-2025-osaka-kansai-japan-thematic-projects-signature-pavilions\/\" target=\"_self\">\n\t\t\t\t\t\t\t\t\t\t\t<img loading=\"lazy\" decoding=\"async\" width=\"1280\" height=\"789\" src=\"https:\/\/vietnamexpo2025osaka.com\/vi\/wp-content\/uploads\/2025\/03\/115-Ninh-Bi\u0300nh-dothanhmai63@gmail.com-chieu-van-long-lo\u031b\u0301n.jpeg\" class=\"attachment-musea_elated_image_huge size-musea_elated_image_huge wp-post-image\" alt=\"\" \/>\t\t\t\t\t\t\t\t\t<\/a>\n\t\t\t<\/div>\n\t\t\t\t<div class=\"eltdf-show-info\">\n            <div class=\"eltdf-show-info-wrapper\">\n                                    <div class=\"eltdf-show-categories-holder\">\n                                                    <a itemprop=\"url\" class=\"eltdf-show-categories\" href=\"https:\/\/vietnamexpo2025osaka.com\/vi\/shows-category\/nature\/\">Thi\u00ean nhi\u00ean<\/a>\n                                            <\/div>\n                                                <div class=\"eltdf-show-title-holder\">\n                    <h6 itemprop=\"name\" class=\"eltdf-show-name entry-title\">\n                        <a itemprop=\"url\" href=\"https:\/\/vietnamexpo2025osaka.com\/vi\/show-item\/newly-joined-sponsor-of-expo-2025-osaka-kansai-japan-thematic-projects-signature-pavilions\/\">Mi\u1ec1n B\u1eafc h\u00f9ng v\u0129: X\u1ee9 s\u1edf c\u1ee7a nh\u1eefng c\u1ea3nh quan \u0111\u00e1 v\u00f4i v\u00e0 cao nguy\u00ean xanh t\u01b0\u01a1i<\/a>\n                    <\/h6>\n                <\/div>\n            <\/div>\n                            <div class=\"eltdf-show-excerpt-holder\">\n                    <span>Khu v\u1ef1c ph\u00eda b\u1eafc c\u1ee7a Vi\u1ec7t Nam c\u00f3 th\u1ec3 \u0111\u01b0\u1ee3c coi l\u00e0 \u1ea5n t\u01b0\u1ee3ng nh\u1ea5t v\u1ec1 m\u1eb7t th\u1ecb gi\u00e1c, v\u1edbi d\u00e3y n\u00fai Ho\u00e0ng Li\u00ean S\u01a1n th\u1ed1ng tr\u1ecb, n\u01a1i c\u00f3 \u0111\u1ec9nh n\u00fai cao nh\u1ea5t c\u1ee7a \u0111\u1ea5t n\u01b0\u1edbc, Fansipan. Khu v\u1ef1c n\u00e0y [&hellip;]<\/span>\n                <\/div>\n                        <div class=\"eltdf-event-post-read-more-button\">\n                <a itemprop=\"url\" href=\"https:\/\/vietnamexpo2025osaka.com\/vi\/show-item\/newly-joined-sponsor-of-expo-2025-osaka-kansai-japan-thematic-projects-signature-pavilions\/\" target=\"_self\"  class=\"eltdf-btn eltdf-btn-medium eltdf-btn-simple eltdf-blog-list-button\"  >    <span class=\"eltdf-btn-text\">View more<\/span>    <\/a>            <\/div>\n\t\t<\/div>\n\t<\/div>\n<\/div>\n\n<div class=\"eltdf-show eltdf-item-space  show-item has-post-thumbnail hentry show-category-exhibition info-bellow post-2346 type-show-item status-publish has-post-thumbnail hentry show-category-nature info-bellow\">\n\t<div class=\"eltdf-show-inner\">\n\t\t\t\t\t<div class=\"eltdf-show-image\">\n\t\t\t\t<a itemprop=\"url\" href=\"https:\/\/vietnamexpo2025osaka.com\/vi\/show-item\/newly-joined-sponsor-of-expo-2025-osaka-kansai-japan-thematic-projects-signature-pavilions-2\/\" target=\"_self\">\n\t\t\t\t\t\t\t\t\t\t\t<img loading=\"lazy\" decoding=\"async\" width=\"1280\" height=\"789\" src=\"https:\/\/vietnamexpo2025osaka.com\/vi\/wp-content\/uploads\/2025\/03\/355-Bi\u0300nh-Di\u0323nh-phuochoai.vcbpt@gmail.com-ve-dep-san-ho-bien-ky-co-1.png\" class=\"attachment-musea_elated_image_huge size-musea_elated_image_huge wp-post-image\" alt=\"\" \/>\t\t\t\t\t\t\t\t\t<\/a>\n\t\t\t<\/div>\n\t\t\t\t<div class=\"eltdf-show-info\">\n            <div class=\"eltdf-show-info-wrapper\">\n                                    <div class=\"eltdf-show-categories-holder\">\n                                                    <a itemprop=\"url\" class=\"eltdf-show-categories\" href=\"https:\/\/vietnamexpo2025osaka.com\/vi\/shows-category\/nature\/\">Thi\u00ean nhi\u00ean<\/a>\n                                            <\/div>\n                                                <div class=\"eltdf-show-title-holder\">\n                    <h6 itemprop=\"name\" class=\"eltdf-show-name entry-title\">\n                        <a itemprop=\"url\" href=\"https:\/\/vietnamexpo2025osaka.com\/vi\/show-item\/newly-joined-sponsor-of-expo-2025-osaka-kansai-japan-thematic-projects-signature-pavilions-2\/\">B\u1edd bi\u1ec3n Mi\u00ea\u0300n Trung n\u0103ng \u0111\u1ed9ng: S\u1ef1 k\u1ebft h\u1ee3p gi\u1eefa b\u00e3i bi\u1ec3n, l\u1ecbch s\u1eed v\u00e0 n\u00fai ven bi\u1ec3n<\/a>\n                    <\/h6>\n                <\/div>\n            <\/div>\n                            <div class=\"eltdf-show-excerpt-holder\">\n                    <span>B\u1edd bi\u1ec3n Mi\u00ea\u0300n Trung c\u1ee7a Vi\u1ec7t Nam mang \u0111\u1ebfn m\u1ed9t v\u1ebb \u0111\u1eb9p thi\u00ean nhi\u00ean kh\u00e1c bi\u1ec7t, \u0111\u1eb7c tr\u01b0ng v\u01a1\u0301i s\u1ef1 k\u1ebft h\u1ee3p \u0111\u1ed9c \u0111\u00e1o c\u1ee7a: &nbsp; &nbsp; B\u00e3i bi\u1ec3n c\u00e1t va\u0300ng v\u00e0 \u0111\u1ed3ng b\u1eb1ng ven bi\u1ec3n: Tr\u1ea3i d\u00e0i theo r\u00eca [&hellip;]<\/span>\n                <\/div>\n                        <div class=\"eltdf-event-post-read-more-button\">\n                <a itemprop=\"url\" href=\"https:\/\/vietnamexpo2025osaka.com\/vi\/show-item\/newly-joined-sponsor-of-expo-2025-osaka-kansai-japan-thematic-projects-signature-pavilions-2\/\" target=\"_self\"  class=\"eltdf-btn eltdf-btn-medium eltdf-btn-simple eltdf-blog-list-button\"  >    <span class=\"eltdf-btn-text\">View more<\/span>    <\/a>            <\/div>\n\t\t<\/div>\n\t<\/div>\n<\/div>\n\n<div class=\"eltdf-show eltdf-item-space  show-item has-post-thumbnail hentry show-category-exhibition info-bellow post-2348 type-show-item status-publish has-post-thumbnail hentry show-category-nature info-bellow\">\n\t<div class=\"eltdf-show-inner\">\n\t\t\t\t\t<div class=\"eltdf-show-image\">\n\t\t\t\t<a itemprop=\"url\" href=\"https:\/\/vietnamexpo2025osaka.com\/vi\/show-item\/expo-2025-osaka-kansai-japan-signature-pavilion-future-of-life-preview-of-android-robots-to-appear-in-main-exhibit-50-years-into-the-future\/\" target=\"_self\">\n\t\t\t\t\t\t\t\t\t\t\t<img loading=\"lazy\" decoding=\"async\" width=\"1280\" height=\"892\" src=\"https:\/\/vietnamexpo2025osaka.com\/vi\/wp-content\/uploads\/2025\/03\/33-Kien-Giang-Biosphere-Reserve-Kie\u0302n-Giang-Province-lo\u031b\u0301n.jpeg\" class=\"attachment-musea_elated_image_huge size-musea_elated_image_huge wp-post-image\" alt=\"\" \/>\t\t\t\t\t\t\t\t\t<\/a>\n\t\t\t<\/div>\n\t\t\t\t<div class=\"eltdf-show-info\">\n            <div class=\"eltdf-show-info-wrapper\">\n                                    <div class=\"eltdf-show-categories-holder\">\n                                                    <a itemprop=\"url\" class=\"eltdf-show-categories\" href=\"https:\/\/vietnamexpo2025osaka.com\/vi\/shows-category\/nature\/\">Thi\u00ean nhi\u00ean<\/a>\n                                            <\/div>\n                                                <div class=\"eltdf-show-title-holder\">\n                    <h6 itemprop=\"name\" class=\"eltdf-show-name entry-title\">\n                        <a itemprop=\"url\" href=\"https:\/\/vietnamexpo2025osaka.com\/vi\/show-item\/expo-2025-osaka-kansai-japan-signature-pavilion-future-of-life-preview-of-android-robots-to-appear-in-main-exhibit-50-years-into-the-future\/\">Mi\u1ec1n Nam tr\u00f9 ph\u00fa: Th\u1ebf gi\u1edbi d\u01b0\u1edbi n\u01b0\u1edbc c\u1ee7a \u0110\u1ed3ng b\u1eb1ng s\u00f4ng v\u00e0 H\u1ec7 sinh th\u00e1i nhi\u1ec7t \u0111\u1edbi<\/a>\n                    <\/h6>\n                <\/div>\n            <\/div>\n                            <div class=\"eltdf-show-excerpt-holder\">\n                    <span>Khu v\u1ef1c ph\u00eda Nam c\u1ee7a Vi\u1ec7t Nam ch\u1ee7 y\u1ebfu l\u00e0 \u0110\u1ed3ng b\u1eb1ng s\u00f4ng C\u1eedu Long, m\u1ed9t m\u1ea1ng l\u01b0\u1edbi \u0111\u01b0\u1eddng th\u1ee7y r\u1ed9ng l\u1edbn, l\u00e0 huy\u1ebft m\u1ea1ch c\u1ee7a khu v\u1ef1c. Khu v\u1ef1c n\u00e0y c\u00f3 \u0111\u1eb7c tr\u01b0ng nh\u01b0 sau: &nbsp; &nbsp; \u0110\u1ed3ng b\u1eb1ng [&hellip;]<\/span>\n                <\/div>\n                        <div class=\"eltdf-event-post-read-more-button\">\n                <a itemprop=\"url\" href=\"https:\/\/vietnamexpo2025osaka.com\/vi\/show-item\/expo-2025-osaka-kansai-japan-signature-pavilion-future-of-life-preview-of-android-robots-to-appear-in-main-exhibit-50-years-into-the-future\/\" target=\"_self\"  class=\"eltdf-btn eltdf-btn-medium eltdf-btn-simple eltdf-blog-list-button\"  >    <span class=\"eltdf-btn-text\">View more<\/span>    <\/a>            <\/div>\n\t\t<\/div>\n\t<\/div>\n<\/div>\n\t<\/div>\n\t<\/div>\t\t<\/div>\n\t<\/div>\n<\/div><\/div>[\/vc_column_inner][\/vc_row_inner][\/vc_column][\/vc_row]<\/p>\n<\/div>","protected":false},"excerpt":{"rendered":"<p>[vc_row row_content_width=&#8221;grid&#8221;][vc_column][vc_row_inner row_content_width=&#8221;grid&#8221; simple_background_color=&#8221;#ffffff&#8221; css=&#8221;.vc_custom_1570013526624{padding-bottom: 120px !important;}&#8221;][vc_column_inner][\/vc_column_inner][\/vc_row_inner][\/vc_column][\/vc_row]<\/p>\n","protected":false},"author":1,"featured_media":3002,"parent":0,"menu_order":0,"comment_status":"closed","ping_status":"closed","template":"","meta":{"footnotes":""},"class_list":["post-2344","page","type-page","status-publish","has-post-thumbnail","hentry"],"yoast_head":"<!-- This site is optimized with the Yoast SEO plugin v24.8.1 - https:\/\/yoast.com\/wordpress\/plugins\/seo\/ -->\n<title>Thi\u00ean nhi\u00ean - Vi\u1ec7t Nam EXPO<\/title>\n<meta name=\"robots\" content=\"index, follow, max-snippet:-1, max-image-preview:large, max-video-preview:-1\" \/>\n<link rel=\"canonical\" href=\"https:\/\/vietnamexpo2025osaka.com\/vi\/thien-nhien\/\" \/>\n<meta property=\"og:locale\" content=\"en_US\" \/>\n<meta property=\"og:type\" content=\"article\" \/>\n<meta property=\"og:title\" content=\"Thi\u00ean nhi\u00ean - Vi\u1ec7t Nam EXPO\" \/>\n<meta property=\"og:description\" content=\"[vc_row row_content_width=&#8221;grid&#8221;][vc_column][vc_row_inner row_content_width=&#8221;grid&#8221; simple_background_color=&#8221;#ffffff&#8221; css=&#8221;.vc_custom_1570013526624{padding-bottom: 120px !important;}&#8221;][vc_column_inner][\/vc_column_inner][\/vc_row_inner][\/vc_column][\/vc_row]\" \/>\n<meta property=\"og:url\" content=\"https:\/\/vietnamexpo2025osaka.com\/vi\/thien-nhien\/\" \/>\n<meta property=\"og:site_name\" content=\"Vi\u1ec7t Nam EXPO\" \/>\n<meta property=\"article:publisher\" content=\"https:\/\/www.facebook.com\/vietnamexpo2020dubai\/\" \/>\n<meta property=\"article:modified_time\" content=\"2025-04-10T09:58:13+00:00\" \/>\n<meta property=\"og:image\" content=\"https:\/\/vietnamexpo2025osaka.com\/vi\/wp-content\/uploads\/2019\/09\/logo-02-3.png\" \/>\n\t<meta property=\"og:image:width\" content=\"6602\" \/>\n\t<meta property=\"og:image:height\" content=\"6251\" \/>\n\t<meta property=\"og:image:type\" content=\"image\/png\" \/>\n<meta name=\"twitter:card\" content=\"summary_large_image\" \/>\n<meta name=\"twitter:label1\" content=\"Est. reading time\" \/>\n\t<meta name=\"twitter:data1\" content=\"1 minute\" \/>\n<!-- \/ Yoast SEO plugin. -->","yoast_head_json":{"title":"Thi\u00ean nhi\u00ean - Vi\u1ec7t Nam EXPO","robots":{"index":"index","follow":"follow","max-snippet":"max-snippet:-1","max-image-preview":"max-image-preview:large","max-video-preview":"max-video-preview:-1"},"canonical":"https:\/\/vietnamexpo2025osaka.com\/vi\/thien-nhien\/","og_locale":"en_US","og_type":"article","og_title":"Thi\u00ean nhi\u00ean - Vi\u1ec7t Nam EXPO","og_description":"[vc_row row_content_width=&#8221;grid&#8221;][vc_column][vc_row_inner row_content_width=&#8221;grid&#8221; simple_background_color=&#8221;#ffffff&#8221; css=&#8221;.vc_custom_1570013526624{padding-bottom: 120px !important;}&#8221;][vc_column_inner][\/vc_column_inner][\/vc_row_inner][\/vc_column][\/vc_row]","og_url":"https:\/\/vietnamexpo2025osaka.com\/vi\/thien-nhien\/","og_site_name":"Vi\u1ec7t Nam EXPO","article_publisher":"https:\/\/www.facebook.com\/vietnamexpo2020dubai\/","article_modified_time":"2025-04-10T09:58:13+00:00","og_image":[{"width":6602,"height":6251,"url":"https:\/\/vietnamexpo2025osaka.com\/vi\/wp-content\/uploads\/2019\/09\/logo-02-3.png","type":"image\/png"}],"twitter_card":"summary_large_image","twitter_misc":{"Est. reading time":"1 minute"},"schema":{"@context":"https:\/\/schema.org","@graph":[{"@type":"WebPage","@id":"https:\/\/vietnamexpo2025osaka.com\/vi\/thien-nhien\/","url":"https:\/\/vietnamexpo2025osaka.com\/vi\/thien-nhien\/","name":"Thi\u00ean nhi\u00ean - Vi\u1ec7t Nam EXPO","isPartOf":{"@id":"https:\/\/vietnamexpo2025osaka.com\/vi\/#website"},"primaryImageOfPage":{"@id":"https:\/\/vietnamexpo2025osaka.com\/vi\/thien-nhien\/#primaryimage"},"image":{"@id":"https:\/\/vietnamexpo2025osaka.com\/vi\/thien-nhien\/#primaryimage"},"thumbnailUrl":"https:\/\/vietnamexpo2025osaka.com\/vi\/wp-content\/uploads\/2019\/09\/logo-02-3.png","datePublished":"2025-03-24T04:02:03+00:00","dateModified":"2025-04-10T09:58:13+00:00","breadcrumb":{"@id":"https:\/\/vietnamexpo2025osaka.com\/vi\/thien-nhien\/#breadcrumb"},"inLanguage":"en-US","potentialAction":[{"@type":"ReadAction","target":["https:\/\/vietnamexpo2025osaka.com\/vi\/thien-nhien\/"]}]},{"@type":"ImageObject","inLanguage":"en-US","@id":"https:\/\/vietnamexpo2025osaka.com\/vi\/thien-nhien\/#primaryimage","url":"https:\/\/vietnamexpo2025osaka.com\/vi\/wp-content\/uploads\/2019\/09\/logo-02-3.png","contentUrl":"https:\/\/vietnamexpo2025osaka.com\/vi\/wp-content\/uploads\/2019\/09\/logo-02-3.png","width":6602,"height":6251},{"@type":"BreadcrumbList","@id":"https:\/\/vietnamexpo2025osaka.com\/vi\/thien-nhien\/#breadcrumb","itemListElement":[{"@type":"ListItem","position":1,"name":"Home","item":"https:\/\/vietnamexpo2025osaka.com\/vi\/"},{"@type":"ListItem","position":2,"name":"Thi\u00ean nhi\u00ean"}]},{"@type":"WebSite","@id":"https:\/\/vietnamexpo2025osaka.com\/vi\/#website","url":"https:\/\/vietnamexpo2025osaka.com\/vi\/","name":"Vi\u1ec7t Nam EXPO","description":"EXPO 2025","publisher":{"@id":"https:\/\/vietnamexpo2025osaka.com\/vi\/#organization"},"potentialAction":[{"@type":"SearchAction","target":{"@type":"EntryPoint","urlTemplate":"https:\/\/vietnamexpo2025osaka.com\/vi\/?s={search_term_string}"},"query-input":{"@type":"PropertyValueSpecification","valueRequired":true,"valueName":"search_term_string"}}],"inLanguage":"en-US"},{"@type":"Organization","@id":"https:\/\/vietnamexpo2025osaka.com\/vi\/#organization","name":"Vi\u1ec7t Nam EXPO","url":"https:\/\/vietnamexpo2025osaka.com\/vi\/","logo":{"@type":"ImageObject","inLanguage":"en-US","@id":"https:\/\/vietnamexpo2025osaka.com\/vi\/#\/schema\/logo\/image\/","url":"https:\/\/vietnamexpo2025osaka.com\/vi\/wp-content\/uploads\/2019\/09\/logo-02-4.png","contentUrl":"https:\/\/vietnamexpo2025osaka.com\/vi\/wp-content\/uploads\/2019\/09\/logo-02-4.png","width":6602,"height":6251,"caption":"Vi\u1ec7t Nam EXPO"},"image":{"@id":"https:\/\/vietnamexpo2025osaka.com\/vi\/#\/schema\/logo\/image\/"},"sameAs":["https:\/\/www.facebook.com\/vietnamexpo2020dubai\/","https:\/\/www.tiktok.com\/@vietnamexpo2025"]}]}},"_links":{"self":[{"href":"https:\/\/vietnamexpo2025osaka.com\/vi\/wp-json\/wp\/v2\/pages\/2344","targetHints":{"allow":["GET"]}}],"collection":[{"href":"https:\/\/vietnamexpo2025osaka.com\/vi\/wp-json\/wp\/v2\/pages"}],"about":[{"href":"https:\/\/vietnamexpo2025osaka.com\/vi\/wp-json\/wp\/v2\/types\/page"}],"author":[{"embeddable":true,"href":"https:\/\/vietnamexpo2025osaka.com\/vi\/wp-json\/wp\/v2\/users\/1"}],"replies":[{"embeddable":true,"href":"https:\/\/vietnamexpo2025osaka.com\/vi\/wp-json\/wp\/v2\/comments?post=2344"}],"version-history":[{"count":21,"href":"https:\/\/vietnamexpo2025osaka.com\/vi\/wp-json\/wp\/v2\/pages\/2344\/revisions"}],"predecessor-version":[{"id":2979,"href":"https:\/\/vietnamexpo2025osaka.com\/vi\/wp-json\/wp\/v2\/pages\/2344\/revisions\/2979"}],"wp:featuredmedia":[{"embeddable":true,"href":"https:\/\/vietnamexpo2025osaka.com\/vi\/wp-json\/wp\/v2\/media\/3002"}],"wp:attachment":[{"href":"https:\/\/vietnamexpo2025osaka.com\/vi\/wp-json\/wp\/v2\/media?parent=2344"}],"curies":[{"name":"wp","href":"https:\/\/api.w.org\/{rel}","templated":true}]}}