{"id":2323,"date":"2025-03-24T03:34:03","date_gmt":"2025-03-24T03:34:03","guid":{"rendered":"https:\/\/vietnamexpo2025osaka.com\/?page_id=2323"},"modified":"2025-04-10T09:58:27","modified_gmt":"2025-04-10T09:58:27","slug":"van-hoa","status":"publish","type":"page","link":"https:\/\/vietnamexpo2025osaka.com\/vi\/van-hoa\/","title":{"rendered":"V\u0103n ho\u00e1"},"content":{"rendered":"<div class=\"wpb-content-wrapper\"><p>[vc_row row_content_width=&#8221;grid&#8221;][vc_column]<div class=\"eltdf-section-title-holder   eltdf-st-decorative-line\" style=\"text-align: center\">\n\t<div class=\"eltdf-st-inner\">\n                    <h3 class=\"eltdf-st-caption\" style=\"color: #103F8D;margin: 0 0 12px 0\">\n                <span class=\"eltdf-st-caption-inner\" >B\u01b0\u0301c tranh phong ph\u00fa c\u1ee7a v\u0103n hoa\u0301 Vi\u1ec7t Nam: Ba s\u1ee3i ch\u1ec9 \u0111an xen<\/span>\n            <\/h3>\n        \t\t\t\t\t<h3 class=\"eltdf-st-title\" style=\"color: #BF1D34\">\n    <span class=\"eltdf-st-title-inner\"><span class=\"eltdf-st-side-line-left\" ><\/span>V\u0102N HOA\u0301<span class=\"eltdf-st-side-line-right\" ><\/span><\/span>\n\t\t\t<\/h3>\n\t\t\t\t\t\t\t<p class=\"eltdf-st-text\" style=\"color: #000000;font-size: 19px;line-height: 28px;margin: 18px\">\n\t\t\t\tV\u0103n hoa\u0301 Vi\u1ec7t Nam l\u00e0 m\u1ed9t b\u01b0\u0301c tranh s\u1ed1ng \u0111\u1ed9ng v\u00e0 ph\u1ee9c t\u1ea1p \u0111\u01b0\u1ee3c d\u1ec7t t\u1eeb nh\u1eefng s\u1ee3i ch\u1ec9 c\u1ee7a l\u1ecbch s\u1eed, truy\u1ec1n th\u1ed1ng v\u00e0 s\u1ef1 th\u00edch nghi. Ch\u1ecbu \u1ea3nh h\u01b0\u1edfng t\u01b0\u0300 nhi\u1ec1u th\u1ebf ki\u0309 cai tr\u1ecb c\u1ee7a Trung Qu\u1ed1c, t\u00edn ng\u01b0\u1ee1ng b\u1ea3n \u0111\u1ecba, ch\u1ee7 ngh\u0129a th\u1ef1c d\u00e2n Ph\u00e1p v\u00e0 c\u00e1c t\u01b0\u01a1ng t\u00e1c to\u00e0n c\u1ea7u hi\u1ec7n \u0111\u1ea1i, v\u0103n hoa\u0301 Vi\u1ec7t Nam th\u1ec3 hi\u1ec7n s\u1ef1 pha tr\u1ed9n h\u1ea5p d\u1eabn gi\u1eefa c\u1ed5 \u0111\u1ea1i v\u00e0 \u0111\u01b0\u01a1ng \u0111\u1ea1i. \u0110\u1ec3 hi\u1ec3u \u0111\u01b0\u1ee3c s\u1ef1 phong ph\u00fa c\u1ee7a n\u00f3, ch\u00fang ta c\u00f3 th\u1ec3 kh\u00e1m ph\u00e1 ba kh\u00eda c\u1ea1nh \u0111an xen ch\u00ednh: S\u1ee3i ch\u1ec9 m\u1ea1nh m\u1ebd c\u1ee7a truy\u1ec1n th\u1ed1ng, Tinh th\u1ea7n c\u1ed9ng \u0111\u1ed3ng v\u00e0 hoa\u0300 h\u1ee3p, v\u00e0 S\u1ef1 th\u00edch nghi n\u0103ng \u0111\u1ed9ng c\u1ee7a th\u1eddi hi\u1ec7n \u0111\u1ea1i.\t\t\t<\/p>\n\t\t\t\t\t<\/div>\n<\/div>[vc_row_inner row_content_width=&#8221;grid&#8221; simple_background_color=&#8221;#ffffff&#8221; css=&#8221;.vc_custom_1570013526624{padding-bottom: 120px !important;}&#8221;][vc_column_inner]<div class=\"eltdf-elements-holder   eltdf-one-column  eltdf-responsive-mode-768 \" ><div class=\"eltdf-eh-item    \"  data-item-class=\"eltdf-eh-custom-3590\" data-1025-1399=\"0 70px\" data-769-1024=\"0 5.5%\" data-681-768=\"0 7.2%\">\n\t<div class=\"eltdf-eh-item-inner\">\n\t\t<div class=\"eltdf-eh-item-content eltdf-eh-custom-3590\" style=\"padding: 0 7%\">\n\t\t\t[vc_empty_space height=&#8221;64px&#8221;]<div class=\"eltdf-show-list-holder eltdf-sl-gallery  eltdf-normal-space eltdf-sl-two-columns eltdf-sl-pag-load-more\"  data-type=gallery data-number-of-columns=2 data-space-between-items=normal data-number-of-items=6 data-category=culture data-title-tag=h6 data-image-proportions=full data-enable-fixed-proportions=no data-show-category=yes data-show-date-range=no data-orderby=date data-order=ASC data-show-single-layout=info-bellow data-show-slider=no data-slider-navigation=no data-slider-pagination=no data-pagination-type=load-more data-load-more-top-margin=0 data-slider-autoplay=no data-max-num-pages=1 data-next-page=2>\n\t<div class=\"eltdf-sl-inner eltdf-outer-space \" data-number-of-items=\"2\" data-enable-navigation=\"no\" data-enable-pagination=\"no\" data-enable-autoplay=\"no\">\n\t\t\n<div class=\"eltdf-show eltdf-item-space  show-item has-post-thumbnail hentry show-category-exhibition info-bellow post-2325 type-show-item status-publish has-post-thumbnail hentry show-category-culture info-bellow\">\n\t<div class=\"eltdf-show-inner\">\n\t\t\t\t\t<div class=\"eltdf-show-image\">\n\t\t\t\t<a itemprop=\"url\" href=\"https:\/\/vietnamexpo2025osaka.com\/vi\/show-item\/designing-the-future-of-shigaraki-creation-of-ceramic-culture-using-recycled-resources-and-digital-technology\/\" target=\"_self\">\n\t\t\t\t\t\t\t\t\t\t\t<img loading=\"lazy\" decoding=\"async\" width=\"1280\" height=\"811\" src=\"https:\/\/vietnamexpo2025osaka.com\/vi\/wp-content\/uploads\/2025\/03\/693-Ha\u0323\u0302u-Giang-trithanhtanlong@gmail.com-phien-cho-tet-que-lo\u031b\u0301n.jpeg\" class=\"attachment-full size-full wp-post-image\" alt=\"\" \/>\t\t\t\t\t\t\t\t\t<\/a>\n\t\t\t<\/div>\n\t\t\t\t<div class=\"eltdf-show-info\">\n            <div class=\"eltdf-show-info-wrapper\">\n                                    <div class=\"eltdf-show-categories-holder\">\n                                                    <a itemprop=\"url\" class=\"eltdf-show-categories\" href=\"https:\/\/vietnamexpo2025osaka.com\/vi\/shows-category\/culture\/\">V\u0103n ho\u00e1<\/a>\n                                            <\/div>\n                                                <div class=\"eltdf-show-title-holder\">\n                    <h6 itemprop=\"name\" class=\"eltdf-show-name entry-title\">\n                        <a itemprop=\"url\" href=\"https:\/\/vietnamexpo2025osaka.com\/vi\/show-item\/designing-the-future-of-shigaraki-creation-of-ceramic-culture-using-recycled-resources-and-digital-technology\/\">S\u1ee3i ch\u1ec9 m\u1ea1nh m\u1ebd c\u1ee7a Truy\u1ec1n th\u1ed1ng: B\u1eaft ngu\u1ed3n t\u1eeb L\u1ecbch s\u1eed v\u00e0 T\u00edn ng\u01b0\u1ee1ng<\/a>\n                    <\/h6>\n                <\/div>\n            <\/div>\n                            <div class=\"eltdf-show-excerpt-holder\">\n                    <span>V\u0103n hoa\u0301 truy\u1ec1n th\u1ed1ng Vi\u1ec7t Nam b\u1eaft ngu\u1ed3n s\u00e2u s\u1eafc t\u1eeb qu\u00e1 kh\u1ee9 n\u00f4ng nghi\u1ec7p v\u00e0 s\u1ef1 t\u01b0\u01a1ng t\u00e1c ph\u1ee9c t\u1ea1p c\u1ee7a c\u00e1c \u1ea3nh h\u01b0\u1edfng tri\u1ebft h\u1ecdc v\u00e0 t\u00f4n gi\u00e1o: &nbsp; &nbsp; T\u00f4n th\u1edd t\u1ed5 ti\u00ean v\u00e0 c\u00e1c Gi\u00e1 tr\u1ecb [&hellip;]<\/span>\n                <\/div>\n                        <div class=\"eltdf-event-post-read-more-button\">\n                <a itemprop=\"url\" href=\"https:\/\/vietnamexpo2025osaka.com\/vi\/show-item\/designing-the-future-of-shigaraki-creation-of-ceramic-culture-using-recycled-resources-and-digital-technology\/\" target=\"_self\"  class=\"eltdf-btn eltdf-btn-medium eltdf-btn-simple eltdf-blog-list-button\"  >    <span class=\"eltdf-btn-text\">View more<\/span>    <\/a>            <\/div>\n\t\t<\/div>\n\t<\/div>\n<\/div>\n\n<div class=\"eltdf-show eltdf-item-space  show-item has-post-thumbnail hentry show-category-exhibition info-bellow post-2327 type-show-item status-publish has-post-thumbnail hentry show-category-culture info-bellow\">\n\t<div class=\"eltdf-show-inner\">\n\t\t\t\t\t<div class=\"eltdf-show-image\">\n\t\t\t\t<a itemprop=\"url\" href=\"https:\/\/vietnamexpo2025osaka.com\/vi\/show-item\/%e3%80%90check-the-7-day-advance-lottery-events%e2%80%bc%e3%80%91see-the-events-to-be-held-during-april-20-to-26%ef%bc%81\/\" target=\"_self\">\n\t\t\t\t\t\t\t\t\t\t\t<img loading=\"lazy\" decoding=\"async\" width=\"1772\" height=\"1181\" src=\"https:\/\/vietnamexpo2025osaka.com\/vi\/wp-content\/uploads\/2025\/03\/400-Qua\u0309ng-Nam-quangbangstudio@gmail.com-tung-bung-ngay-hoi-buon-lang-trnoonh.jpeg\" class=\"attachment-full size-full wp-post-image\" alt=\"\" \/>\t\t\t\t\t\t\t\t\t<\/a>\n\t\t\t<\/div>\n\t\t\t\t<div class=\"eltdf-show-info\">\n            <div class=\"eltdf-show-info-wrapper\">\n                                    <div class=\"eltdf-show-categories-holder\">\n                                                    <a itemprop=\"url\" class=\"eltdf-show-categories\" href=\"https:\/\/vietnamexpo2025osaka.com\/vi\/shows-category\/culture\/\">V\u0103n ho\u00e1<\/a>\n                                            <\/div>\n                                                <div class=\"eltdf-show-title-holder\">\n                    <h6 itemprop=\"name\" class=\"eltdf-show-name entry-title\">\n                        <a itemprop=\"url\" href=\"https:\/\/vietnamexpo2025osaka.com\/vi\/show-item\/%e3%80%90check-the-7-day-advance-lottery-events%e2%80%bc%e3%80%91see-the-events-to-be-held-during-april-20-to-26%ef%bc%81\/\">Tinh th\u1ea7n C\u1ed9ng \u0111\u1ed3ng v\u00e0 Hoa\u0300 h\u1ee3p: S\u1ee9c m\u1ea1nh t\u1eadp th\u1ec3 v\u00e0 M\u1ed1i li\u00ean k\u1ebft x\u00e3 h\u1ed9i<\/a>\n                    <\/h6>\n                <\/div>\n            <\/div>\n                            <div class=\"eltdf-show-excerpt-holder\">\n                    <span>Ngo\u00e0i c\u00e1c gia \u0111\u00ecnh ri\u00eang l\u1ebb, v\u0103n hoa\u0301 Vi\u1ec7t Nam nh\u1ea5n m\u1ea1nh v\u00e0o c\u1ed9ng \u0111\u1ed3ng v\u00e0 t\u1ea7m quan tr\u1ecdng c\u1ee7a s\u1ef1 hoa\u0300 h\u1ee3p x\u00e3 h\u1ed9i: Ch\u1ee7 ngh\u0129a t\u1eadp th\u1ec3 l\u01a1\u0301n h\u01a1n ch\u1ee7 ngh\u0129a c\u00e1 nh\u00e2n: Kh\u00f4ng gi\u1ed1ng nh\u01b0 c\u00e1c n\u1ec1n [&hellip;]<\/span>\n                <\/div>\n                        <div class=\"eltdf-event-post-read-more-button\">\n                <a itemprop=\"url\" href=\"https:\/\/vietnamexpo2025osaka.com\/vi\/show-item\/%e3%80%90check-the-7-day-advance-lottery-events%e2%80%bc%e3%80%91see-the-events-to-be-held-during-april-20-to-26%ef%bc%81\/\" target=\"_self\"  class=\"eltdf-btn eltdf-btn-medium eltdf-btn-simple eltdf-blog-list-button\"  >    <span class=\"eltdf-btn-text\">View more<\/span>    <\/a>            <\/div>\n\t\t<\/div>\n\t<\/div>\n<\/div>\n\n<div class=\"eltdf-show eltdf-item-space  show-item has-post-thumbnail hentry show-category-exhibition info-bellow post-2329 type-show-item status-publish has-post-thumbnail hentry show-category-culture info-bellow\">\n\t<div class=\"eltdf-show-inner\">\n\t\t\t\t\t<div class=\"eltdf-show-image\">\n\t\t\t\t<a itemprop=\"url\" href=\"https:\/\/vietnamexpo2025osaka.com\/vi\/show-item\/%e3%80%90book-a-date-and-time-for-your-visit-to-the-expo%e3%80%91introducing-events-from-21-27-september\/\" target=\"_self\">\n\t\t\t\t\t\t\t\t\t\t\t<img loading=\"lazy\" decoding=\"async\" width=\"1280\" height=\"853\" src=\"https:\/\/vietnamexpo2025osaka.com\/vi\/wp-content\/uploads\/2025\/03\/653-TP-HCM-tmluong50@gmail.com-ho-chi-minh-ruc-ro-gam-hoa-lo\u031b\u0301n-1.jpeg\" class=\"attachment-full size-full wp-post-image\" alt=\"\" \/>\t\t\t\t\t\t\t\t\t<\/a>\n\t\t\t<\/div>\n\t\t\t\t<div class=\"eltdf-show-info\">\n            <div class=\"eltdf-show-info-wrapper\">\n                                    <div class=\"eltdf-show-categories-holder\">\n                                                    <a itemprop=\"url\" class=\"eltdf-show-categories\" href=\"https:\/\/vietnamexpo2025osaka.com\/vi\/shows-category\/culture\/\">V\u0103n ho\u00e1<\/a>\n                                            <\/div>\n                                                <div class=\"eltdf-show-title-holder\">\n                    <h6 itemprop=\"name\" class=\"eltdf-show-name entry-title\">\n                        <a itemprop=\"url\" href=\"https:\/\/vietnamexpo2025osaka.com\/vi\/show-item\/%e3%80%90book-a-date-and-time-for-your-visit-to-the-expo%e3%80%91introducing-events-from-21-27-september\/\">S\u1ef1 th\u00edch nghi hi\u1ec7n \u0111\u1ea1i n\u0103ng \u0111\u1ed9ng: \u0110i\u1ec1u h\u01b0\u1edbng thay \u0111\u1ed5i v\u00e0 n\u1eafm b\u1eaft t\u01b0\u01a1ng lai<\/a>\n                    <\/h6>\n                <\/div>\n            <\/div>\n                            <div class=\"eltdf-show-excerpt-holder\">\n                    <span>V\u0103n hoa\u0301 Vi\u1ec7t Nam kh\u00f4ng t\u0129nh t\u1ea1i m\u00e0 li\u00ean t\u1ee5c ph\u00e1t tri\u1ec3n khi \u0111i\u1ec1u h\u01b0\u1edbng c\u00e1c l\u1ef1c l\u01b0\u1ee3ng to\u00e0n c\u1ea7u hoa\u0301 v\u00e0 hi\u1ec7n \u0111\u1ea1i hoa\u0301: Ph\u00e1t tri\u1ec3n kinh t\u1ebf v\u00e0 \u0110\u00f4 th\u1ecb hoa\u0301: T\u0103ng tr\u01b0\u1edfng kinh t\u1ebf nhanh ch\u00f3ng \u0111\u00e3 [&hellip;]<\/span>\n                <\/div>\n                        <div class=\"eltdf-event-post-read-more-button\">\n                <a itemprop=\"url\" href=\"https:\/\/vietnamexpo2025osaka.com\/vi\/show-item\/%e3%80%90book-a-date-and-time-for-your-visit-to-the-expo%e3%80%91introducing-events-from-21-27-september\/\" target=\"_self\"  class=\"eltdf-btn eltdf-btn-medium eltdf-btn-simple eltdf-blog-list-button\"  >    <span class=\"eltdf-btn-text\">View more<\/span>    <\/a>            <\/div>\n\t\t<\/div>\n\t<\/div>\n<\/div>\n\t<\/div>\n\t<\/div>\t\t<\/div>\n\t<\/div>\n<\/div><\/div>[\/vc_column_inner][\/vc_row_inner][\/vc_column][\/vc_row]<\/p>\n<\/div>","protected":false},"excerpt":{"rendered":"<p>[vc_row row_content_width=&#8221;grid&#8221;][vc_column][vc_row_inner row_content_width=&#8221;grid&#8221; simple_background_color=&#8221;#ffffff&#8221; css=&#8221;.vc_custom_1570013526624{padding-bottom: 120px !important;}&#8221;][vc_column_inner][\/vc_column_inner][\/vc_row_inner][\/vc_column][\/vc_row]<\/p>\n","protected":false},"author":1,"featured_media":3002,"parent":0,"menu_order":0,"comment_status":"closed","ping_status":"closed","template":"","meta":{"footnotes":""},"class_list":["post-2323","page","type-page","status-publish","has-post-thumbnail","hentry"],"yoast_head":"<!-- This site is optimized with the Yoast SEO plugin v24.8.1 - https:\/\/yoast.com\/wordpress\/plugins\/seo\/ -->\n<title>V\u0103n ho\u00e1 - Vi\u1ec7t Nam EXPO<\/title>\n<meta name=\"robots\" content=\"index, follow, max-snippet:-1, max-image-preview:large, max-video-preview:-1\" \/>\n<link rel=\"canonical\" href=\"https:\/\/vietnamexpo2025osaka.com\/vi\/van-hoa\/\" \/>\n<meta property=\"og:locale\" content=\"en_US\" \/>\n<meta property=\"og:type\" content=\"article\" \/>\n<meta property=\"og:title\" content=\"V\u0103n ho\u00e1 - Vi\u1ec7t Nam EXPO\" \/>\n<meta property=\"og:description\" content=\"[vc_row row_content_width=&#8221;grid&#8221;][vc_column][vc_row_inner row_content_width=&#8221;grid&#8221; simple_background_color=&#8221;#ffffff&#8221; css=&#8221;.vc_custom_1570013526624{padding-bottom: 120px !important;}&#8221;][vc_column_inner][\/vc_column_inner][\/vc_row_inner][\/vc_column][\/vc_row]\" \/>\n<meta property=\"og:url\" content=\"https:\/\/vietnamexpo2025osaka.com\/vi\/van-hoa\/\" \/>\n<meta property=\"og:site_name\" content=\"Vi\u1ec7t Nam EXPO\" \/>\n<meta property=\"article:publisher\" content=\"https:\/\/www.facebook.com\/vietnamexpo2020dubai\/\" \/>\n<meta property=\"article:modified_time\" content=\"2025-04-10T09:58:27+00:00\" \/>\n<meta property=\"og:image\" content=\"https:\/\/vietnamexpo2025osaka.com\/vi\/wp-content\/uploads\/2019\/09\/logo-02-3.png\" \/>\n\t<meta property=\"og:image:width\" content=\"6602\" \/>\n\t<meta property=\"og:image:height\" content=\"6251\" \/>\n\t<meta property=\"og:image:type\" content=\"image\/png\" \/>\n<meta name=\"twitter:card\" content=\"summary_large_image\" \/>\n<meta name=\"twitter:label1\" content=\"Est. reading time\" \/>\n\t<meta name=\"twitter:data1\" content=\"1 minute\" \/>\n<!-- \/ Yoast SEO plugin. -->","yoast_head_json":{"title":"V\u0103n ho\u00e1 - Vi\u1ec7t Nam EXPO","robots":{"index":"index","follow":"follow","max-snippet":"max-snippet:-1","max-image-preview":"max-image-preview:large","max-video-preview":"max-video-preview:-1"},"canonical":"https:\/\/vietnamexpo2025osaka.com\/vi\/van-hoa\/","og_locale":"en_US","og_type":"article","og_title":"V\u0103n ho\u00e1 - Vi\u1ec7t Nam EXPO","og_description":"[vc_row row_content_width=&#8221;grid&#8221;][vc_column][vc_row_inner row_content_width=&#8221;grid&#8221; simple_background_color=&#8221;#ffffff&#8221; css=&#8221;.vc_custom_1570013526624{padding-bottom: 120px !important;}&#8221;][vc_column_inner][\/vc_column_inner][\/vc_row_inner][\/vc_column][\/vc_row]","og_url":"https:\/\/vietnamexpo2025osaka.com\/vi\/van-hoa\/","og_site_name":"Vi\u1ec7t Nam EXPO","article_publisher":"https:\/\/www.facebook.com\/vietnamexpo2020dubai\/","article_modified_time":"2025-04-10T09:58:27+00:00","og_image":[{"width":6602,"height":6251,"url":"https:\/\/vietnamexpo2025osaka.com\/vi\/wp-content\/uploads\/2019\/09\/logo-02-3.png","type":"image\/png"}],"twitter_card":"summary_large_image","twitter_misc":{"Est. reading time":"1 minute"},"schema":{"@context":"https:\/\/schema.org","@graph":[{"@type":"WebPage","@id":"https:\/\/vietnamexpo2025osaka.com\/vi\/van-hoa\/","url":"https:\/\/vietnamexpo2025osaka.com\/vi\/van-hoa\/","name":"V\u0103n ho\u00e1 - Vi\u1ec7t Nam EXPO","isPartOf":{"@id":"https:\/\/vietnamexpo2025osaka.com\/vi\/#website"},"primaryImageOfPage":{"@id":"https:\/\/vietnamexpo2025osaka.com\/vi\/van-hoa\/#primaryimage"},"image":{"@id":"https:\/\/vietnamexpo2025osaka.com\/vi\/van-hoa\/#primaryimage"},"thumbnailUrl":"https:\/\/vietnamexpo2025osaka.com\/vi\/wp-content\/uploads\/2019\/09\/logo-02-3.png","datePublished":"2025-03-24T03:34:03+00:00","dateModified":"2025-04-10T09:58:27+00:00","breadcrumb":{"@id":"https:\/\/vietnamexpo2025osaka.com\/vi\/van-hoa\/#breadcrumb"},"inLanguage":"en-US","potentialAction":[{"@type":"ReadAction","target":["https:\/\/vietnamexpo2025osaka.com\/vi\/van-hoa\/"]}]},{"@type":"ImageObject","inLanguage":"en-US","@id":"https:\/\/vietnamexpo2025osaka.com\/vi\/van-hoa\/#primaryimage","url":"https:\/\/vietnamexpo2025osaka.com\/vi\/wp-content\/uploads\/2019\/09\/logo-02-3.png","contentUrl":"https:\/\/vietnamexpo2025osaka.com\/vi\/wp-content\/uploads\/2019\/09\/logo-02-3.png","width":6602,"height":6251},{"@type":"BreadcrumbList","@id":"https:\/\/vietnamexpo2025osaka.com\/vi\/van-hoa\/#breadcrumb","itemListElement":[{"@type":"ListItem","position":1,"name":"Home","item":"https:\/\/vietnamexpo2025osaka.com\/vi\/"},{"@type":"ListItem","position":2,"name":"V\u0103n ho\u00e1"}]},{"@type":"WebSite","@id":"https:\/\/vietnamexpo2025osaka.com\/vi\/#website","url":"https:\/\/vietnamexpo2025osaka.com\/vi\/","name":"Vi\u1ec7t Nam EXPO","description":"EXPO 2025","publisher":{"@id":"https:\/\/vietnamexpo2025osaka.com\/vi\/#organization"},"potentialAction":[{"@type":"SearchAction","target":{"@type":"EntryPoint","urlTemplate":"https:\/\/vietnamexpo2025osaka.com\/vi\/?s={search_term_string}"},"query-input":{"@type":"PropertyValueSpecification","valueRequired":true,"valueName":"search_term_string"}}],"inLanguage":"en-US"},{"@type":"Organization","@id":"https:\/\/vietnamexpo2025osaka.com\/vi\/#organization","name":"Vi\u1ec7t Nam EXPO","url":"https:\/\/vietnamexpo2025osaka.com\/vi\/","logo":{"@type":"ImageObject","inLanguage":"en-US","@id":"https:\/\/vietnamexpo2025osaka.com\/vi\/#\/schema\/logo\/image\/","url":"https:\/\/vietnamexpo2025osaka.com\/vi\/wp-content\/uploads\/2019\/09\/logo-02-4.png","contentUrl":"https:\/\/vietnamexpo2025osaka.com\/vi\/wp-content\/uploads\/2019\/09\/logo-02-4.png","width":6602,"height":6251,"caption":"Vi\u1ec7t Nam EXPO"},"image":{"@id":"https:\/\/vietnamexpo2025osaka.com\/vi\/#\/schema\/logo\/image\/"},"sameAs":["https:\/\/www.facebook.com\/vietnamexpo2020dubai\/","https:\/\/www.tiktok.com\/@vietnamexpo2025"]}]}},"_links":{"self":[{"href":"https:\/\/vietnamexpo2025osaka.com\/vi\/wp-json\/wp\/v2\/pages\/2323","targetHints":{"allow":["GET"]}}],"collection":[{"href":"https:\/\/vietnamexpo2025osaka.com\/vi\/wp-json\/wp\/v2\/pages"}],"about":[{"href":"https:\/\/vietnamexpo2025osaka.com\/vi\/wp-json\/wp\/v2\/types\/page"}],"author":[{"embeddable":true,"href":"https:\/\/vietnamexpo2025osaka.com\/vi\/wp-json\/wp\/v2\/users\/1"}],"replies":[{"embeddable":true,"href":"https:\/\/vietnamexpo2025osaka.com\/vi\/wp-json\/wp\/v2\/comments?post=2323"}],"version-history":[{"count":11,"href":"https:\/\/vietnamexpo2025osaka.com\/vi\/wp-json\/wp\/v2\/pages\/2323\/revisions"}],"predecessor-version":[{"id":2980,"href":"https:\/\/vietnamexpo2025osaka.com\/vi\/wp-json\/wp\/v2\/pages\/2323\/revisions\/2980"}],"wp:featuredmedia":[{"embeddable":true,"href":"https:\/\/vietnamexpo2025osaka.com\/vi\/wp-json\/wp\/v2\/media\/3002"}],"wp:attachment":[{"href":"https:\/\/vietnamexpo2025osaka.com\/vi\/wp-json\/wp\/v2\/media?parent=2323"}],"curies":[{"name":"wp","href":"https:\/\/api.w.org\/{rel}","templated":true}]}}