{"id":2243,"date":"2025-03-21T06:49:54","date_gmt":"2025-03-21T06:49:54","guid":{"rendered":"https:\/\/vietnamexpo2025osaka.com\/?page_id=2243"},"modified":"2025-04-10T09:58:47","modified_gmt":"2025-04-10T09:58:47","slug":"am-thuc","status":"publish","type":"page","link":"https:\/\/vietnamexpo2025osaka.com\/vi\/am-thuc\/","title":{"rendered":"\u1ea8m th\u1ef1c"},"content":{"rendered":"<div class=\"wpb-content-wrapper\"><p>[vc_row row_content_width=&#8221;grid&#8221;][vc_column]<div class=\"eltdf-section-title-holder   eltdf-st-decorative-line\" style=\"text-align: center\">\n\t<div class=\"eltdf-st-inner\">\n                    <h3 class=\"eltdf-st-caption\" style=\"color: #103F8D;margin: 0 0 12px 0\">\n                <span class=\"eltdf-st-caption-inner\" >H\u01b0\u01a1ng v\u1ecb Tinh t\u1ebf v\u00e0 \u0110a d\u1ea1ng c\u1ee7a Vi\u1ec7t Nam: H\u00e0nh tr\u00ecnh \u00c2\u0309m th\u1ef1c qua ba Khi\u0301a ca\u0323nh<\/span>\n            <\/h3>\n        \t\t\t\t\t<h3 class=\"eltdf-st-title\" style=\"color: #BF1D34\">\n    <span class=\"eltdf-st-title-inner\"><span class=\"eltdf-st-side-line-left\" ><\/span>\u00c2\u0309M TH\u01af\u0323C<span class=\"eltdf-st-side-line-right\" ><\/span><\/span>\n\t\t\t<\/h3>\n\t\t\t\t\t\t\t<p class=\"eltdf-st-text\" style=\"color: #000000;font-size: 19px;line-height: 28px;margin: 18px\">\n\t\t\t\t\u1ea8m th\u1ef1c Vi\u1ec7t Nam \u0111\u01b0\u1ee3c ca ng\u1ee3i tr\u00ean to\u00e0n th\u1ebf gi\u1edbi v\u00ec c\u00e1c nguy\u00ean li\u1ec7u t\u01b0\u01a1i ngon, h\u01b0\u01a1ng v\u1ecb s\u1ed1ng \u0111\u1ed9ng v\u00e0 s\u1ef1 c\u00e2n b\u1eb1ng tinh t\u1ebf gi\u1eefa c\u00e1c h\u01b0\u01a1ng v\u1ecb ng\u1ecdt, chua, m\u1eb7n v\u00e0 cay. \u0110\u00e2y l\u00e0 n\u1ec1n \u1ea9m th\u1ef1c c\u00f3 ngu\u1ed3n g\u1ed1c s\u00e2u xa t\u1eeb di s\u1ea3n n\u00f4ng nghi\u1ec7p v\u00e0 ch\u1ecbu \u1ea3nh h\u01b0\u1edfng c\u1ee7a \u0111\u1ecba li\u0301 v\u00e0 l\u1ecbch s\u1eed. \u0110\u1ec3 th\u1ef1c s\u1ef1 \u0111\u00e1nh gi\u00e1 cao s\u1ef1 phong ph\u00fa c\u1ee7a n\u00f3, ch\u00fang ta c\u00f3 th\u1ec3 kh\u00e1m ph\u00e1 th\u00f4ng qua ba kh\u00eda c\u1ea1nh ch\u00ednh: Chu\u0301 tro\u0323ng v\u00e0o s\u1ef1 t\u01b0\u01a1i ngon v\u00e0 c\u00e2n b\u1eb1ng, Bi\u1ebfn th\u1ec3 theo v\u00f9ng v\u00e0 V\u0103n hoa\u0301 \u1ea9m th\u1ef1c \u0111\u01b0\u1eddng ph\u1ed1.\t\t\t<\/p>\n\t\t\t\t\t<\/div>\n<\/div>[vc_empty_space height=&#8221;30px&#8221;][vc_row_inner row_content_width=&#8221;grid&#8221; simple_background_color=&#8221;#ffffff&#8221; css=&#8221;.vc_custom_1570013526624{padding-bottom: 120px !important;}&#8221;][vc_column_inner]<div class=\"eltdf-elements-holder   eltdf-one-column  eltdf-responsive-mode-768 \" ><div class=\"eltdf-eh-item    \"  data-item-class=\"eltdf-eh-custom-9530\" data-1025-1399=\"0 70px\" data-769-1024=\"0 5.5%\" data-681-768=\"0 7.2%\">\n\t<div class=\"eltdf-eh-item-inner\">\n\t\t<div class=\"eltdf-eh-item-content eltdf-eh-custom-9530\" style=\"padding: 0 7%\">\n\t\t\t[vc_empty_space height=&#8221;64px&#8221;]<div class=\"eltdf-show-list-holder eltdf-sl-gallery  eltdf-normal-space eltdf-sl-two-columns eltdf-sl-pag-load-more\"  data-type=gallery data-number-of-columns=2 data-space-between-items=normal data-number-of-items=6 data-category=food data-title-tag=h6 data-image-proportions=full data-enable-fixed-proportions=no data-show-category=yes data-show-date-range=no data-orderby=date data-order=ASC data-show-single-layout=info-bellow data-show-slider=no data-slider-navigation=no data-slider-pagination=no data-pagination-type=load-more data-load-more-top-margin=0 data-slider-autoplay=no data-max-num-pages=1 data-next-page=2>\n\t<div class=\"eltdf-sl-inner eltdf-outer-space \" data-number-of-items=\"2\" data-enable-navigation=\"no\" data-enable-pagination=\"no\" data-enable-autoplay=\"no\">\n\t\t\n<div class=\"eltdf-show eltdf-item-space  show-item has-post-thumbnail hentry show-category-exhibition info-bellow post-2375 type-show-item status-publish has-post-thumbnail hentry show-category-food info-bellow\">\n\t<div class=\"eltdf-show-inner\">\n\t\t\t\t\t<div class=\"eltdf-show-image\">\n\t\t\t\t<a itemprop=\"url\" href=\"https:\/\/vietnamexpo2025osaka.com\/vi\/show-item\/recyclable-tableware-edish\/\" target=\"_self\">\n\t\t\t\t\t\t\t\t\t\t\t<img loading=\"lazy\" decoding=\"async\" width=\"1280\" height=\"865\" src=\"https:\/\/vietnamexpo2025osaka.com\/vi\/wp-content\/uploads\/2025\/03\/39-An-Giang-thanhld67@gmail.com-nghe-lam-banh-xeo-lo\u031b\u0301n.jpeg\" class=\"attachment-full size-full wp-post-image\" alt=\"\" \/>\t\t\t\t\t\t\t\t\t<\/a>\n\t\t\t<\/div>\n\t\t\t\t<div class=\"eltdf-show-info\">\n            <div class=\"eltdf-show-info-wrapper\">\n                                    <div class=\"eltdf-show-categories-holder\">\n                                                    <a itemprop=\"url\" class=\"eltdf-show-categories\" href=\"https:\/\/vietnamexpo2025osaka.com\/vi\/shows-category\/food\/\">\u1ea8m th\u1ef1c<\/a>\n                                            <\/div>\n                                                <div class=\"eltdf-show-title-holder\">\n                    <h6 itemprop=\"name\" class=\"eltdf-show-name entry-title\">\n                        <a itemprop=\"url\" href=\"https:\/\/vietnamexpo2025osaka.com\/vi\/show-item\/recyclable-tableware-edish\/\">Chu\u0301 tro\u0323ng v\u00e0o s\u1ef1 T\u01b0\u01a1i ngon v\u00e0 C\u00e2n b\u1eb1ng: Tri\u1ebft li\u0301 v\u1ec1 H\u01b0\u01a1ng v\u1ecb<\/a>\n                    <\/h6>\n                <\/div>\n            <\/div>\n                            <div class=\"eltdf-show-excerpt-holder\">\n                    <span>Tr\u1ecdng t\u00e2m c\u1ee7a \u1ea9m th\u1ef1c Vi\u1ec7t Nam l\u00e0 tri\u1ebft li\u0301 t\u1eadp trung v\u00e0o ch\u1ea5t l\u01b0\u1ee3ng v\u00e0 \u0111\u1ed9 t\u01b0\u01a1i ngon c\u1ee7a c\u00e1c nguy\u00ean li\u1ec7u v\u00e0 s\u1ef1 t\u01b0\u01a1ng t\u00e1c h\u00e0i hoa\u0300 c\u1ee7a c\u00e1c h\u01b0\u01a1ng v\u1ecb: Nguy\u00ean li\u1ec7u t\u01b0\u01a1i ngon d\u1ed3i d\u00e0o: \u1ea8m [&hellip;]<\/span>\n                <\/div>\n                        <div class=\"eltdf-event-post-read-more-button\">\n                <a itemprop=\"url\" href=\"https:\/\/vietnamexpo2025osaka.com\/vi\/show-item\/recyclable-tableware-edish\/\" target=\"_self\"  class=\"eltdf-btn eltdf-btn-medium eltdf-btn-simple eltdf-blog-list-button\"  >    <span class=\"eltdf-btn-text\">View more<\/span>    <\/a>            <\/div>\n\t\t<\/div>\n\t<\/div>\n<\/div>\n\n<div class=\"eltdf-show eltdf-item-space  show-item has-post-thumbnail hentry show-category-exhibition info-bellow post-2376 type-show-item status-publish has-post-thumbnail hentry show-category-food info-bellow\">\n\t<div class=\"eltdf-show-inner\">\n\t\t\t\t\t<div class=\"eltdf-show-image\">\n\t\t\t\t<a itemprop=\"url\" href=\"https:\/\/vietnamexpo2025osaka.com\/vi\/show-item\/design-city-nurtured-by-wooden-furniture-spreading-the-appeal-of-asahikawa-furniture-to-the-world-vol-2\/\" target=\"_self\">\n\t\t\t\t\t\t\t\t\t\t\t<img loading=\"lazy\" decoding=\"async\" width=\"1280\" height=\"865\" src=\"https:\/\/vietnamexpo2025osaka.com\/vi\/wp-content\/uploads\/2025\/03\/Banh-Mi-25-hanoi-1-1-1.jpg\" class=\"attachment-full size-full wp-post-image\" alt=\"\" \/>\t\t\t\t\t\t\t\t\t<\/a>\n\t\t\t<\/div>\n\t\t\t\t<div class=\"eltdf-show-info\">\n            <div class=\"eltdf-show-info-wrapper\">\n                                    <div class=\"eltdf-show-categories-holder\">\n                                                    <a itemprop=\"url\" class=\"eltdf-show-categories\" href=\"https:\/\/vietnamexpo2025osaka.com\/vi\/shows-category\/food\/\">\u1ea8m th\u1ef1c<\/a>\n                                            <\/div>\n                                                <div class=\"eltdf-show-title-holder\">\n                    <h6 itemprop=\"name\" class=\"eltdf-show-name entry-title\">\n                        <a itemprop=\"url\" href=\"https:\/\/vietnamexpo2025osaka.com\/vi\/show-item\/design-city-nurtured-by-wooden-furniture-spreading-the-appeal-of-asahikawa-furniture-to-the-world-vol-2\/\">C\u00e1c bi\u1ebfn th\u1ec3 theo v\u00f9ng: H\u00e0nh tr\u00ecnh \u00c2\u0309m th\u1ef1c t\u1eeb B\u1eafc v\u00e0o Nam<\/a>\n                    <\/h6>\n                <\/div>\n            <\/div>\n                            <div class=\"eltdf-show-excerpt-holder\">\n                    <span>\u0110\u1ecba li\u0301 v\u00e0 l\u1ecbch s\u1eed \u0111a d\u1ea1ng c\u1ee7a Vi\u1ec7t Nam \u0111\u00e3 d\u1eabn \u0111\u1ebfn nh\u1eefng bi\u1ebfn th\u1ec3 theo v\u00f9ng ri\u00eang bi\u1ec7t trong \u1ea9m th\u1ef1c: &nbsp; &nbsp; \u1ea8m th\u1ef1c mi\u1ec1n B\u1eafc: Do \u1ea3nh h\u01b0\u1edfng c\u1ee7a v\u1ecb tr\u00ed g\u1ea7n Trung Qu\u1ed1c v\u00e0 kh\u00ed [&hellip;]<\/span>\n                <\/div>\n                        <div class=\"eltdf-event-post-read-more-button\">\n                <a itemprop=\"url\" href=\"https:\/\/vietnamexpo2025osaka.com\/vi\/show-item\/design-city-nurtured-by-wooden-furniture-spreading-the-appeal-of-asahikawa-furniture-to-the-world-vol-2\/\" target=\"_self\"  class=\"eltdf-btn eltdf-btn-medium eltdf-btn-simple eltdf-blog-list-button\"  >    <span class=\"eltdf-btn-text\">View more<\/span>    <\/a>            <\/div>\n\t\t<\/div>\n\t<\/div>\n<\/div>\n\n<div class=\"eltdf-show eltdf-item-space  show-item has-post-thumbnail hentry show-category-exhibition info-bellow post-2377 type-show-item status-publish has-post-thumbnail hentry show-category-food info-bellow\">\n\t<div class=\"eltdf-show-inner\">\n\t\t\t\t\t<div class=\"eltdf-show-image\">\n\t\t\t\t<a itemprop=\"url\" href=\"https:\/\/vietnamexpo2025osaka.com\/vi\/show-item\/design-city-nurtured-by-wooden-furniture-spreading-the-appeal-of-asahikawa-furniture-to-the-world-vol-1\/\" target=\"_self\">\n\t\t\t\t\t\t\t\t\t\t\t<img loading=\"lazy\" decoding=\"async\" width=\"3787\" height=\"2242\" src=\"https:\/\/vietnamexpo2025osaka.com\/vi\/wp-content\/uploads\/2025\/03\/391-Ca\u0302\u0300n-Tho\u031b-antranphoto.vn@gmail.com-cho-noi-vao-xuan.jpg\" class=\"attachment-full size-full wp-post-image\" alt=\"\" \/>\t\t\t\t\t\t\t\t\t<\/a>\n\t\t\t<\/div>\n\t\t\t\t<div class=\"eltdf-show-info\">\n            <div class=\"eltdf-show-info-wrapper\">\n                                    <div class=\"eltdf-show-categories-holder\">\n                                                    <a itemprop=\"url\" class=\"eltdf-show-categories\" href=\"https:\/\/vietnamexpo2025osaka.com\/vi\/shows-category\/food\/\">\u1ea8m th\u1ef1c<\/a>\n                                            <\/div>\n                                                <div class=\"eltdf-show-title-holder\">\n                    <h6 itemprop=\"name\" class=\"eltdf-show-name entry-title\">\n                        <a itemprop=\"url\" href=\"https:\/\/vietnamexpo2025osaka.com\/vi\/show-item\/design-city-nurtured-by-wooden-furniture-spreading-the-appeal-of-asahikawa-furniture-to-the-world-vol-1\/\">V\u0103n hoa\u0301 \u1ea9m th\u1ef1c \u0111\u01b0\u1eddng ph\u1ed1: M\u1ed9t b\u1ed1i c\u1ea3nh \u1ea9m th\u1ef1c s\u00f4i \u0111\u1ed9ng v\u00e0 d\u1ec5 ti\u1ebfp c\u1eadn<\/a>\n                    <\/h6>\n                <\/div>\n            <\/div>\n                            <div class=\"eltdf-show-excerpt-holder\">\n                    <span>\u1ea8m th\u1ef1c \u0111\u01b0\u1eddng ph\u1ed1 Vi\u1ec7t Nam l\u00e0 m\u1ed9t ph\u1ea7n s\u00f4i \u0111\u1ed9ng v\u00e0 kh\u00f4ng th\u1ec3 thi\u1ebfu trong b\u1ed1i c\u1ea3nh \u1ea9m th\u1ef1c c\u1ee7a \u0111\u1ea5t n\u01b0\u1edbc, mang \u0111\u00ea\u0301n c\u00e1c b\u1eefa \u0103n ngon v\u00e0 gi\u00e1 c\u1ea3 ph\u1ea3i ch\u0103ng \u1edf m\u1ecdi ng\u00f3c ng\u00e1ch: Ph\u1ed5 bi\u1ebfn [&hellip;]<\/span>\n                <\/div>\n                        <div class=\"eltdf-event-post-read-more-button\">\n                <a itemprop=\"url\" href=\"https:\/\/vietnamexpo2025osaka.com\/vi\/show-item\/design-city-nurtured-by-wooden-furniture-spreading-the-appeal-of-asahikawa-furniture-to-the-world-vol-1\/\" target=\"_self\"  class=\"eltdf-btn eltdf-btn-medium eltdf-btn-simple eltdf-blog-list-button\"  >    <span class=\"eltdf-btn-text\">View more<\/span>    <\/a>            <\/div>\n\t\t<\/div>\n\t<\/div>\n<\/div>\n\t<\/div>\n\t<\/div>\t\t<\/div>\n\t<\/div>\n<\/div><\/div>[\/vc_column_inner][\/vc_row_inner][\/vc_column][\/vc_row][vc_row][vc_column][\/vc_column][\/vc_row]<\/p>\n<\/div>","protected":false},"excerpt":{"rendered":"<p>[vc_row row_content_width=&#8221;grid&#8221;][vc_column][vc_empty_space height=&#8221;30px&#8221;][vc_row_inner row_content_width=&#8221;grid&#8221; simple_background_color=&#8221;#ffffff&#8221; css=&#8221;.vc_custom_1570013526624{padding-bottom: 120px !important;}&#8221;][vc_column_inner][\/vc_column_inner][\/vc_row_inner][\/vc_column][\/vc_row][vc_row][vc_column][\/vc_column][\/vc_row]<\/p>\n","protected":false},"author":1,"featured_media":3002,"parent":0,"menu_order":0,"comment_status":"closed","ping_status":"closed","template":"","meta":{"footnotes":""},"class_list":["post-2243","page","type-page","status-publish","has-post-thumbnail","hentry"],"yoast_head":"<!-- This site is optimized with the Yoast SEO plugin v24.8.1 - https:\/\/yoast.com\/wordpress\/plugins\/seo\/ -->\n<title>\u1ea8m th\u1ef1c - Vi\u1ec7t Nam EXPO<\/title>\n<meta name=\"robots\" content=\"index, follow, max-snippet:-1, max-image-preview:large, max-video-preview:-1\" \/>\n<link rel=\"canonical\" href=\"https:\/\/vietnamexpo2025osaka.com\/vi\/am-thuc\/\" \/>\n<meta property=\"og:locale\" content=\"en_US\" \/>\n<meta property=\"og:type\" content=\"article\" \/>\n<meta property=\"og:title\" content=\"\u1ea8m th\u1ef1c - Vi\u1ec7t Nam EXPO\" \/>\n<meta property=\"og:description\" content=\"[vc_row row_content_width=&#8221;grid&#8221;][vc_column][vc_empty_space height=&#8221;30px&#8221;][vc_row_inner row_content_width=&#8221;grid&#8221; simple_background_color=&#8221;#ffffff&#8221; css=&#8221;.vc_custom_1570013526624{padding-bottom: 120px !important;}&#8221;][vc_column_inner][\/vc_column_inner][\/vc_row_inner][\/vc_column][\/vc_row][vc_row][vc_column][\/vc_column][\/vc_row]\" \/>\n<meta property=\"og:url\" content=\"https:\/\/vietnamexpo2025osaka.com\/vi\/am-thuc\/\" \/>\n<meta property=\"og:site_name\" content=\"Vi\u1ec7t Nam EXPO\" \/>\n<meta property=\"article:publisher\" content=\"https:\/\/www.facebook.com\/vietnamexpo2020dubai\/\" \/>\n<meta property=\"article:modified_time\" content=\"2025-04-10T09:58:47+00:00\" \/>\n<meta property=\"og:image\" content=\"https:\/\/vietnamexpo2025osaka.com\/vi\/wp-content\/uploads\/2019\/09\/logo-02-3.png\" \/>\n\t<meta property=\"og:image:width\" content=\"6602\" \/>\n\t<meta property=\"og:image:height\" content=\"6251\" \/>\n\t<meta property=\"og:image:type\" content=\"image\/png\" \/>\n<meta name=\"twitter:card\" content=\"summary_large_image\" \/>\n<meta name=\"twitter:label1\" content=\"Est. reading time\" \/>\n\t<meta name=\"twitter:data1\" content=\"1 minute\" \/>\n<!-- \/ Yoast SEO plugin. -->","yoast_head_json":{"title":"\u1ea8m th\u1ef1c - Vi\u1ec7t Nam EXPO","robots":{"index":"index","follow":"follow","max-snippet":"max-snippet:-1","max-image-preview":"max-image-preview:large","max-video-preview":"max-video-preview:-1"},"canonical":"https:\/\/vietnamexpo2025osaka.com\/vi\/am-thuc\/","og_locale":"en_US","og_type":"article","og_title":"\u1ea8m th\u1ef1c - Vi\u1ec7t Nam EXPO","og_description":"[vc_row row_content_width=&#8221;grid&#8221;][vc_column][vc_empty_space height=&#8221;30px&#8221;][vc_row_inner row_content_width=&#8221;grid&#8221; simple_background_color=&#8221;#ffffff&#8221; css=&#8221;.vc_custom_1570013526624{padding-bottom: 120px !important;}&#8221;][vc_column_inner][\/vc_column_inner][\/vc_row_inner][\/vc_column][\/vc_row][vc_row][vc_column][\/vc_column][\/vc_row]","og_url":"https:\/\/vietnamexpo2025osaka.com\/vi\/am-thuc\/","og_site_name":"Vi\u1ec7t Nam EXPO","article_publisher":"https:\/\/www.facebook.com\/vietnamexpo2020dubai\/","article_modified_time":"2025-04-10T09:58:47+00:00","og_image":[{"width":6602,"height":6251,"url":"https:\/\/vietnamexpo2025osaka.com\/vi\/wp-content\/uploads\/2019\/09\/logo-02-3.png","type":"image\/png"}],"twitter_card":"summary_large_image","twitter_misc":{"Est. reading time":"1 minute"},"schema":{"@context":"https:\/\/schema.org","@graph":[{"@type":"WebPage","@id":"https:\/\/vietnamexpo2025osaka.com\/vi\/am-thuc\/","url":"https:\/\/vietnamexpo2025osaka.com\/vi\/am-thuc\/","name":"\u1ea8m th\u1ef1c - Vi\u1ec7t Nam EXPO","isPartOf":{"@id":"https:\/\/vietnamexpo2025osaka.com\/vi\/#website"},"primaryImageOfPage":{"@id":"https:\/\/vietnamexpo2025osaka.com\/vi\/am-thuc\/#primaryimage"},"image":{"@id":"https:\/\/vietnamexpo2025osaka.com\/vi\/am-thuc\/#primaryimage"},"thumbnailUrl":"https:\/\/vietnamexpo2025osaka.com\/vi\/wp-content\/uploads\/2019\/09\/logo-02-3.png","datePublished":"2025-03-21T06:49:54+00:00","dateModified":"2025-04-10T09:58:47+00:00","breadcrumb":{"@id":"https:\/\/vietnamexpo2025osaka.com\/vi\/am-thuc\/#breadcrumb"},"inLanguage":"en-US","potentialAction":[{"@type":"ReadAction","target":["https:\/\/vietnamexpo2025osaka.com\/vi\/am-thuc\/"]}]},{"@type":"ImageObject","inLanguage":"en-US","@id":"https:\/\/vietnamexpo2025osaka.com\/vi\/am-thuc\/#primaryimage","url":"https:\/\/vietnamexpo2025osaka.com\/vi\/wp-content\/uploads\/2019\/09\/logo-02-3.png","contentUrl":"https:\/\/vietnamexpo2025osaka.com\/vi\/wp-content\/uploads\/2019\/09\/logo-02-3.png","width":6602,"height":6251},{"@type":"BreadcrumbList","@id":"https:\/\/vietnamexpo2025osaka.com\/vi\/am-thuc\/#breadcrumb","itemListElement":[{"@type":"ListItem","position":1,"name":"Home","item":"https:\/\/vietnamexpo2025osaka.com\/vi\/"},{"@type":"ListItem","position":2,"name":"\u1ea8m th\u1ef1c"}]},{"@type":"WebSite","@id":"https:\/\/vietnamexpo2025osaka.com\/vi\/#website","url":"https:\/\/vietnamexpo2025osaka.com\/vi\/","name":"Vi\u1ec7t Nam EXPO","description":"EXPO 2025","publisher":{"@id":"https:\/\/vietnamexpo2025osaka.com\/vi\/#organization"},"potentialAction":[{"@type":"SearchAction","target":{"@type":"EntryPoint","urlTemplate":"https:\/\/vietnamexpo2025osaka.com\/vi\/?s={search_term_string}"},"query-input":{"@type":"PropertyValueSpecification","valueRequired":true,"valueName":"search_term_string"}}],"inLanguage":"en-US"},{"@type":"Organization","@id":"https:\/\/vietnamexpo2025osaka.com\/vi\/#organization","name":"Vi\u1ec7t Nam EXPO","url":"https:\/\/vietnamexpo2025osaka.com\/vi\/","logo":{"@type":"ImageObject","inLanguage":"en-US","@id":"https:\/\/vietnamexpo2025osaka.com\/vi\/#\/schema\/logo\/image\/","url":"https:\/\/vietnamexpo2025osaka.com\/vi\/wp-content\/uploads\/2019\/09\/logo-02-4.png","contentUrl":"https:\/\/vietnamexpo2025osaka.com\/vi\/wp-content\/uploads\/2019\/09\/logo-02-4.png","width":6602,"height":6251,"caption":"Vi\u1ec7t Nam EXPO"},"image":{"@id":"https:\/\/vietnamexpo2025osaka.com\/vi\/#\/schema\/logo\/image\/"},"sameAs":["https:\/\/www.facebook.com\/vietnamexpo2020dubai\/","https:\/\/www.tiktok.com\/@vietnamexpo2025"]}]}},"_links":{"self":[{"href":"https:\/\/vietnamexpo2025osaka.com\/vi\/wp-json\/wp\/v2\/pages\/2243","targetHints":{"allow":["GET"]}}],"collection":[{"href":"https:\/\/vietnamexpo2025osaka.com\/vi\/wp-json\/wp\/v2\/pages"}],"about":[{"href":"https:\/\/vietnamexpo2025osaka.com\/vi\/wp-json\/wp\/v2\/types\/page"}],"author":[{"embeddable":true,"href":"https:\/\/vietnamexpo2025osaka.com\/vi\/wp-json\/wp\/v2\/users\/1"}],"replies":[{"embeddable":true,"href":"https:\/\/vietnamexpo2025osaka.com\/vi\/wp-json\/wp\/v2\/comments?post=2243"}],"version-history":[{"count":20,"href":"https:\/\/vietnamexpo2025osaka.com\/vi\/wp-json\/wp\/v2\/pages\/2243\/revisions"}],"predecessor-version":[{"id":2981,"href":"https:\/\/vietnamexpo2025osaka.com\/vi\/wp-json\/wp\/v2\/pages\/2243\/revisions\/2981"}],"wp:featuredmedia":[{"embeddable":true,"href":"https:\/\/vietnamexpo2025osaka.com\/vi\/wp-json\/wp\/v2\/media\/3002"}],"wp:attachment":[{"href":"https:\/\/vietnamexpo2025osaka.com\/vi\/wp-json\/wp\/v2\/media?parent=2243"}],"curies":[{"name":"wp","href":"https:\/\/api.w.org\/{rel}","templated":true}]}}