{"id":2185,"date":"2025-03-20T08:54:34","date_gmt":"2025-03-20T08:54:34","guid":{"rendered":"http:\/\/expo.topon.tech\/?page_id=2185"},"modified":"2025-04-10T09:57:54","modified_gmt":"2025-04-10T09:57:54","slug":"viet-nam-ngay-nay","status":"publish","type":"page","link":"https:\/\/vietnamexpo2025osaka.com\/vi\/viet-nam-ngay-nay\/","title":{"rendered":"Vi\u1ec7t Nam ng\u00e0y nay"},"content":{"rendered":"<div class=\"wpb-content-wrapper\"><p>[vc_row][vc_column][vc_empty_space]<div class=\"eltdf-banner-holder  eltdf-visible-on-hover eltdf-banner-info-centered\">\n    <div class=\"eltdf-banner-image\">\n        <img loading=\"lazy\" decoding=\"async\" width=\"1280\" height=\"892\" src=\"https:\/\/vietnamexpo2025osaka.com\/vi\/wp-content\/uploads\/2025\/03\/33-Kien-Giang-Biosphere-Reserve-Kie\u0302n-Giang-Province-lo\u031b\u0301n-1.jpeg\" class=\"attachment-full size-full\" alt=\"\" \/>    <\/div>\n    <div class=\"eltdf-banner-text-holder\" >\n\t    <div class=\"eltdf-banner-text-outer\">\n\t\t    <div class=\"eltdf-banner-text-inner\">\n                \t\t                        \t\t\t\t\t\t\t<\/div>\n\t\t<\/div>\n\t<\/div>\n\t<\/div>[\/vc_column][\/vc_row][vc_row content_placement=&#8221;middle&#8221; row_content_width=&#8221;grid&#8221; content_text_aligment=&#8221;center&#8221; css=&#8221;.vc_custom_1569324944688{padding-top: 147px !important;}&#8221;][vc_column]<div class=\"eltdf-section-title-holder   eltdf-st-decorative-line\" >\n\t<div class=\"eltdf-st-inner\">\n                    <h3 class=\"eltdf-st-caption\" style=\"color: #103F8D;margin: 0 0 7px 0\">\n                <span class=\"eltdf-st-caption-inner\" >Xin ch\u00e0o<\/span>\n            <\/h3>\n        \t\t\t\t\t<h3 class=\"eltdf-st-title\" style=\"color: #BF1D34\">\n    <span class=\"eltdf-st-title-inner\"><span class=\"eltdf-st-side-line-left\" ><\/span>V\u1ec0 VI\u1ec6T NAM<span class=\"eltdf-st-side-line-right\" ><\/span><\/span>\n\t\t\t<\/h3>\n\t\t\t\t\t\t\t<\/div>\n<\/div>[vc_empty_space][\/vc_column][\/vc_row][vc_row content_placement=&#8221;top&#8221; row_content_width=&#8221;grid&#8221; content_text_aligment=&#8221;left&#8221; css=&#8221;.vc_custom_1569829509569{padding-bottom: 81px !important;}&#8221;][vc_column offset=&#8221;vc_col-lg-offset-0 vc_col-lg-6 vc_col-md-offset-0 vc_col-md-12 vc_col-sm-offset-0 vc_col-xs-12&#8243;][vc_column_text css=&#8221;&#8221;]<\/p>\n<div class=\"eltdf-eh-item eltdf-horizontal-alignment-center \" data-item-class=\"eltdf-eh-custom-6398\" data-1400-1600=\"0 60px 0 0\" data-1025-1399=\"0 27px 0 0\" data-769-1024=\"0 212px\" data-681-768=\"0 120px\" data-680=\"0 0 0 0\">\n<div class=\"eltdf-eh-item-inner\">\n<div class=\"eltdf-eh-item-content eltdf-eh-custom-6398\">\n<div class=\"wpb_text_column wpb_content_element \">\n<div class=\"wpb_wrapper\">\n<p style=\"text-align: justify;\"><span style=\"font-weight: 400;\">Vi\u1ec7t Nam l\u00e0 m\u1ed9t \u0111i\u1ec3m \u0111\u1ebfn quy\u1ebfn r\u0169, tr\u00e0n ng\u1eadp nh\u1eefng khung c\u1ea3nh th\u00e0nh ph\u1ed1 s\u00f4i \u0111\u1ed9ng, \u1ea9m th\u1ef1c tuy\u1ec7t v\u01a1\u0300i v\u00e0 phong c\u1ea3nh ngo\u1ea1n m\u1ee5c. \u0110\u1ea5t n\u01b0\u1edbc n\u0103ng \u0111\u1ed9ng n\u00e0y k\u1ebft h\u1ee3p h\u00e0i hoa\u0300 gi\u1eefa xu h\u01b0\u1edbng \u0111\u00f4 th\u1ecb hi\u1ec7n \u0111\u1ea1i v\u00e0 nh\u1eefng truy\u1ec1n th\u1ed1ng l\u00e2u \u0111\u01a1\u0300i. Kh\u00e1m ph\u00e1 nh\u1eefng ng\u00f4i \u0111\u1ec1n c\u1ed5 k\u00ednh n\u00e9p m\u00ecnh g\u1ea7n nh\u1eefng qu\u00e1n bar t\u1ea7ng th\u01b0\u1ee3ng c\u01b0\u0323c ch\u00e2\u0301t \u1edf c\u00e1c th\u00e0nh ph\u1ed1 n\u00e1o nhi\u1ec7t. Ch\u1ee9ng ki\u1ebfn nh\u1ecbp s\u1ed1ng \u0111\u01b0\u1ee3c \u0111i\u0323nh \u0111oa\u0323t b\u1edfi ngh\u1ec1 tr\u1ed3ng l\u00faa \u1edf c\u00e1c v\u00f9ng n\u00f4ng th\u00f4n. S\u1ef1 pha tr\u1ed9n gi\u1eefa qu\u00e1 kh\u1ee9 v\u00e0 hi\u1ec7n t\u1ea1i l\u00e0 \u0111i\u1ec3m thu h\u00fat l\u01a1\u0301n nh\u00e2\u0301t c\u1ee7a Vi\u1ec7t Nam. <\/span><\/p>\n<\/div>\n<\/div>\n<\/div>\n<\/div>\n<\/div>\n<p>[\/vc_column_text][\/vc_column][vc_column offset=&#8221;vc_col-lg-offset-0 vc_col-lg-6 vc_col-md-offset-0 vc_col-md-12 vc_col-sm-offset-0 vc_col-xs-12&#8243;][vc_column_text css=&#8221;&#8221;]<\/p>\n<p style=\"text-align: justify;\"><span style=\"font-weight: 400;\">H\u01a1n n\u1eefa, Vi\u1ec7t Nam t\u1ef1 h\u00e0o c\u00f3 v\u1ebb \u0111\u1eb9p thi\u00ean nhi\u00ean tuy\u1ec7t v\u1eddi, t\u1eeb nh\u1eefng ng\u1ecdn n\u00fai hu\u0300ng vi\u0303 v\u00e0 nh\u1eefng v\u1ecbnh \u0111\u00e1 v\u00f4i tr\u00f9ng \u0111i\u1ec7p \u1edf ph\u00eda b\u1eafc, n\u00e9t c\u1ed5 k\u00ednh c\u1ee7a th\u1ee7 \u0111\u00f4 H\u00e0 N\u1ed9i ng\u00e0n n\u0103m v\u0103n hi\u1ebfn, \u0111\u1ebfn n\u00e9t duy\u00ean d\u00e1ng r\u00eau phong l\u1ecbch s\u1eed c\u00f9ng s\u1ef1 th\u01b0 th\u00e1i c\u1ee7a v\u00f9ng duy\u00ean h\u1ea3i mi\u1ec1n Trung. N\u0103ng l\u01b0\u1ee3ng s\u00f4i \u0111\u1ed9ng c\u1ee7a Th\u00e0nh ph\u1ed1 H\u1ed3 Ch\u00ed Minh v\u00e0 v\u1ebb \u0111\u1eb9p nh\u01b0 tranh v\u1ebd c\u1ee7a \u0110\u1ed3ng b\u1eb1ng s\u00f4ng C\u1eedu Long \u1edf ph\u00eda nam mang \u0111\u1ebfn nh\u1eefng l\u00fd do h\u1ea5p d\u1eabn \u0111\u1ec3 b\u1ea1n gh\u00e9 th\u0103m nhi\u1ec1u l\u1ea7n.<\/span><\/p>\n<p>[\/vc_column_text][\/vc_column][\/vc_row][vc_row content_placement=&#8221;middle&#8221; row_content_width=&#8221;grid&#8221; content_text_aligment=&#8221;center&#8221; css=&#8221;.vc_custom_1569576330170{padding-top: 147px !important;padding-bottom: 71px !important;}&#8221;][vc_column]<div class=\"eltdf-section-title-holder   eltdf-st-decorative-line\" >\n\t<div class=\"eltdf-st-inner\">\n                    <h3 class=\"eltdf-st-caption\" style=\"color: #103F8D;margin: 0 0 6px 0\">\n                <span class=\"eltdf-st-caption-inner\" >\u0110i\u1ec1u tuy\u1ec7t nh\u1ea5t c\u1ee7a Vi\u1ec7t Nam<\/span>\n            <\/h3>\n        \t\t\t\t\t<h3 class=\"eltdf-st-title\" style=\"color: #BF1D34\">\n    <span class=\"eltdf-st-title-inner\"><span class=\"eltdf-st-side-line-left\" ><\/span>\u0110I\u1ec2M NH\u1ea4N<span class=\"eltdf-st-side-line-right\" ><\/span><\/span>\n\t\t\t<\/h3>\n\t\t\t\t\t\t\t<\/div>\n<\/div>[\/vc_column][\/vc_row][vc_row row_content_width=&#8221;grid&#8221; content_text_aligment=&#8221;center&#8221; css=&#8221;.vc_custom_1569576556846{padding-bottom: 80px !important;}&#8221;][vc_column offset=&#8221;vc_col-lg-offset-0 vc_col-lg-4 vc_col-md-offset-0 vc_col-md-4 vc_col-sm-offset-0 vc_col-xs-12&#8243;]<div class=\"eltdf-single-image-holder    eltdf-image-animation-vertical\">\n    <div class=\"eltdf-si-inner\" >\n                                    <img loading=\"lazy\" decoding=\"async\" width=\"1280\" height=\"853\" src=\"https:\/\/vietnamexpo2025osaka.com\/vi\/wp-content\/uploads\/2025\/03\/20-Hang-May-cave-Ha-Giang-lo\u031b\u0301n.jpeg\" class=\"attachment-full size-full\" alt=\"\" \/>                        <\/div>\n<\/div>[vc_column_text css=&#8221;&#8221;]<\/p>\n<h4 style=\"text-align: center; margin-top: 22px;\">THI\u00caN NHI\u00caN<\/h4>\n<p>[\/vc_column_text][vc_empty_space height=&#8221;47px&#8221;]<a itemprop=\"url\" href=\"https:\/\/vietnamexpo2025osaka.com\/vi\/thien-nhien\/\" target=\"_self\"  class=\"eltdf-btn eltdf-btn-medium eltdf-btn-outline-slit\"  >\n    <span class=\"eltdf-btn-text\">Xem th\u00eam<\/span>\n    <\/a>[vc_empty_space height=&#8221;80px&#8221;][\/vc_column][vc_column offset=&#8221;vc_col-lg-offset-0 vc_col-lg-4 vc_col-md-offset-0 vc_col-md-4 vc_col-sm-offset-0 vc_col-xs-12&#8243;]<div class=\"eltdf-single-image-holder    eltdf-image-animation-vertical\">\n    <div class=\"eltdf-si-inner\" >\n                                    <img loading=\"lazy\" decoding=\"async\" width=\"1280\" height=\"854\" src=\"https:\/\/vietnamexpo2025osaka.com\/vi\/wp-content\/uploads\/2025\/04\/38-An-Giang-dzungnguyen1954@gmail.com-banh-xeo-an-giang-lo\u031b\u0301n.jpeg\" class=\"attachment-full size-full\" alt=\"\" \/>                        <\/div>\n<\/div>[vc_column_text css=&#8221;&#8221;]<\/p>\n<h4 style=\"text-align: center; margin-top: 22px;\">\u1ea8M TH\u1ef0C<\/h4>\n<p>[\/vc_column_text][vc_empty_space height=&#8221;47px&#8221;]<a itemprop=\"url\" href=\"https:\/\/vietnamexpo2025osaka.com\/vi\/am-thuc\/\" target=\"_self\"  class=\"eltdf-btn eltdf-btn-medium eltdf-btn-outline-slit\"  >\n    <span class=\"eltdf-btn-text\">Xem th\u00eam<\/span>\n    <\/a>[vc_empty_space height=&#8221;80px&#8221;][\/vc_column][vc_column offset=&#8221;vc_col-lg-offset-0 vc_col-lg-4 vc_col-md-offset-0 vc_col-md-4 vc_col-sm-offset-0 vc_col-xs-12&#8243;]<div class=\"eltdf-single-image-holder    eltdf-image-animation-vertical\">\n    <div class=\"eltdf-si-inner\" >\n                                    <img loading=\"lazy\" decoding=\"async\" width=\"1280\" height=\"853\" src=\"https:\/\/vietnamexpo2025osaka.com\/vi\/wp-content\/uploads\/2025\/03\/48-Portrait-of-a-Brau-woman-Kon-Tum-lo\u031b\u0301n.jpeg\" class=\"attachment-full size-full\" alt=\"\" \/>                        <\/div>\n<\/div>[vc_column_text css=&#8221;&#8221;]<\/p>\n<h4 style=\"text-align: center; margin-top: 22px;\">V\u0102N H\u00d3A<\/h4>\n<p>[\/vc_column_text][vc_empty_space height=&#8221;47px&#8221;]<a itemprop=\"url\" href=\"https:\/\/vietnamexpo2025osaka.com\/vi\/van-hoa\/\" target=\"_self\"  class=\"eltdf-btn eltdf-btn-medium eltdf-btn-outline-slit\"  >\n    <span class=\"eltdf-btn-text\">Xem th\u00eam<\/span>\n    <\/a>[vc_empty_space height=&#8221;80px&#8221;][\/vc_column][\/vc_row]<\/p>\n<\/div>","protected":false},"excerpt":{"rendered":"<p>[vc_row][vc_column][vc_empty_space][\/vc_column][\/vc_row][vc_row content_placement=&#8221;middle&#8221; row_content_width=&#8221;grid&#8221; content_text_aligment=&#8221;center&#8221; css=&#8221;.vc_custom_1569324944688{padding-top: 147px !important;}&#8221;][vc_column][vc_empty_space][\/vc_column][\/vc_row][vc_row content_placement=&#8221;top&#8221; row_content_width=&#8221;grid&#8221; content_text_aligment=&#8221;left&#8221; css=&#8221;.vc_custom_1569829509569{padding-bottom: 81px !important;}&#8221;][vc_column offset=&#8221;vc_col-lg-offset-0 vc_col-lg-6 vc_col-md-offset-0 vc_col-md-12 vc_col-sm-offset-0 vc_col-xs-12&#8243;][vc_column_text css=&#8221;&#8221;] Vi\u1ec7t Nam l\u00e0 m\u1ed9t \u0111i\u1ec3m \u0111\u1ebfn quy\u1ebfn r\u0169, tr\u00e0n ng\u1eadp nh\u1eefng khung c\u1ea3nh th\u00e0nh ph\u1ed1 s\u00f4i \u0111\u1ed9ng, \u1ea9m th\u1ef1c tuy\u1ec7t [&hellip;]<\/p>\n","protected":false},"author":1,"featured_media":2540,"parent":0,"menu_order":0,"comment_status":"closed","ping_status":"closed","template":"","meta":{"footnotes":""},"class_list":["post-2185","page","type-page","status-publish","has-post-thumbnail","hentry"],"yoast_head":"<!-- This site is optimized with the Yoast SEO plugin v24.8.1 - https:\/\/yoast.com\/wordpress\/plugins\/seo\/ -->\n<title>Vi\u1ec7t Nam ng\u00e0y nay - Vi\u1ec7t Nam EXPO<\/title>\n<meta name=\"robots\" content=\"index, follow, max-snippet:-1, max-image-preview:large, max-video-preview:-1\" \/>\n<link rel=\"canonical\" href=\"https:\/\/vietnamexpo2025osaka.com\/vi\/viet-nam-ngay-nay\/\" \/>\n<meta property=\"og:locale\" content=\"en_US\" \/>\n<meta property=\"og:type\" content=\"article\" \/>\n<meta property=\"og:title\" content=\"Vi\u1ec7t Nam ng\u00e0y nay - Vi\u1ec7t Nam EXPO\" \/>\n<meta property=\"og:description\" content=\"[vc_row][vc_column][vc_empty_space][\/vc_column][\/vc_row][vc_row content_placement=&#8221;middle&#8221; row_content_width=&#8221;grid&#8221; content_text_aligment=&#8221;center&#8221; css=&#8221;.vc_custom_1569324944688{padding-top: 147px !important;}&#8221;][vc_column][vc_empty_space][\/vc_column][\/vc_row][vc_row content_placement=&#8221;top&#8221; row_content_width=&#8221;grid&#8221; content_text_aligment=&#8221;left&#8221; css=&#8221;.vc_custom_1569829509569{padding-bottom: 81px !important;}&#8221;][vc_column offset=&#8221;vc_col-lg-offset-0 vc_col-lg-6 vc_col-md-offset-0 vc_col-md-12 vc_col-sm-offset-0 vc_col-xs-12&#8243;][vc_column_text css=&#8221;&#8221;] Vi\u1ec7t Nam l\u00e0 m\u1ed9t \u0111i\u1ec3m \u0111\u1ebfn quy\u1ebfn r\u0169, tr\u00e0n ng\u1eadp nh\u1eefng khung c\u1ea3nh th\u00e0nh ph\u1ed1 s\u00f4i \u0111\u1ed9ng, \u1ea9m th\u1ef1c tuy\u1ec7t [&hellip;]\" \/>\n<meta property=\"og:url\" content=\"https:\/\/vietnamexpo2025osaka.com\/vi\/viet-nam-ngay-nay\/\" \/>\n<meta property=\"og:site_name\" content=\"Vi\u1ec7t Nam EXPO\" \/>\n<meta property=\"article:publisher\" content=\"https:\/\/www.facebook.com\/vietnamexpo2020dubai\/\" \/>\n<meta property=\"article:modified_time\" content=\"2025-04-10T09:57:54+00:00\" \/>\n<meta property=\"og:image\" content=\"https:\/\/vietnamexpo2025osaka.com\/vi\/wp-content\/uploads\/2025\/03\/33-Kien-Giang-Biosphere-Reserve-Kie\u0302n-Giang-Province-lo\u031b\u0301n-1.jpeg\" \/>\n\t<meta property=\"og:image:width\" content=\"1280\" \/>\n\t<meta property=\"og:image:height\" content=\"892\" \/>\n\t<meta property=\"og:image:type\" content=\"image\/jpeg\" \/>\n<meta name=\"twitter:card\" content=\"summary_large_image\" \/>\n<meta name=\"twitter:label1\" content=\"Est. reading time\" \/>\n\t<meta name=\"twitter:data1\" content=\"3 minutes\" \/>\n<!-- \/ Yoast SEO plugin. -->","yoast_head_json":{"title":"Vi\u1ec7t Nam ng\u00e0y nay - Vi\u1ec7t Nam EXPO","robots":{"index":"index","follow":"follow","max-snippet":"max-snippet:-1","max-image-preview":"max-image-preview:large","max-video-preview":"max-video-preview:-1"},"canonical":"https:\/\/vietnamexpo2025osaka.com\/vi\/viet-nam-ngay-nay\/","og_locale":"en_US","og_type":"article","og_title":"Vi\u1ec7t Nam ng\u00e0y nay - Vi\u1ec7t Nam EXPO","og_description":"[vc_row][vc_column][vc_empty_space][\/vc_column][\/vc_row][vc_row content_placement=&#8221;middle&#8221; row_content_width=&#8221;grid&#8221; content_text_aligment=&#8221;center&#8221; css=&#8221;.vc_custom_1569324944688{padding-top: 147px !important;}&#8221;][vc_column][vc_empty_space][\/vc_column][\/vc_row][vc_row content_placement=&#8221;top&#8221; row_content_width=&#8221;grid&#8221; content_text_aligment=&#8221;left&#8221; css=&#8221;.vc_custom_1569829509569{padding-bottom: 81px !important;}&#8221;][vc_column offset=&#8221;vc_col-lg-offset-0 vc_col-lg-6 vc_col-md-offset-0 vc_col-md-12 vc_col-sm-offset-0 vc_col-xs-12&#8243;][vc_column_text css=&#8221;&#8221;] Vi\u1ec7t Nam l\u00e0 m\u1ed9t \u0111i\u1ec3m \u0111\u1ebfn quy\u1ebfn r\u0169, tr\u00e0n ng\u1eadp nh\u1eefng khung c\u1ea3nh th\u00e0nh ph\u1ed1 s\u00f4i \u0111\u1ed9ng, \u1ea9m th\u1ef1c tuy\u1ec7t [&hellip;]","og_url":"https:\/\/vietnamexpo2025osaka.com\/vi\/viet-nam-ngay-nay\/","og_site_name":"Vi\u1ec7t Nam EXPO","article_publisher":"https:\/\/www.facebook.com\/vietnamexpo2020dubai\/","article_modified_time":"2025-04-10T09:57:54+00:00","og_image":[{"width":1280,"height":892,"url":"https:\/\/vietnamexpo2025osaka.com\/vi\/wp-content\/uploads\/2025\/03\/33-Kien-Giang-Biosphere-Reserve-Kie\u0302n-Giang-Province-lo\u031b\u0301n-1.jpeg","type":"image\/jpeg"}],"twitter_card":"summary_large_image","twitter_misc":{"Est. reading time":"3 minutes"},"schema":{"@context":"https:\/\/schema.org","@graph":[{"@type":"WebPage","@id":"https:\/\/vietnamexpo2025osaka.com\/vi\/viet-nam-ngay-nay\/","url":"https:\/\/vietnamexpo2025osaka.com\/vi\/viet-nam-ngay-nay\/","name":"Vi\u1ec7t Nam ng\u00e0y nay - Vi\u1ec7t Nam EXPO","isPartOf":{"@id":"https:\/\/vietnamexpo2025osaka.com\/vi\/#website"},"primaryImageOfPage":{"@id":"https:\/\/vietnamexpo2025osaka.com\/vi\/viet-nam-ngay-nay\/#primaryimage"},"image":{"@id":"https:\/\/vietnamexpo2025osaka.com\/vi\/viet-nam-ngay-nay\/#primaryimage"},"thumbnailUrl":"https:\/\/vietnamexpo2025osaka.com\/vi\/wp-content\/uploads\/2025\/03\/33-Kien-Giang-Biosphere-Reserve-Kie\u0302n-Giang-Province-lo\u031b\u0301n-1.jpeg","datePublished":"2025-03-20T08:54:34+00:00","dateModified":"2025-04-10T09:57:54+00:00","breadcrumb":{"@id":"https:\/\/vietnamexpo2025osaka.com\/vi\/viet-nam-ngay-nay\/#breadcrumb"},"inLanguage":"en-US","potentialAction":[{"@type":"ReadAction","target":["https:\/\/vietnamexpo2025osaka.com\/vi\/viet-nam-ngay-nay\/"]}]},{"@type":"ImageObject","inLanguage":"en-US","@id":"https:\/\/vietnamexpo2025osaka.com\/vi\/viet-nam-ngay-nay\/#primaryimage","url":"https:\/\/vietnamexpo2025osaka.com\/vi\/wp-content\/uploads\/2025\/03\/33-Kien-Giang-Biosphere-Reserve-Kie\u0302n-Giang-Province-lo\u031b\u0301n-1.jpeg","contentUrl":"https:\/\/vietnamexpo2025osaka.com\/vi\/wp-content\/uploads\/2025\/03\/33-Kien-Giang-Biosphere-Reserve-Kie\u0302n-Giang-Province-lo\u031b\u0301n-1.jpeg","width":1280,"height":892},{"@type":"BreadcrumbList","@id":"https:\/\/vietnamexpo2025osaka.com\/vi\/viet-nam-ngay-nay\/#breadcrumb","itemListElement":[{"@type":"ListItem","position":1,"name":"Home","item":"https:\/\/vietnamexpo2025osaka.com\/vi\/"},{"@type":"ListItem","position":2,"name":"Vi\u1ec7t Nam ng\u00e0y nay"}]},{"@type":"WebSite","@id":"https:\/\/vietnamexpo2025osaka.com\/vi\/#website","url":"https:\/\/vietnamexpo2025osaka.com\/vi\/","name":"Vi\u1ec7t Nam EXPO","description":"EXPO 2025","publisher":{"@id":"https:\/\/vietnamexpo2025osaka.com\/vi\/#organization"},"potentialAction":[{"@type":"SearchAction","target":{"@type":"EntryPoint","urlTemplate":"https:\/\/vietnamexpo2025osaka.com\/vi\/?s={search_term_string}"},"query-input":{"@type":"PropertyValueSpecification","valueRequired":true,"valueName":"search_term_string"}}],"inLanguage":"en-US"},{"@type":"Organization","@id":"https:\/\/vietnamexpo2025osaka.com\/vi\/#organization","name":"Vi\u1ec7t Nam EXPO","url":"https:\/\/vietnamexpo2025osaka.com\/vi\/","logo":{"@type":"ImageObject","inLanguage":"en-US","@id":"https:\/\/vietnamexpo2025osaka.com\/vi\/#\/schema\/logo\/image\/","url":"https:\/\/vietnamexpo2025osaka.com\/vi\/wp-content\/uploads\/2019\/09\/logo-02-4.png","contentUrl":"https:\/\/vietnamexpo2025osaka.com\/vi\/wp-content\/uploads\/2019\/09\/logo-02-4.png","width":6602,"height":6251,"caption":"Vi\u1ec7t Nam EXPO"},"image":{"@id":"https:\/\/vietnamexpo2025osaka.com\/vi\/#\/schema\/logo\/image\/"},"sameAs":["https:\/\/www.facebook.com\/vietnamexpo2020dubai\/","https:\/\/www.tiktok.com\/@vietnamexpo2025"]}]}},"_links":{"self":[{"href":"https:\/\/vietnamexpo2025osaka.com\/vi\/wp-json\/wp\/v2\/pages\/2185","targetHints":{"allow":["GET"]}}],"collection":[{"href":"https:\/\/vietnamexpo2025osaka.com\/vi\/wp-json\/wp\/v2\/pages"}],"about":[{"href":"https:\/\/vietnamexpo2025osaka.com\/vi\/wp-json\/wp\/v2\/types\/page"}],"author":[{"embeddable":true,"href":"https:\/\/vietnamexpo2025osaka.com\/vi\/wp-json\/wp\/v2\/users\/1"}],"replies":[{"embeddable":true,"href":"https:\/\/vietnamexpo2025osaka.com\/vi\/wp-json\/wp\/v2\/comments?post=2185"}],"version-history":[{"count":28,"href":"https:\/\/vietnamexpo2025osaka.com\/vi\/wp-json\/wp\/v2\/pages\/2185\/revisions"}],"predecessor-version":[{"id":3205,"href":"https:\/\/vietnamexpo2025osaka.com\/vi\/wp-json\/wp\/v2\/pages\/2185\/revisions\/3205"}],"wp:featuredmedia":[{"embeddable":true,"href":"https:\/\/vietnamexpo2025osaka.com\/vi\/wp-json\/wp\/v2\/media\/2540"}],"wp:attachment":[{"href":"https:\/\/vietnamexpo2025osaka.com\/vi\/wp-json\/wp\/v2\/media?parent=2185"}],"curies":[{"name":"wp","href":"https:\/\/api.w.org\/{rel}","templated":true}]}}