{"id":2173,"date":"2025-03-20T08:09:35","date_gmt":"2025-03-20T08:09:35","guid":{"rendered":"http:\/\/expo.topon.tech\/?page_id=2173"},"modified":"2025-04-10T10:00:42","modified_gmt":"2025-04-10T10:00:42","slug":"lien-he","status":"publish","type":"page","link":"https:\/\/vietnamexpo2025osaka.com\/vi\/lien-he\/","title":{"rendered":"Li\u00ean h\u1ec7"},"content":{"rendered":"<div class=\"wpb-content-wrapper\"><p>[vc_row content_placement=&#8221;middle&#8221; row_content_width=&#8221;grid&#8221; content_text_aligment=&#8221;center&#8221; css=&#8221;.vc_custom_1569326852951{padding-top: 152px !important;padding-bottom: 147px !important;}&#8221;][vc_column]<div class=\"eltdf-single-image-holder  eltdf-has-shadow  eltdf-image-animation-horizontal\">\n    <div class=\"eltdf-si-inner\" >\n                                    <img loading=\"lazy\" decoding=\"async\" width=\"1280\" height=\"650\" src=\"https:\/\/vietnamexpo2025osaka.com\/vi\/wp-content\/uploads\/2025\/04\/117-Ye\u0302n-Ba\u0301i-double.t238@gmail.com-vet-nang-tren-ruong-bac-thang-lo\u031b\u0301n.jpeg\" class=\"attachment-full size-full\" alt=\"\" \/>                        <\/div>\n<\/div>[vc_empty_space][\/vc_column][vc_column width=&#8221;1\/2&#8243; css=&#8221;.vc_custom_1743589780558{padding-right: 10% !important;padding-left: 10% !important;}&#8221;]<div class=\"eltdf-section-title-holder   eltdf-st-decorative-line\" style=\"text-align: center\">\n\t<div class=\"eltdf-st-inner\">\n                    <h3 class=\"eltdf-st-caption\" style=\"color: #103F8D\">\n                <span class=\"eltdf-st-caption-inner\" >Li\u00ean h\u1ec7<\/span>\n            <\/h3>\n        \t\t\t\t\t<h4 class=\"eltdf-st-title\" style=\"color: #BF1D34\">\n    <span class=\"eltdf-st-title-inner\"><span class=\"eltdf-st-side-line-left\" ><\/span>\u0110\u1ed1i t\u00e1c v\u00e0 Th\u1eafc m\u1eafc<span class=\"eltdf-st-side-line-right\" ><\/span><\/span>\n\t\t\t<\/h4>\n\t\t\t\t\t\t\t<\/div>\n<\/div>[vc_column_text css=&#8221;&#8221;]<\/p>\n<p><span style=\"font-weight: 400;\">C\u1ee5c H\u1ee3p t\u00e1c Qu\u1ed1c t\u1ebf &#8211; B\u1ed9 V\u0103n h\u00f3a Th\u1ec3 thao v\u00e0 Du l\u1ecbch<\/span><\/p>\n<p><span style=\"font-weight: 400;\">Li\u00ean h\u1ec7 v\u1edbi ch\u00fang t\u00f4i \u0111\u1ec3 \u0111\u01b0\u1ee3c gi\u1ea3i \u0111\u00e1p c\u00e1c th\u1eafc m\u1eafc v\u1ec1 truy\u1ec1n th\u00f4ng, tham quan Nh\u00e0 tri\u1ec3n l\u00e3m, ho\u1eb7c h\u1ed7 tr\u1ee3 h\u1ee3p t\u00e1c t\u1ea1i Vi\u1ec7t Nam.<\/span><\/p>\n<p>[\/vc_column_text][\/vc_column][vc_column width=&#8221;1\/2&#8243; css=&#8221;.vc_custom_1743589786137{padding-right: 10% !important;padding-left: 10% !important;}&#8221;][vc_empty_space height=&#8221;115px&#8221;]<div class=\"eltdf-section-title-holder   eltdf-st-decorative-line\" style=\"text-align: center\">\n\t<div class=\"eltdf-st-inner\">\n        \t\t\t\t\t<h4 class=\"eltdf-st-title\" style=\"color: #BF1D34\">\n    <span class=\"eltdf-st-title-inner\"><span class=\"eltdf-st-side-line-left\" ><\/span>V\u0103n ph\u00f2ng c\u1ee7a ch\u00fang t\u00f4i<span class=\"eltdf-st-side-line-right\" ><\/span><\/span>\n\t\t\t<\/h4>\n\t\t\t\t\t\t\t<\/div>\n<\/div>[vc_column_text css=&#8221;&#8221;]<\/p>\n<p style=\"text-align: justify;\"><span style=\"font-weight: 400;\">51 \u0110\u01b0\u1eddng Ng\u00f4 Quy\u1ec1n, Qu\u1eadn\u00a0<\/span><span style=\"font-weight: 400;\">Ho\u00e0n Ki\u1ebfm, H\u00e0 N\u1ed9i, Viet Nam<\/span><\/p>\n<p style=\"text-align: justify;\"><span style=\"font-weight: 400;\">+84 91203 3355 (Nh\u00e0 Tri\u1ec3n L\u00e3m Vi\u1ec7t Nam)\u00a0<\/span><\/p>\n<p style=\"text-align: justify;\"><span style=\"font-weight: 400;\">+84 81739 1284 (H\u1ed7 Tr\u1ee3 Truy\u1ec1n Th\u00f4ng)<\/span><\/p>\n<p style=\"text-align: justify;\"><span style=\"font-weight: 400;\">+84 90467 4098 (H\u1ed7 Tr\u1ee3 c\u00e1c v\u1ea5n \u0111\u1ec1 kh\u00e1c)<\/span><\/p>\n<p>[\/vc_column_text][\/vc_column][\/vc_row][vc_row row_content_width=&#8221;grid&#8221; disable_background_image=&#8221;&#8221; css=&#8221;.vc_custom_1570452053948{padding-top: 180px !important;padding-bottom: 180px !important;}&#8221; simple_background_image=&#8221;1829&#8243;][vc_column]<div class=\"eltdf-elements-holder   eltdf-two-columns  eltdf-responsive-mode-1024 eltdf-one-column-alignment-left\" style=\"background-color: #E8E8E8EB\"><div class=\"eltdf-eh-item    \"  data-item-class=\"eltdf-eh-custom-5389\" data-1400-1600=\"127px 60px 134px 150px\" data-1025-1399=\"127px 60px 134px 100px\" data-769-1024=\"127px 100px 62px 100px\" data-681-768=\"127px 100px 62px 100px\" data-680=\"87px 25px 62px 25px\">\n\t<div class=\"eltdf-eh-item-inner\">\n\t\t<div class=\"eltdf-eh-item-content eltdf-eh-custom-5389\" style=\"padding: 127px 60px 134px 150px\">\n\t\t\t<div class=\"eltdf-section-title-holder   \" style=\"text-align: left\">\n\t<div class=\"eltdf-st-inner\">\n        \t\t\t\t\t<h2 class=\"eltdf-st-title\" >\n    <span class=\"eltdf-st-title-inner\"><span class=\"eltdf-st-side-line-left\" ><\/span>Li\u00ean h\u1ec7<span class=\"eltdf-st-side-line-right\" ><\/span><\/span>\n\t\t\t<\/h2>\n\t\t\t\t\t\t\t<\/div>\n<\/div>[vc_empty_space height=&#8221;4px&#8221;][vc_column_text css=&#8221;&#8221;]<span style=\"font-weight: 400;\">C\u1ee5c H\u1ee3p t\u00e1c qu\u1ed1c t\u1ebf<\/span><\/p>\n<p><span style=\"font-weight: 400;\">B\u1ed9 V\u0103n h\u00f3a, Th\u1ec3 thao v\u00e0 Du l\u1ecbch<\/span><\/p>\n<p><span style=\"font-weight: 400;\">51 Ng\u00f4 Quy\u1ec1n, Ph\u01b0\u1eddng H\u00e0ng B\u00e0i, Qu\u1eadn Ho\u00e0n Ki\u1ebfm, H\u00e0 N\u1ed9i<\/span><\/p>\n<p><span style=\"font-weight: 400;\">\u0110T: +84 24 394 34217<\/span>[\/vc_column_text][vc_empty_space height=&#8221;24px&#8221;]    <span class=\"eltdf-icon-shortcode eltdf-normal   \" style=\"margin: 0 20px 0 0\" data-hover-color=\"#c9ab81\" data-color=\"#4e4e4e\">\n                    <a itemprop=\"url\" class=\"\" href=\"https:\/\/www.facebook.com\/vietnamexpo2020dubai\/\" target=\"_blank\">\n                    <span aria-hidden=\"true\" class=\"eltdf-icon-font-elegant social_facebook eltdf-icon-element\" style=\"color: #4e4e4e;font-size:13px\" ><\/span>                    <\/a>\n            <\/span>\n    <span class=\"eltdf-icon-shortcode eltdf-normal   \" style=\"margin: 0 22px 0 0\" data-hover-color=\"#c9ab81\" data-color=\"#4e4e4e\">\n                    <a itemprop=\"url\" class=\"\" href=\"https:\/\/www.instagram.com\/vietnamexpo2025osaka\/\" target=\"_blank\">\n                    <span aria-hidden=\"true\" class=\"eltdf-icon-font-elegant social_instagram eltdf-icon-element\" style=\"color: #4e4e4e;font-size:13px\" ><\/span>                    <\/a>\n            <\/span>\n    <span class=\"eltdf-icon-shortcode eltdf-normal   \"  data-hover-color=\"#c9ab81\" data-color=\"#4e4e4e\">\n                    <a itemprop=\"url\" class=\"\" href=\"https:\/\/www.tiktok.com\/@vietnamexpo2025\" target=\"_blank\">\n                    <span aria-hidden=\"true\" class=\"eltdf-icon-font-elegant social_twitter eltdf-icon-element\" style=\"color: #4e4e4e;font-size:13px\" ><\/span>                    <\/a>\n            <\/span>\n\t\t<\/div>\n\t<\/div>\n<\/div><div class=\"eltdf-eh-item    \"  data-item-class=\"eltdf-eh-custom-5120\" data-1400-1600=\"0 150px 39px 49px\" data-1025-1399=\"0 100px 39px 49px\" data-769-1024=\"0 100px 160px 100px\" data-681-768=\"0 100px 160px 100px\" data-680=\"0 25px 100px 25px\">\n\t<div class=\"eltdf-eh-item-inner\">\n\t\t<div class=\"eltdf-eh-item-content eltdf-eh-custom-5120\" style=\"padding: 0 150px 39px 49px\">\n\t\t\t\n<div class=\"wpcf7 no-js\" id=\"wpcf7-f232-o1\" lang=\"en-US\" dir=\"ltr\" data-wpcf7-id=\"232\">\n<div class=\"screen-reader-response\"><p role=\"status\" aria-live=\"polite\" aria-atomic=\"true\"><\/p> <ul><\/ul><\/div>\n<form action=\"\/vi\/wp-json\/wp\/v2\/pages\/2173#wpcf7-f232-o1\" method=\"post\" class=\"wpcf7-form init\" aria-label=\"Contact form\" novalidate=\"novalidate\" data-status=\"init\">\n<div style=\"display: none;\">\n<input type=\"hidden\" name=\"_wpcf7\" value=\"232\" \/>\n<input type=\"hidden\" name=\"_wpcf7_version\" value=\"6.0.5\" \/>\n<input type=\"hidden\" name=\"_wpcf7_locale\" value=\"en_US\" \/>\n<input type=\"hidden\" name=\"_wpcf7_unit_tag\" value=\"wpcf7-f232-o1\" \/>\n<input type=\"hidden\" name=\"_wpcf7_container_post\" value=\"0\" \/>\n<input type=\"hidden\" name=\"_wpcf7_posted_data_hash\" value=\"\" \/>\n<\/div>\n<div class=\"eltdf-contact-form-main\">\n\t<p><label><span class=\"wpcf7-form-control-wrap\" data-name=\"your-message\"><textarea cols=\"40\" rows=\"1\" maxlength=\"2000\" class=\"wpcf7-form-control wpcf7-textarea\" aria-invalid=\"false\" placeholder=\"L\u1eddi nh\u1eafn\" name=\"your-message\"><\/textarea><\/span> <\/label>\n\t<\/p>\n\t<div class=\"eltdf-row-half\">\n\t\t<p><label><span class=\"wpcf7-form-control-wrap\" data-name=\"your-name\"><input size=\"40\" maxlength=\"400\" class=\"wpcf7-form-control wpcf7-text wpcf7-validates-as-required\" aria-required=\"true\" aria-invalid=\"false\" placeholder=\"H\u1ecd v\u00e0 T\u00ean\" value=\"\" type=\"text\" name=\"your-name\" \/><\/span> <\/label>\n\t\t<\/p>\n\t<\/div>\n\t<div class=\"eltdf-row-half\">\n\t\t<p><label><span class=\"wpcf7-form-control-wrap\" data-name=\"your-email\"><input size=\"40\" maxlength=\"400\" class=\"wpcf7-form-control wpcf7-email wpcf7-validates-as-required wpcf7-text wpcf7-validates-as-email\" aria-required=\"true\" aria-invalid=\"false\" placeholder=\"E-mail\" value=\"\" type=\"email\" name=\"your-email\" \/><\/span> <\/label>\n\t\t<\/p>\n\t<\/div>\n\t<p><button class=\"wpcf7-form-control wpcf7-submit eltdf-btn-outline-slit eltdf-btn eltdf-btn-medium eltdf-btn-outline\" type=\"submit\"><span class=\"eltdf-btn-text\">G\u1eedi<\/span><\/button>\n\t<\/p>\n<\/div><div class=\"wpcf7-response-output\" aria-hidden=\"true\"><\/div>\n<\/form>\n<\/div>\n\t\t<\/div>\n\t<\/div>\n<\/div><\/div>[\/vc_column][\/vc_row]<\/p>\n<\/div>","protected":false},"excerpt":{"rendered":"<p>[vc_row content_placement=&#8221;middle&#8221; row_content_width=&#8221;grid&#8221; content_text_aligment=&#8221;center&#8221; css=&#8221;.vc_custom_1569326852951{padding-top: 152px !important;padding-bottom: 147px !important;}&#8221;][vc_column][vc_empty_space][\/vc_column][vc_column width=&#8221;1\/2&#8243; css=&#8221;.vc_custom_1743589780558{padding-right: 10% !important;padding-left: 10% !important;}&#8221;][vc_column_text css=&#8221;&#8221;] C\u1ee5c H\u1ee3p t\u00e1c Qu\u1ed1c t\u1ebf &#8211; B\u1ed9 V\u0103n h\u00f3a Th\u1ec3 thao v\u00e0 Du l\u1ecbch Li\u00ean h\u1ec7 v\u1edbi ch\u00fang t\u00f4i \u0111\u1ec3 \u0111\u01b0\u1ee3c gi\u1ea3i \u0111\u00e1p c\u00e1c [&hellip;]<\/p>\n","protected":false},"author":1,"featured_media":2596,"parent":0,"menu_order":0,"comment_status":"closed","ping_status":"closed","template":"","meta":{"footnotes":""},"class_list":["post-2173","page","type-page","status-publish","has-post-thumbnail","hentry"],"yoast_head":"<!-- This site is optimized with the Yoast SEO plugin v24.8.1 - https:\/\/yoast.com\/wordpress\/plugins\/seo\/ -->\n<title>Li\u00ean h\u1ec7 - Vi\u1ec7t Nam EXPO<\/title>\n<meta name=\"robots\" content=\"index, follow, max-snippet:-1, max-image-preview:large, max-video-preview:-1\" \/>\n<link rel=\"canonical\" href=\"https:\/\/vietnamexpo2025osaka.com\/vi\/lien-he\/\" \/>\n<meta property=\"og:locale\" content=\"en_US\" \/>\n<meta property=\"og:type\" content=\"article\" \/>\n<meta property=\"og:title\" content=\"Li\u00ean h\u1ec7 - Vi\u1ec7t Nam EXPO\" \/>\n<meta property=\"og:description\" content=\"[vc_row content_placement=&#8221;middle&#8221; row_content_width=&#8221;grid&#8221; content_text_aligment=&#8221;center&#8221; css=&#8221;.vc_custom_1569326852951{padding-top: 152px !important;padding-bottom: 147px !important;}&#8221;][vc_column][vc_empty_space][\/vc_column][vc_column width=&#8221;1\/2&#8243; css=&#8221;.vc_custom_1743589780558{padding-right: 10% !important;padding-left: 10% !important;}&#8221;][vc_column_text css=&#8221;&#8221;] C\u1ee5c H\u1ee3p t\u00e1c Qu\u1ed1c t\u1ebf &#8211; B\u1ed9 V\u0103n h\u00f3a Th\u1ec3 thao v\u00e0 Du l\u1ecbch Li\u00ean h\u1ec7 v\u1edbi ch\u00fang t\u00f4i \u0111\u1ec3 \u0111\u01b0\u1ee3c gi\u1ea3i \u0111\u00e1p c\u00e1c [&hellip;]\" \/>\n<meta property=\"og:url\" content=\"https:\/\/vietnamexpo2025osaka.com\/vi\/lien-he\/\" \/>\n<meta property=\"og:site_name\" content=\"Vi\u1ec7t Nam EXPO\" \/>\n<meta property=\"article:publisher\" content=\"https:\/\/www.facebook.com\/vietnamexpo2020dubai\/\" \/>\n<meta property=\"article:modified_time\" content=\"2025-04-10T10:00:42+00:00\" \/>\n<meta property=\"og:image\" content=\"https:\/\/vietnamexpo2025osaka.com\/vi\/wp-content\/uploads\/2025\/03\/117-Ye\u0302n-Ba\u0301i-double.t238@gmail.com-vet-nang-tren-ruong-bac-thang-lo\u031b\u0301n.jpeg\" \/>\n\t<meta property=\"og:image:width\" content=\"1280\" \/>\n\t<meta property=\"og:image:height\" content=\"650\" \/>\n\t<meta property=\"og:image:type\" content=\"image\/jpeg\" \/>\n<meta name=\"twitter:card\" content=\"summary_large_image\" \/>\n<meta name=\"twitter:label1\" content=\"Est. reading time\" \/>\n\t<meta name=\"twitter:data1\" content=\"2 minutes\" \/>\n<!-- \/ Yoast SEO plugin. -->","yoast_head_json":{"title":"Li\u00ean h\u1ec7 - Vi\u1ec7t Nam EXPO","robots":{"index":"index","follow":"follow","max-snippet":"max-snippet:-1","max-image-preview":"max-image-preview:large","max-video-preview":"max-video-preview:-1"},"canonical":"https:\/\/vietnamexpo2025osaka.com\/vi\/lien-he\/","og_locale":"en_US","og_type":"article","og_title":"Li\u00ean h\u1ec7 - Vi\u1ec7t Nam EXPO","og_description":"[vc_row content_placement=&#8221;middle&#8221; row_content_width=&#8221;grid&#8221; content_text_aligment=&#8221;center&#8221; css=&#8221;.vc_custom_1569326852951{padding-top: 152px !important;padding-bottom: 147px !important;}&#8221;][vc_column][vc_empty_space][\/vc_column][vc_column width=&#8221;1\/2&#8243; css=&#8221;.vc_custom_1743589780558{padding-right: 10% !important;padding-left: 10% !important;}&#8221;][vc_column_text css=&#8221;&#8221;] C\u1ee5c H\u1ee3p t\u00e1c Qu\u1ed1c t\u1ebf &#8211; B\u1ed9 V\u0103n h\u00f3a Th\u1ec3 thao v\u00e0 Du l\u1ecbch Li\u00ean h\u1ec7 v\u1edbi ch\u00fang t\u00f4i \u0111\u1ec3 \u0111\u01b0\u1ee3c gi\u1ea3i \u0111\u00e1p c\u00e1c [&hellip;]","og_url":"https:\/\/vietnamexpo2025osaka.com\/vi\/lien-he\/","og_site_name":"Vi\u1ec7t Nam EXPO","article_publisher":"https:\/\/www.facebook.com\/vietnamexpo2020dubai\/","article_modified_time":"2025-04-10T10:00:42+00:00","og_image":[{"width":1280,"height":650,"url":"https:\/\/vietnamexpo2025osaka.com\/vi\/wp-content\/uploads\/2025\/03\/117-Ye\u0302n-Ba\u0301i-double.t238@gmail.com-vet-nang-tren-ruong-bac-thang-lo\u031b\u0301n.jpeg","type":"image\/jpeg"}],"twitter_card":"summary_large_image","twitter_misc":{"Est. reading time":"2 minutes"},"schema":{"@context":"https:\/\/schema.org","@graph":[{"@type":"WebPage","@id":"https:\/\/vietnamexpo2025osaka.com\/vi\/lien-he\/","url":"https:\/\/vietnamexpo2025osaka.com\/vi\/lien-he\/","name":"Li\u00ean h\u1ec7 - Vi\u1ec7t Nam EXPO","isPartOf":{"@id":"https:\/\/vietnamexpo2025osaka.com\/vi\/#website"},"primaryImageOfPage":{"@id":"https:\/\/vietnamexpo2025osaka.com\/vi\/lien-he\/#primaryimage"},"image":{"@id":"https:\/\/vietnamexpo2025osaka.com\/vi\/lien-he\/#primaryimage"},"thumbnailUrl":"https:\/\/vietnamexpo2025osaka.com\/vi\/wp-content\/uploads\/2025\/03\/117-Ye\u0302n-Ba\u0301i-double.t238@gmail.com-vet-nang-tren-ruong-bac-thang-lo\u031b\u0301n.jpeg","datePublished":"2025-03-20T08:09:35+00:00","dateModified":"2025-04-10T10:00:42+00:00","breadcrumb":{"@id":"https:\/\/vietnamexpo2025osaka.com\/vi\/lien-he\/#breadcrumb"},"inLanguage":"en-US","potentialAction":[{"@type":"ReadAction","target":["https:\/\/vietnamexpo2025osaka.com\/vi\/lien-he\/"]}]},{"@type":"ImageObject","inLanguage":"en-US","@id":"https:\/\/vietnamexpo2025osaka.com\/vi\/lien-he\/#primaryimage","url":"https:\/\/vietnamexpo2025osaka.com\/vi\/wp-content\/uploads\/2025\/03\/117-Ye\u0302n-Ba\u0301i-double.t238@gmail.com-vet-nang-tren-ruong-bac-thang-lo\u031b\u0301n.jpeg","contentUrl":"https:\/\/vietnamexpo2025osaka.com\/vi\/wp-content\/uploads\/2025\/03\/117-Ye\u0302n-Ba\u0301i-double.t238@gmail.com-vet-nang-tren-ruong-bac-thang-lo\u031b\u0301n.jpeg","width":1280,"height":650},{"@type":"BreadcrumbList","@id":"https:\/\/vietnamexpo2025osaka.com\/vi\/lien-he\/#breadcrumb","itemListElement":[{"@type":"ListItem","position":1,"name":"Home","item":"https:\/\/vietnamexpo2025osaka.com\/vi\/"},{"@type":"ListItem","position":2,"name":"Li\u00ean h\u1ec7"}]},{"@type":"WebSite","@id":"https:\/\/vietnamexpo2025osaka.com\/vi\/#website","url":"https:\/\/vietnamexpo2025osaka.com\/vi\/","name":"Vi\u1ec7t Nam EXPO","description":"EXPO 2025","publisher":{"@id":"https:\/\/vietnamexpo2025osaka.com\/vi\/#organization"},"potentialAction":[{"@type":"SearchAction","target":{"@type":"EntryPoint","urlTemplate":"https:\/\/vietnamexpo2025osaka.com\/vi\/?s={search_term_string}"},"query-input":{"@type":"PropertyValueSpecification","valueRequired":true,"valueName":"search_term_string"}}],"inLanguage":"en-US"},{"@type":"Organization","@id":"https:\/\/vietnamexpo2025osaka.com\/vi\/#organization","name":"Vi\u1ec7t Nam EXPO","url":"https:\/\/vietnamexpo2025osaka.com\/vi\/","logo":{"@type":"ImageObject","inLanguage":"en-US","@id":"https:\/\/vietnamexpo2025osaka.com\/vi\/#\/schema\/logo\/image\/","url":"https:\/\/vietnamexpo2025osaka.com\/vi\/wp-content\/uploads\/2019\/09\/logo-02-4.png","contentUrl":"https:\/\/vietnamexpo2025osaka.com\/vi\/wp-content\/uploads\/2019\/09\/logo-02-4.png","width":6602,"height":6251,"caption":"Vi\u1ec7t Nam EXPO"},"image":{"@id":"https:\/\/vietnamexpo2025osaka.com\/vi\/#\/schema\/logo\/image\/"},"sameAs":["https:\/\/www.facebook.com\/vietnamexpo2020dubai\/","https:\/\/www.tiktok.com\/@vietnamexpo2025"]}]}},"_links":{"self":[{"href":"https:\/\/vietnamexpo2025osaka.com\/vi\/wp-json\/wp\/v2\/pages\/2173","targetHints":{"allow":["GET"]}}],"collection":[{"href":"https:\/\/vietnamexpo2025osaka.com\/vi\/wp-json\/wp\/v2\/pages"}],"about":[{"href":"https:\/\/vietnamexpo2025osaka.com\/vi\/wp-json\/wp\/v2\/types\/page"}],"author":[{"embeddable":true,"href":"https:\/\/vietnamexpo2025osaka.com\/vi\/wp-json\/wp\/v2\/users\/1"}],"replies":[{"embeddable":true,"href":"https:\/\/vietnamexpo2025osaka.com\/vi\/wp-json\/wp\/v2\/comments?post=2173"}],"version-history":[{"count":15,"href":"https:\/\/vietnamexpo2025osaka.com\/vi\/wp-json\/wp\/v2\/pages\/2173\/revisions"}],"predecessor-version":[{"id":3200,"href":"https:\/\/vietnamexpo2025osaka.com\/vi\/wp-json\/wp\/v2\/pages\/2173\/revisions\/3200"}],"wp:featuredmedia":[{"embeddable":true,"href":"https:\/\/vietnamexpo2025osaka.com\/vi\/wp-json\/wp\/v2\/media\/2596"}],"wp:attachment":[{"href":"https:\/\/vietnamexpo2025osaka.com\/vi\/wp-json\/wp\/v2\/media?parent=2173"}],"curies":[{"name":"wp","href":"https:\/\/api.w.org\/{rel}","templated":true}]}}