{"id":2123,"date":"2025-03-20T07:10:48","date_gmt":"2025-03-20T07:10:48","guid":{"rendered":"http:\/\/expo.topon.tech\/?page_id=2123"},"modified":"2025-04-10T09:59:06","modified_gmt":"2025-04-10T09:59:06","slug":"su-kien-hoat-dong","status":"publish","type":"page","link":"https:\/\/vietnamexpo2025osaka.com\/vi\/su-kien-hoat-dong\/","title":{"rendered":"S\u1ef1 Ki\u1ec7n &#038; Ho\u1ea1t \u0110\u1ed9ng"},"content":{"rendered":"<div class=\"wpb-content-wrapper\"><p>[vc_row row_content_width=&#8221;grid&#8221;][vc_column][vc_empty_space height=&#8221;120px&#8221;]<div class=\"eltdf-section-title-holder   eltdf-st-decorative-line\" style=\"text-align: center\">\n\t<div class=\"eltdf-st-inner\">\n                    <h3 class=\"eltdf-st-caption\" style=\"color: #103F8D;margin: 0 0 12px 0\">\n                <span class=\"eltdf-st-caption-inner\" >S\u1eafp di\u1ec5n ra<\/span>\n            <\/h3>\n        \t\t\t\t\t<h3 class=\"eltdf-st-title\" style=\"color: #BF1D34\">\n    <span class=\"eltdf-st-title-inner\"><span class=\"eltdf-st-side-line-left\" ><\/span>S\u1ef1 ki\u1ec7n v\u00e0 ho\u1ea1t \u0111\u1ed9ng<span class=\"eltdf-st-side-line-right\" ><\/span><\/span>\n\t\t\t<\/h3>\n\t\t\t\t\t\t\t<p class=\"eltdf-st-text\" style=\"color: #000000;font-size: 19px;line-height: 28px;margin: 18px\">\n\t\t\t\t\u0110\u1eebng b\u1ecf l\u1ee1 nh\u1eefng s\u1ef1 ki\u1ec7n \u0111\u1eb7c bi\u1ec7t c\u1ee7a Nh\u00e0 Tri\u1ec3n l\u00e3m Vi\u1ec7t Nam.\t\t\t<\/p>\n\t\t\t\t\t<\/div>\n<\/div>[vc_empty_space height=&#8221;30px&#8221;][\/vc_column][\/vc_row][vc_row row_content_width=&#8221;grid&#8221; css=&#8221;.vc_custom_1570783681268{padding-bottom: 126px !important;}&#8221; simple_background_color=&#8221;#f8f8f8&#8243;][vc_column]<div class=\"eltdf-blog-list-holder eltdf-grid-list eltdf-bl-standard eltdf-two-columns eltdf-disable-bottom-space eltdf-huge-space eltdf-bl-pag-no-pagination\"  data-type=standard data-number-of-posts=6 data-number-of-columns=two data-space-between-items=huge data-category=su-kien-hoat-dong data-orderby=date data-order=ASC data-image-size=large data-title-tag=h6 data-excerpt-length=40 data-post-info-section=yes data-post-info-image=yes data-post-info-author=no data-post-info-date=no data-post-info-category=yes data-post-info-comments=no data-post-info-like=no data-post-info-share=no data-pagination-type=no-pagination data-max-num-pages=1 data-next-page=2>\n\t<div class=\"eltdf-bl-wrapper eltdf-outer-space\">\n\t\t<ul class=\"eltdf-blog-list\">\n\t\t\t<li class=\"eltdf-bl-item eltdf-item-space\">\n\t<div class=\"eltdf-bli-inner\">\n\t\t\n\t<div class=\"eltdf-post-image\">\n\t\t\t\t\t<a itemprop=\"url\" href=\"https:\/\/vietnamexpo2025osaka.com\/vi\/mua-roi-nuoc-viet-nam\/\" title=\"M\u00daA R\u1ed0I N\u01af\u1edaC VI\u1ec6T NAM\">\n\t\t\t\t\t<img loading=\"lazy\" decoding=\"async\" width=\"1024\" height=\"661\" src=\"https:\/\/vietnamexpo2025osaka.com\/vi\/wp-content\/uploads\/2025\/04\/water-puppetry-1.jpg\" class=\"attachment-large size-large wp-post-image\" alt=\"\" \/>\t\t\t\t\t<\/a>\n\t\t\t\t\t<\/div>\n        <div class=\"eltdf-bli-content\">\n                            <div class=\"eltdf-bli-info\" >\n\t                <div class=\"eltdf-post-info-category\">\n    <a href=\"https:\/\/vietnamexpo2025osaka.com\/vi\/category\/su-kien-hoat-dong\/\" rel=\"category tag\">S\u1ef1 ki\u1ec7n &amp; Ho\u1ea1t \u0111\u1ed9ng<\/a><\/div>                <\/div>\n            \t        <div class=\"eltdf-bli-title\" >\n\t            \n<h6 itemprop=\"name\" class=\"entry-title eltdf-post-title\" >\n            <a itemprop=\"url\" href=\"https:\/\/vietnamexpo2025osaka.com\/vi\/mua-roi-nuoc-viet-nam\/\" title=\"M\u00daA R\u1ed0I N\u01af\u1edaC VI\u1ec6T NAM\">\n            M\u00daA R\u1ed0I N\u01af\u1edaC VI\u1ec6T NAM            <\/a>\n    <\/h6>            <\/div>\n\t        <div class=\"eltdf-bli-excerpt\">\n\t\t        \t\t<div class=\"eltdf-post-excerpt-holder\">\n\t\t\t<p itemprop=\"description\" class=\"eltdf-post-excerpt\">\n\t\t\t\t13\/4 \u2013 13\/10\/2025 <br>\r\nTh\u01b0\u1edfng th\u1ee9c m\u00faa r\u1ed1i n\u01b0\u1edbc v\u00e0 \u00e2m nh\u1ea1c truy\u1ec1n th\u1ed1ng h\u00e0ng ng\u00e0y t\u1ea1i Nh\u00e0 Tri\u1ec3n l\u00e3m Vi\u1ec7t Nam\t\t\t<\/p>\n\t\t<\/div>\n\t\t\t        \t<div class=\"eltdf-post-read-more-button\">\n\t\t<a itemprop=\"url\" href=\"https:\/\/vietnamexpo2025osaka.com\/vi\/mua-roi-nuoc-viet-nam\/\" target=\"_self\"  class=\"eltdf-btn eltdf-btn-medium eltdf-btn-simple eltdf-blog-list-button\"  >    <span class=\"eltdf-btn-text\">Xem th\u00eam<\/span>    <\/a>\t<\/div>\n\t        <\/div>\n        <\/div>\n\t<\/div>\n<\/li><li class=\"eltdf-bl-item eltdf-item-space\">\n\t<div class=\"eltdf-bli-inner\">\n\t\t\n\t<div class=\"eltdf-post-image\">\n\t\t\t\t\t<a itemprop=\"url\" href=\"https:\/\/vietnamexpo2025osaka.com\/vi\/bo-suu-tap-ao-dai\/\" title=\"B\u1ed8 S\u01afU T\u1eacP \u00c1O D\u00c0I\">\n\t\t\t\t\t<img loading=\"lazy\" decoding=\"async\" width=\"1024\" height=\"661\" src=\"https:\/\/vietnamexpo2025osaka.com\/vi\/wp-content\/uploads\/2025\/04\/322-Phu-Tho-thuquyen6383@gmail.com-xoan-trong-em-1-1.jpg\" class=\"attachment-large size-large wp-post-image\" alt=\"\" \/>\t\t\t\t\t<\/a>\n\t\t\t\t\t<\/div>\n        <div class=\"eltdf-bli-content\">\n                            <div class=\"eltdf-bli-info\" >\n\t                <div class=\"eltdf-post-info-category\">\n    <a href=\"https:\/\/vietnamexpo2025osaka.com\/vi\/category\/su-kien-hoat-dong\/\" rel=\"category tag\">S\u1ef1 ki\u1ec7n &amp; Ho\u1ea1t \u0111\u1ed9ng<\/a><\/div>                <\/div>\n            \t        <div class=\"eltdf-bli-title\" >\n\t            \n<h6 itemprop=\"name\" class=\"entry-title eltdf-post-title\" >\n            <a itemprop=\"url\" href=\"https:\/\/vietnamexpo2025osaka.com\/vi\/bo-suu-tap-ao-dai\/\" title=\"B\u1ed8 S\u01afU T\u1eacP \u00c1O D\u00c0I\">\n            B\u1ed8 S\u01afU T\u1eacP \u00c1O D\u00c0I            <\/a>\n    <\/h6>            <\/div>\n\t        <div class=\"eltdf-bli-excerpt\">\n\t\t        \t\t<div class=\"eltdf-post-excerpt-holder\">\n\t\t\t<p itemprop=\"description\" class=\"eltdf-post-excerpt\">\n\t\t\t\t13\/4 \u2013 13\/10\/2025 <br>\r\nChi\u00eam ng\u01b0\u1ee1ng \u00c1o D\u00e0i, chi\u00eam nghi\u1ec7m h\u00e0nh tr\u00ecnh t\u1eeb di s\u1ea3n \u0111\u1ebfn hi\u1ec7n \u0111\u1ea1i c\u1ee7a Vi\u1ec7t Nam\t\t\t<\/p>\n\t\t<\/div>\n\t\t\t        \t<div class=\"eltdf-post-read-more-button\">\n\t\t<a itemprop=\"url\" href=\"https:\/\/vietnamexpo2025osaka.com\/vi\/bo-suu-tap-ao-dai\/\" target=\"_self\"  class=\"eltdf-btn eltdf-btn-medium eltdf-btn-simple eltdf-blog-list-button\"  >    <span class=\"eltdf-btn-text\">Xem th\u00eam<\/span>    <\/a>\t<\/div>\n\t        <\/div>\n        <\/div>\n\t<\/div>\n<\/li><li class=\"eltdf-bl-item eltdf-item-space\">\n\t<div class=\"eltdf-bli-inner\">\n\t\t\n\t<div class=\"eltdf-post-image\">\n\t\t\t\t\t<a itemprop=\"url\" href=\"https:\/\/vietnamexpo2025osaka.com\/vi\/thong-tin-cac-tinh-thanh-viet-nam\/\" title=\"TH\u00d4NG TIN C\u00c1C T\u1ec8NH TH\u00c0NH VI\u1ec6T NAM\">\n\t\t\t\t\t<img loading=\"lazy\" decoding=\"async\" width=\"1024\" height=\"661\" src=\"https:\/\/vietnamexpo2025osaka.com\/vi\/wp-content\/uploads\/2025\/04\/62-Hoi-An-ancient-town-Quang-Nam.jpg\" class=\"attachment-large size-large wp-post-image\" alt=\"\" \/>\t\t\t\t\t<\/a>\n\t\t\t\t\t<\/div>\n        <div class=\"eltdf-bli-content\">\n                            <div class=\"eltdf-bli-info\" >\n\t                <div class=\"eltdf-post-info-category\">\n    <a href=\"https:\/\/vietnamexpo2025osaka.com\/vi\/category\/su-kien-hoat-dong\/\" rel=\"category tag\">S\u1ef1 ki\u1ec7n &amp; Ho\u1ea1t \u0111\u1ed9ng<\/a><\/div>                <\/div>\n            \t        <div class=\"eltdf-bli-title\" >\n\t            \n<h6 itemprop=\"name\" class=\"entry-title eltdf-post-title\" >\n            <a itemprop=\"url\" href=\"https:\/\/vietnamexpo2025osaka.com\/vi\/thong-tin-cac-tinh-thanh-viet-nam\/\" title=\"TH\u00d4NG TIN C\u00c1C T\u1ec8NH TH\u00c0NH VI\u1ec6T NAM\">\n            TH\u00d4NG TIN C\u00c1C T\u1ec8NH TH\u00c0NH VI\u1ec6T NAM            <\/a>\n    <\/h6>            <\/div>\n\t        <div class=\"eltdf-bli-excerpt\">\n\t\t        \t\t<div class=\"eltdf-post-excerpt-holder\">\n\t\t\t<p itemprop=\"description\" class=\"eltdf-post-excerpt\">\n\t\t\t\t13\/4 \u2013 13\/10\/2025 <br>\r\nKh\u00e1m ph\u00e1 Vi\u1ec7t Nam qua Kh\u00f4ng gian gi\u1edbi thi\u1ec7u c\u00e1c t\u1ec9nh, th\u00e0nh\t\t\t<\/p>\n\t\t<\/div>\n\t\t\t        \t<div class=\"eltdf-post-read-more-button\">\n\t\t<a itemprop=\"url\" href=\"https:\/\/vietnamexpo2025osaka.com\/vi\/thong-tin-cac-tinh-thanh-viet-nam\/\" target=\"_self\"  class=\"eltdf-btn eltdf-btn-medium eltdf-btn-simple eltdf-blog-list-button\"  >    <span class=\"eltdf-btn-text\">Xem th\u00eam<\/span>    <\/a>\t<\/div>\n\t        <\/div>\n        <\/div>\n\t<\/div>\n<\/li><li class=\"eltdf-bl-item eltdf-item-space\">\n\t<div class=\"eltdf-bli-inner\">\n\t\t\n\t<div class=\"eltdf-post-image\">\n\t\t\t\t\t<a itemprop=\"url\" href=\"https:\/\/vietnamexpo2025osaka.com\/vi\/trien-lam-chu-tich-ho-chi-minh-bieu-tuong-cua-thoi-dai\/\" title=\"TRI\u1ec2N L\u00c3M \u201cCH\u1ee6 T\u1ecaCH H\u1ed2 CH\u00cd MINH \u2013 BI\u1ec2U T\u01af\u1ee2NG C\u1ee6A TH\u1edcI \u0110\u1ea0I\u201d\">\n\t\t\t\t\t<img loading=\"lazy\" decoding=\"async\" width=\"1024\" height=\"667\" src=\"https:\/\/vietnamexpo2025osaka.com\/vi\/wp-content\/uploads\/2025\/04\/Frame-5-1.png\" class=\"attachment-large size-large wp-post-image\" alt=\"\" \/>\t\t\t\t\t<\/a>\n\t\t\t\t\t<\/div>\n        <div class=\"eltdf-bli-content\">\n                            <div class=\"eltdf-bli-info\" >\n\t                <div class=\"eltdf-post-info-category\">\n    <a href=\"https:\/\/vietnamexpo2025osaka.com\/vi\/category\/su-kien-hoat-dong\/\" rel=\"category tag\">S\u1ef1 ki\u1ec7n &amp; Ho\u1ea1t \u0111\u1ed9ng<\/a><\/div>                <\/div>\n            \t        <div class=\"eltdf-bli-title\" >\n\t            \n<h6 itemprop=\"name\" class=\"entry-title eltdf-post-title\" >\n            <a itemprop=\"url\" href=\"https:\/\/vietnamexpo2025osaka.com\/vi\/trien-lam-chu-tich-ho-chi-minh-bieu-tuong-cua-thoi-dai\/\" title=\"TRI\u1ec2N L\u00c3M \u201cCH\u1ee6 T\u1ecaCH H\u1ed2 CH\u00cd MINH \u2013 BI\u1ec2U T\u01af\u1ee2NG C\u1ee6A TH\u1edcI \u0110\u1ea0I\u201d\">\n            TRI\u1ec2N L\u00c3M \u201cCH\u1ee6 T\u1ecaCH H\u1ed2 CH\u00cd MINH \u2013 BI\u1ec2U T\u01af\u1ee2NG C\u1ee6A TH\u1edcI \u0110\u1ea0I\u201d            <\/a>\n    <\/h6>            <\/div>\n\t        <div class=\"eltdf-bli-excerpt\">\n\t\t        \t\t<div class=\"eltdf-post-excerpt-holder\">\n\t\t\t<p itemprop=\"description\" class=\"eltdf-post-excerpt\">\n\t\t\t\t23\/5 \u2013 25\/5\/2025 <br>\r\nTri\u1ec3n l\u00e3m t\u00f4n vinh v\u1ecb l\u00e3nh t\u1ee5 v\u0129 \u0111\u1ea1i c\u1ee7a nh\u00e2n d\u00e2n Vi\u1ec7t Nam.\t\t\t<\/p>\n\t\t<\/div>\n\t\t\t        \t<div class=\"eltdf-post-read-more-button\">\n\t\t<a itemprop=\"url\" href=\"https:\/\/vietnamexpo2025osaka.com\/vi\/trien-lam-chu-tich-ho-chi-minh-bieu-tuong-cua-thoi-dai\/\" target=\"_self\"  class=\"eltdf-btn eltdf-btn-medium eltdf-btn-simple eltdf-blog-list-button\"  >    <span class=\"eltdf-btn-text\">Xem th\u00eam<\/span>    <\/a>\t<\/div>\n\t        <\/div>\n        <\/div>\n\t<\/div>\n<\/li><li class=\"eltdf-bl-item eltdf-item-space\">\n\t<div class=\"eltdf-bli-inner\">\n\t\t\n\t<div class=\"eltdf-post-image\">\n\t\t\t\t\t<a itemprop=\"url\" href=\"https:\/\/vietnamexpo2025osaka.com\/vi\/ngay-quoc-gia-viet-nam\/\" title=\"NG\u00c0Y QU\u1ed0C GIA VI\u1ec6T NAM\">\n\t\t\t\t\t<img loading=\"lazy\" decoding=\"async\" width=\"1024\" height=\"661\" src=\"https:\/\/vietnamexpo2025osaka.com\/vi\/wp-content\/uploads\/2025\/04\/National-Day-2-1.jpg\" class=\"attachment-large size-large wp-post-image\" alt=\"\" \/>\t\t\t\t\t<\/a>\n\t\t\t\t\t<\/div>\n        <div class=\"eltdf-bli-content\">\n                            <div class=\"eltdf-bli-info\" >\n\t                <div class=\"eltdf-post-info-category\">\n    <a href=\"https:\/\/vietnamexpo2025osaka.com\/vi\/category\/su-kien-hoat-dong\/\" rel=\"category tag\">S\u1ef1 ki\u1ec7n &amp; Ho\u1ea1t \u0111\u1ed9ng<\/a><\/div>                <\/div>\n            \t        <div class=\"eltdf-bli-title\" >\n\t            \n<h6 itemprop=\"name\" class=\"entry-title eltdf-post-title\" >\n            <a itemprop=\"url\" href=\"https:\/\/vietnamexpo2025osaka.com\/vi\/ngay-quoc-gia-viet-nam\/\" title=\"NG\u00c0Y QU\u1ed0C GIA VI\u1ec6T NAM\">\n            NG\u00c0Y QU\u1ed0C GIA VI\u1ec6T NAM            <\/a>\n    <\/h6>            <\/div>\n\t        <div class=\"eltdf-bli-excerpt\">\n\t\t        \t\t<div class=\"eltdf-post-excerpt-holder\">\n\t\t\t<p itemprop=\"description\" class=\"eltdf-post-excerpt\">\n\t\t\t\t09\/09\/2025 <br>\r\nNg\u00e0y duy nh\u1ea5t t\u1ea1i EXPO 2025 Osaka, Kansai, Nh\u1eadt B\u1ea3n khi m\u1ecdi s\u1ef1 ch\u00fa \u00fd \u0111\u1ec1u h\u01b0\u1edbng t\u1edbi Vi\u1ec7t Nam\t\t\t<\/p>\n\t\t<\/div>\n\t\t\t        \t<div class=\"eltdf-post-read-more-button\">\n\t\t<a itemprop=\"url\" href=\"https:\/\/vietnamexpo2025osaka.com\/vi\/ngay-quoc-gia-viet-nam\/\" target=\"_self\"  class=\"eltdf-btn eltdf-btn-medium eltdf-btn-simple eltdf-blog-list-button\"  >    <span class=\"eltdf-btn-text\">Xem th\u00eam<\/span>    <\/a>\t<\/div>\n\t        <\/div>\n        <\/div>\n\t<\/div>\n<\/li><li class=\"eltdf-bl-item eltdf-item-space\">\n\t<div class=\"eltdf-bli-inner\">\n\t\t\n\t<div class=\"eltdf-post-image\">\n\t\t\t\t\t<a itemprop=\"url\" href=\"https:\/\/vietnamexpo2025osaka.com\/vi\/asean-gioi-thieu-viet-nam\/\" title=\"ASEAN GI\u1edaI THI\u1ec6U VI\u1ec6T NAM\">\n\t\t\t\t\t<img loading=\"lazy\" decoding=\"async\" width=\"1024\" height=\"661\" src=\"https:\/\/vietnamexpo2025osaka.com\/vi\/wp-content\/uploads\/2025\/04\/ASEAN-presents-Viet-Nam-2-1.jpg\" class=\"attachment-large size-large wp-post-image\" alt=\"\" \/>\t\t\t\t\t<\/a>\n\t\t\t\t\t<\/div>\n        <div class=\"eltdf-bli-content\">\n                            <div class=\"eltdf-bli-info\" >\n\t                <div class=\"eltdf-post-info-category\">\n    <a href=\"https:\/\/vietnamexpo2025osaka.com\/vi\/category\/su-kien-hoat-dong\/\" rel=\"category tag\">S\u1ef1 ki\u1ec7n &amp; Ho\u1ea1t \u0111\u1ed9ng<\/a><\/div>                <\/div>\n            \t        <div class=\"eltdf-bli-title\" >\n\t            \n<h6 itemprop=\"name\" class=\"entry-title eltdf-post-title\" >\n            <a itemprop=\"url\" href=\"https:\/\/vietnamexpo2025osaka.com\/vi\/asean-gioi-thieu-viet-nam\/\" title=\"ASEAN GI\u1edaI THI\u1ec6U VI\u1ec6T NAM\">\n            ASEAN GI\u1edaI THI\u1ec6U VI\u1ec6T NAM            <\/a>\n    <\/h6>            <\/div>\n\t        <div class=\"eltdf-bli-excerpt\">\n\t\t        \t\t<div class=\"eltdf-post-excerpt-holder\">\n\t\t\t<p itemprop=\"description\" class=\"eltdf-post-excerpt\">\n\t\t\t\t10\/9\/2025 <br>\r\nC\u00f9ng kh\u00e1m ph\u00e1 v\u1ec1 ASEAN v\u00e0 Vi\u1ec7t Nam\t\t\t<\/p>\n\t\t<\/div>\n\t\t\t        \t<div class=\"eltdf-post-read-more-button\">\n\t\t<a itemprop=\"url\" href=\"https:\/\/vietnamexpo2025osaka.com\/vi\/asean-gioi-thieu-viet-nam\/\" target=\"_self\"  class=\"eltdf-btn eltdf-btn-medium eltdf-btn-simple eltdf-blog-list-button\"  >    <span class=\"eltdf-btn-text\">Xem th\u00eam<\/span>    <\/a>\t<\/div>\n\t        <\/div>\n        <\/div>\n\t<\/div>\n<\/li>\t\t<\/ul>\n\t<\/div>\n\t<\/div>[\/vc_column][\/vc_row]<\/p>\n<\/div>","protected":false},"excerpt":{"rendered":"<p>[vc_row row_content_width=&#8221;grid&#8221;][vc_column][vc_empty_space height=&#8221;120px&#8221;][vc_empty_space height=&#8221;30px&#8221;][\/vc_column][\/vc_row][vc_row row_content_width=&#8221;grid&#8221; css=&#8221;.vc_custom_1570783681268{padding-bottom: 126px !important;}&#8221; simple_background_color=&#8221;#f8f8f8&#8243;][vc_column][\/vc_column][\/vc_row]<\/p>\n","protected":false},"author":1,"featured_media":3002,"parent":0,"menu_order":0,"comment_status":"closed","ping_status":"closed","template":"full-width.php","meta":{"footnotes":""},"class_list":["post-2123","page","type-page","status-publish","has-post-thumbnail","hentry"],"yoast_head":"<!-- This site is optimized with the Yoast SEO plugin v24.8.1 - https:\/\/yoast.com\/wordpress\/plugins\/seo\/ -->\n<title>S\u1ef1 Ki\u1ec7n &amp; Ho\u1ea1t \u0110\u1ed9ng - Vi\u1ec7t Nam EXPO<\/title>\n<meta name=\"robots\" content=\"index, follow, max-snippet:-1, max-image-preview:large, max-video-preview:-1\" \/>\n<link rel=\"canonical\" href=\"https:\/\/vietnamexpo2025osaka.com\/vi\/su-kien-hoat-dong\/\" \/>\n<meta property=\"og:locale\" content=\"en_US\" \/>\n<meta property=\"og:type\" content=\"article\" \/>\n<meta property=\"og:title\" content=\"S\u1ef1 Ki\u1ec7n &amp; Ho\u1ea1t \u0110\u1ed9ng - Vi\u1ec7t Nam EXPO\" \/>\n<meta property=\"og:description\" content=\"[vc_row row_content_width=&#8221;grid&#8221;][vc_column][vc_empty_space height=&#8221;120px&#8221;][vc_empty_space height=&#8221;30px&#8221;][\/vc_column][\/vc_row][vc_row row_content_width=&#8221;grid&#8221; css=&#8221;.vc_custom_1570783681268{padding-bottom: 126px !important;}&#8221; simple_background_color=&#8221;#f8f8f8&#8243;][vc_column][\/vc_column][\/vc_row]\" \/>\n<meta property=\"og:url\" content=\"https:\/\/vietnamexpo2025osaka.com\/vi\/su-kien-hoat-dong\/\" \/>\n<meta property=\"og:site_name\" content=\"Vi\u1ec7t Nam EXPO\" \/>\n<meta property=\"article:publisher\" content=\"https:\/\/www.facebook.com\/vietnamexpo2020dubai\/\" \/>\n<meta property=\"article:modified_time\" content=\"2025-04-10T09:59:06+00:00\" \/>\n<meta property=\"og:image\" content=\"https:\/\/vietnamexpo2025osaka.com\/vi\/wp-content\/uploads\/2019\/09\/logo-02-3.png\" \/>\n\t<meta property=\"og:image:width\" content=\"6602\" \/>\n\t<meta property=\"og:image:height\" content=\"6251\" \/>\n\t<meta property=\"og:image:type\" content=\"image\/png\" \/>\n<meta name=\"twitter:card\" content=\"summary_large_image\" \/>\n<meta name=\"twitter:label1\" content=\"Est. reading time\" \/>\n\t<meta name=\"twitter:data1\" content=\"1 minute\" \/>\n<!-- \/ Yoast SEO plugin. -->","yoast_head_json":{"title":"S\u1ef1 Ki\u1ec7n & Ho\u1ea1t \u0110\u1ed9ng - Vi\u1ec7t Nam EXPO","robots":{"index":"index","follow":"follow","max-snippet":"max-snippet:-1","max-image-preview":"max-image-preview:large","max-video-preview":"max-video-preview:-1"},"canonical":"https:\/\/vietnamexpo2025osaka.com\/vi\/su-kien-hoat-dong\/","og_locale":"en_US","og_type":"article","og_title":"S\u1ef1 Ki\u1ec7n & Ho\u1ea1t \u0110\u1ed9ng - Vi\u1ec7t Nam EXPO","og_description":"[vc_row row_content_width=&#8221;grid&#8221;][vc_column][vc_empty_space height=&#8221;120px&#8221;][vc_empty_space height=&#8221;30px&#8221;][\/vc_column][\/vc_row][vc_row row_content_width=&#8221;grid&#8221; css=&#8221;.vc_custom_1570783681268{padding-bottom: 126px !important;}&#8221; simple_background_color=&#8221;#f8f8f8&#8243;][vc_column][\/vc_column][\/vc_row]","og_url":"https:\/\/vietnamexpo2025osaka.com\/vi\/su-kien-hoat-dong\/","og_site_name":"Vi\u1ec7t Nam EXPO","article_publisher":"https:\/\/www.facebook.com\/vietnamexpo2020dubai\/","article_modified_time":"2025-04-10T09:59:06+00:00","og_image":[{"width":6602,"height":6251,"url":"https:\/\/vietnamexpo2025osaka.com\/vi\/wp-content\/uploads\/2019\/09\/logo-02-3.png","type":"image\/png"}],"twitter_card":"summary_large_image","twitter_misc":{"Est. reading time":"1 minute"},"schema":{"@context":"https:\/\/schema.org","@graph":[{"@type":"WebPage","@id":"https:\/\/vietnamexpo2025osaka.com\/vi\/su-kien-hoat-dong\/","url":"https:\/\/vietnamexpo2025osaka.com\/vi\/su-kien-hoat-dong\/","name":"S\u1ef1 Ki\u1ec7n & Ho\u1ea1t \u0110\u1ed9ng - Vi\u1ec7t Nam EXPO","isPartOf":{"@id":"https:\/\/vietnamexpo2025osaka.com\/vi\/#website"},"primaryImageOfPage":{"@id":"https:\/\/vietnamexpo2025osaka.com\/vi\/su-kien-hoat-dong\/#primaryimage"},"image":{"@id":"https:\/\/vietnamexpo2025osaka.com\/vi\/su-kien-hoat-dong\/#primaryimage"},"thumbnailUrl":"https:\/\/vietnamexpo2025osaka.com\/vi\/wp-content\/uploads\/2019\/09\/logo-02-3.png","datePublished":"2025-03-20T07:10:48+00:00","dateModified":"2025-04-10T09:59:06+00:00","breadcrumb":{"@id":"https:\/\/vietnamexpo2025osaka.com\/vi\/su-kien-hoat-dong\/#breadcrumb"},"inLanguage":"en-US","potentialAction":[{"@type":"ReadAction","target":["https:\/\/vietnamexpo2025osaka.com\/vi\/su-kien-hoat-dong\/"]}]},{"@type":"ImageObject","inLanguage":"en-US","@id":"https:\/\/vietnamexpo2025osaka.com\/vi\/su-kien-hoat-dong\/#primaryimage","url":"https:\/\/vietnamexpo2025osaka.com\/vi\/wp-content\/uploads\/2019\/09\/logo-02-3.png","contentUrl":"https:\/\/vietnamexpo2025osaka.com\/vi\/wp-content\/uploads\/2019\/09\/logo-02-3.png","width":6602,"height":6251},{"@type":"BreadcrumbList","@id":"https:\/\/vietnamexpo2025osaka.com\/vi\/su-kien-hoat-dong\/#breadcrumb","itemListElement":[{"@type":"ListItem","position":1,"name":"Home","item":"https:\/\/vietnamexpo2025osaka.com\/vi\/"},{"@type":"ListItem","position":2,"name":"S\u1ef1 Ki\u1ec7n &#038; Ho\u1ea1t \u0110\u1ed9ng"}]},{"@type":"WebSite","@id":"https:\/\/vietnamexpo2025osaka.com\/vi\/#website","url":"https:\/\/vietnamexpo2025osaka.com\/vi\/","name":"Vi\u1ec7t Nam EXPO","description":"EXPO 2025","publisher":{"@id":"https:\/\/vietnamexpo2025osaka.com\/vi\/#organization"},"potentialAction":[{"@type":"SearchAction","target":{"@type":"EntryPoint","urlTemplate":"https:\/\/vietnamexpo2025osaka.com\/vi\/?s={search_term_string}"},"query-input":{"@type":"PropertyValueSpecification","valueRequired":true,"valueName":"search_term_string"}}],"inLanguage":"en-US"},{"@type":"Organization","@id":"https:\/\/vietnamexpo2025osaka.com\/vi\/#organization","name":"Vi\u1ec7t Nam EXPO","url":"https:\/\/vietnamexpo2025osaka.com\/vi\/","logo":{"@type":"ImageObject","inLanguage":"en-US","@id":"https:\/\/vietnamexpo2025osaka.com\/vi\/#\/schema\/logo\/image\/","url":"https:\/\/vietnamexpo2025osaka.com\/vi\/wp-content\/uploads\/2019\/09\/logo-02-4.png","contentUrl":"https:\/\/vietnamexpo2025osaka.com\/vi\/wp-content\/uploads\/2019\/09\/logo-02-4.png","width":6602,"height":6251,"caption":"Vi\u1ec7t Nam EXPO"},"image":{"@id":"https:\/\/vietnamexpo2025osaka.com\/vi\/#\/schema\/logo\/image\/"},"sameAs":["https:\/\/www.facebook.com\/vietnamexpo2020dubai\/","https:\/\/www.tiktok.com\/@vietnamexpo2025"]}]}},"_links":{"self":[{"href":"https:\/\/vietnamexpo2025osaka.com\/vi\/wp-json\/wp\/v2\/pages\/2123","targetHints":{"allow":["GET"]}}],"collection":[{"href":"https:\/\/vietnamexpo2025osaka.com\/vi\/wp-json\/wp\/v2\/pages"}],"about":[{"href":"https:\/\/vietnamexpo2025osaka.com\/vi\/wp-json\/wp\/v2\/types\/page"}],"author":[{"embeddable":true,"href":"https:\/\/vietnamexpo2025osaka.com\/vi\/wp-json\/wp\/v2\/users\/1"}],"replies":[{"embeddable":true,"href":"https:\/\/vietnamexpo2025osaka.com\/vi\/wp-json\/wp\/v2\/comments?post=2123"}],"version-history":[{"count":34,"href":"https:\/\/vietnamexpo2025osaka.com\/vi\/wp-json\/wp\/v2\/pages\/2123\/revisions"}],"predecessor-version":[{"id":2982,"href":"https:\/\/vietnamexpo2025osaka.com\/vi\/wp-json\/wp\/v2\/pages\/2123\/revisions\/2982"}],"wp:featuredmedia":[{"embeddable":true,"href":"https:\/\/vietnamexpo2025osaka.com\/vi\/wp-json\/wp\/v2\/media\/3002"}],"wp:attachment":[{"href":"https:\/\/vietnamexpo2025osaka.com\/vi\/wp-json\/wp\/v2\/media?parent=2123"}],"curies":[{"name":"wp","href":"https:\/\/api.w.org\/{rel}","templated":true}]}}