{"id":2113,"date":"2025-03-20T04:45:27","date_gmt":"2025-03-20T04:45:27","guid":{"rendered":"http:\/\/expo.topon.tech\/?page_id=2113"},"modified":"2025-04-16T08:55:57","modified_gmt":"2025-04-16T08:55:57","slug":"tham-nha-trien-lam","status":"publish","type":"page","link":"https:\/\/vietnamexpo2025osaka.com\/vi\/tham-nha-trien-lam\/","title":{"rendered":"Th\u0103m Nh\u00e0 Tri\u1ec3n L\u00e3m"},"content":{"rendered":"<div class=\"wpb-content-wrapper\"><p>[vc_row][vc_column][vc_empty_space height=&#8221;120px&#8221;]<div class=\"eltdf-section-title-holder   eltdf-st-decorative-line\" style=\"text-align: center\">\n\t<div class=\"eltdf-st-inner\">\n                    <span class=\"eltdf-st-caption\" style=\"color: #103F8D\">\n                <span class=\"eltdf-st-caption-inner\" >\u0110\u01b0\u1eddng \u0111\u1ebfn Nh\u00e0 Tri\u1ec3n l\u00e3m<\/span>\n            <\/span>\n        \t\t\t\t\t<h3 class=\"eltdf-st-title\" style=\"color: #BF1D34\">\n    <span class=\"eltdf-st-title-inner\"><span class=\"eltdf-st-side-line-left\" ><\/span>V\u1eca TR\u00cd NH\u00c0 TRI\u1ec2N L\u00c3M VI\u1ec6T NAM<span class=\"eltdf-st-side-line-right\" ><\/span><\/span>\n\t\t\t<\/h3>\n\t\t\t\t\t\t\t<\/div>\n<\/div>[vc_empty_space height=&#8221;12px&#8221;]<div class=\"eltdf-single-image-holder    \">\n    <div class=\"eltdf-si-inner\" >\n                                    <img loading=\"lazy\" decoding=\"async\" width=\"1920\" height=\"1080\" src=\"https:\/\/vietnamexpo2025osaka.com\/vi\/wp-content\/uploads\/2025\/04\/Viet-Nam-Pavilion-Map-1.jpg\" class=\"attachment-full size-full\" alt=\"\" \/>                        <\/div>\n<\/div>[vc_column_text css=&#8221;&#8221;]<\/p>\n<p style=\"text-align: justify;\">Nh\u00e0 Tri\u1ec3n L\u00e3m Vi\u1ec7t Nam<span style=\"font-weight: 400;\"> n\u1eb1m t\u1ea1i v\u1ecb tr\u00ed BE7, thu\u1ed9c khu <\/span>Trao Quy\u1ec1n S\u1ed1ng (Empowering Lives)<span style=\"font-weight: 400;\"> trong khu\u00f4n vi\u00ean <\/span>Expo 2025 Osaka, Kansai, Nh\u1eadt B\u1ea3n<span style=\"font-weight: 400;\">, tr\u00ean \u0111\u1ea3o <\/span>Yumeshima<span style=\"font-weight: 400;\">.<\/span><\/p>\n<p style=\"text-align: justify;\">C\u1ed5ng v\u00e0o g\u1ea7n Nh\u00e0 Tri\u1ec3n l\u00e3m Vi\u1ec7t Nam nh\u1ea5t l\u00e0 C\u1ed5ng \u0110\u00f4ng (East Gate). T\u1eeb C\u1ed5ng \u0110\u00f4ng, di chuy\u1ec3n \u0111\u1ebfn khu Empowering Lives. Nh\u00e0 Tri\u1ec3n l\u00e3m Vi\u1ec7t Nam n\u1eb1m g\u1ea7n Nh\u00e0 Tri\u1ec3n l\u00e3m Qatar v\u00e0 \u0111\u1ed1i di\u1ec7n s\u00e2n kh\u1ea5u ngo\u00e0i tr\u1eddi Inner East. T\u1eeb Nh\u00e0 Tri\u1ec3n l\u00e3m Vi\u1ec7t Nam c\u00f3 th\u1ec3 \u0111i b\u1ed9 ra Nh\u00e0 Tri\u1ec3n l\u00e3m Nh\u1eadt B\u1ea3n, c\u00e1c \u0111\u1ecba \u0111i\u1ec3m t\u1ed5 ch\u1ee9c s\u1ef1 ki\u1ec7n ch\u00ednh c\u1ee7a EXPO 2025 nh\u01b0 Festival Station, EXPO National Day Hall&#8230;<\/p>\n<p style=\"text-align: justify;\">G\u1ea7n Nh\u00e0 Tri\u1ec3n l\u00e3m Vi\u1ec7t Nam c\u00f3 \u0111\u1ea7y \u0111\u1ee7 c\u00e1c ti\u1ec7n \u00edch: trung t\u00e2m th\u00f4ng tin, c\u1eeda h\u00e0ng l\u01b0u ni\u1ec7m, b\u00e3i \u0111\u1ed7 xe n\u00f4i v\u00e0 xe l\u0103n, khu ngh\u1ec9 ch\u00e2n&#8230; Ngo\u00e0i ra c\u00f2n c\u00f3 khu vui ch\u01a1i tr\u1ebb em v\u00e0 c\u00f4ng vi\u00ean cho nh\u1eefng ai mu\u1ed1n th\u01b0 gi\u00e3n.<\/p>\n<p>[\/vc_column_text][vc_empty_space height=&#8221;48px&#8221;][\/vc_column][\/vc_row][vc_row][vc_column][vc_empty_space]<div class=\"eltdf-section-title-holder   eltdf-st-decorative-line\" style=\"text-align: center\">\n\t<div class=\"eltdf-st-inner\">\n        \t\t\t\t\t<h3 class=\"eltdf-st-title\" style=\"color: #BF1D34\">\n    <span class=\"eltdf-st-title-inner\"><span class=\"eltdf-st-side-line-left\" ><\/span>C\u00e1c ph\u01b0\u01a1ng ti\u1ec7n di chuy\u1ec3n<span class=\"eltdf-st-side-line-right\" ><\/span><\/span>\n\t\t\t<\/h3>\n\t\t\t\t\t\t\t<\/div>\n<\/div>[vc_empty_space][\/vc_column][\/vc_row][vc_row][vc_column width=&#8221;1\/2&#8243;]<div class=\"eltdf-section-title-holder   eltdf-st-decorative-line\" style=\"text-align: center\">\n\t<div class=\"eltdf-st-inner\">\n        \t\t\t\t\t<h5 class=\"eltdf-st-title\" >\n    <span class=\"eltdf-st-title-inner\"><span class=\"eltdf-st-side-line-left\" ><\/span>DI CHUY\u1ec2N \u0110\u1ebeN C\u1ed4NG \u0110\u00d4NG (EAST GATE)<span class=\"eltdf-st-side-line-right\" ><\/span><\/span>\n\t\t\t<\/h5>\n\t\t\t\t\t\t\t<\/div>\n<\/div>[vc_empty_space]<div class=\"eltdf-single-image-holder    \">\n    <div class=\"eltdf-si-inner\" >\n                                    <img loading=\"lazy\" decoding=\"async\" width=\"960\" height=\"520\" src=\"https:\/\/vietnamexpo2025osaka.com\/vi\/wp-content\/uploads\/2025\/04\/METRO.png\" class=\"attachment-full size-full\" alt=\"\" \/>                        <\/div>\n<\/div>[vc_column_text css=&#8221;&#8221;]<\/p>\n<p style=\"text-align: justify;\">\ud83d\ude87 T\u00e0u \u0111i\u1ec7n: Tuy\u1ebfn t\u00e0u \u0111i\u1ec7n Osaka Metro Chuo Line ch\u1ea1y th\u1eb3ng \u0111\u1ebfn ga Yumeshima t\u1ecda l\u1ea1c ngay ph\u00eda tr\u01b0\u1edbc C\u1ed5ng \u0110\u00f4ng (East Gate) c\u1ee7a khu EXPO.<\/p>\n<p style=\"text-align: justify;\">\ud83d\udeb2 Xe \u0111\u1ea1p: C\u00f3 hai \u0111i\u1ec3m gi\u1eef xe \u0111\u1ea1p m\u1ea5t ph\u00ed t\u1ea1i Yumeshima v\u00e0 Cosmosquare. Khuy\u1ebfn kh\u00edch \u0111\u1eb7t ch\u1ed7 tr\u01b0\u1edbc.<\/p>\n<p style=\"text-align: justify;\">\ud83d\ude97 \u267f Xe \u00f4 t\u00f4 ri\u00eang ch\u1edf ng\u01b0\u1eddi khuy\u1ebft t\u1eadt: Xe \u00f4 t\u00f4 ri\u00eang v\u00e0 xe g\u1eafn m\u00e1y kh\u00f4ng \u0111\u01b0\u1ee3c v\u00e0o khu EXPO ngo\u1ea1i tr\u1eeb xe ph\u1ee5c v\u1ee5 ng\u01b0\u1eddi khuy\u1ebft t\u1eadt. Ch\u1ed7 \u0111\u1ed7 xe m\u1ea5t ph\u00ed v\u00e0 c\u1ea7n ph\u1ea3i \u0111\u1eb7t tr\u01b0\u1edbc.<\/p>\n<p>[\/vc_column_text][vc_empty_space][\/vc_column][vc_column width=&#8221;1\/2&#8243;]<div class=\"eltdf-section-title-holder   eltdf-st-decorative-line\" style=\"text-align: center\">\n\t<div class=\"eltdf-st-inner\">\n        \t\t\t\t\t<h5 class=\"eltdf-st-title\" >\n    <span class=\"eltdf-st-title-inner\"><span class=\"eltdf-st-side-line-left\" ><\/span>DI CHUY\u1ec2N B\u00caN TRONG KHU EXPO<span class=\"eltdf-st-side-line-right\" ><\/span><\/span>\n\t\t\t<\/h5>\n\t\t\t\t\t\t\t<\/div>\n<\/div>[vc_empty_space]<div class=\"eltdf-single-image-holder    \">\n    <div class=\"eltdf-si-inner\" >\n                                    <img loading=\"lazy\" decoding=\"async\" width=\"960\" height=\"520\" src=\"https:\/\/vietnamexpo2025osaka.com\/vi\/wp-content\/uploads\/2025\/04\/Frame-33.png\" class=\"attachment-full size-full\" alt=\"\" \/>                        <\/div>\n<\/div>[vc_column_text css=&#8221;&#8221;]C\u00e1ch th\u1ee9c di chuy\u1ec3n ch\u00ednh t\u1ea1i khu EXPO l\u00e0 \u0111i b\u1ed9. B\u1ea1n c\u0169ng c\u00f3 th\u1ec3 thu\u00ea d\u1ecbch v\u1ee5 xe \u0111i\u1ec7n m\u1ea5t ph\u00ed v\u00e0 ph\u1ea3i \u0111\u1eb7t tr\u01b0\u1edbc.[\/vc_column_text][\/vc_column][\/vc_row][vc_row][vc_column][vc_empty_space][\/vc_column][\/vc_row][vc_row][vc_column]<div class=\"eltdf-section-title-holder   eltdf-st-decorative-line\" style=\"text-align: center\">\n\t<div class=\"eltdf-st-inner\">\n                    <span class=\"eltdf-st-caption\" >\n                <span class=\"eltdf-st-caption-inner\" >V\u00e0o c\u1ed5ng<\/span>\n            <\/span>\n        \t\t\t\t\t<h3 class=\"eltdf-st-title\" style=\"color: #BF1D34\">\n    <span class=\"eltdf-st-title-inner\"><span class=\"eltdf-st-side-line-left\" ><\/span>V\u00e9 &amp; Th\u1ebb Ra V\u00e0o<span class=\"eltdf-st-side-line-right\" ><\/span><\/span>\n\t\t\t<\/h3>\n\t\t\t\t\t\t\t<\/div>\n<\/div>[vc_empty_space][vc_column_text css=&#8221;&#8221;]<\/p>\n<table>\n<tbody>\n<tr>\n<td><b>Lo\u1ea1i V\u00e9<\/b><\/td>\n<td><b>Th\u1eddi Gian Hi\u1ec7u L\u1ef1c<\/b><\/td>\n<td><b>Ng\u01b0\u1eddi L\u1edbn (18+)<\/b><\/td>\n<td><b>Thanh Thi\u1ebfu Ni\u00ean (12-17)<\/b><\/td>\n<td><b>Tr\u1ebb Em (4-11)<\/b><\/td>\n<\/tr>\n<tr>\n<td><b>V\u00e9 Khai M\u1ea1c<\/b><\/td>\n<td><span style=\"font-weight: 400;\">13\/04 &#8211; 26\/04\/2025<\/span><\/td>\n<td><span style=\"font-weight: 400;\">\u00a54,000<\/span><\/td>\n<td><span style=\"font-weight: 400;\">\u00a52,200<\/span><\/td>\n<td><span style=\"font-weight: 400;\">\u00a51,000<\/span><\/td>\n<\/tr>\n<tr>\n<td><b>V\u00e9 Giai \u0110o\u1ea1n 1<\/b><\/td>\n<td><span style=\"font-weight: 400;\">13\/04 &#8211; 18\/07\/2025<\/span><\/td>\n<td><span style=\"font-weight: 400;\">\u00a55,000<\/span><\/td>\n<td><span style=\"font-weight: 400;\">\u00a53,000<\/span><\/td>\n<td><span style=\"font-weight: 400;\">\u00a51,200<\/span><\/td>\n<\/tr>\n<tr>\n<td><b>V\u00e9 M\u1ed9t Ng\u00e0y<\/b><\/td>\n<td><span style=\"font-weight: 400;\">To\u00e0n th\u1eddi gian Expo (v\u00e9 s\u1edbm)<\/span><\/td>\n<td><span style=\"font-weight: 400;\">\u00a56,700<\/span><\/td>\n<td><span style=\"font-weight: 400;\">\u00a53,700<\/span><\/td>\n<td><span style=\"font-weight: 400;\">\u00a51,700<\/span><\/td>\n<\/tr>\n<tr>\n<td><b>Th\u1ebb M\u00f9a<\/b><\/td>\n<td><span style=\"font-weight: 400;\">To\u00e0n th\u1eddi gian Expo (6 th\u00e1ng)<\/span><\/td>\n<td><span style=\"font-weight: 400;\">\u00a530,000<\/span><\/td>\n<td><span style=\"font-weight: 400;\">\u00a517,000<\/span><\/td>\n<td><span style=\"font-weight: 400;\">\u00a57,000<\/span><\/td>\n<\/tr>\n<\/tbody>\n<\/table>\n<p><span style=\"font-weight: 400;\">\ud83d\udca1 L\u01b0u \u00fd: Tr\u1ebb em d\u01b0\u1edbi 3 tu\u1ed5i \u0111\u01b0\u1ee3c mi\u1ec5n ph\u00ed. Gi\u00e1 v\u00e9 \u0111\u00e3 bao g\u1ed3m thu\u1ebf.<\/span>[\/vc_column_text]<div class=\"eltdf-section-title-holder   eltdf-st-decorative-line\" style=\"text-align: center\">\n\t<div class=\"eltdf-st-inner\">\n        \t\t\t\t\t\t\t\t\t<div class=\"eltdf-st-button\"><a itemprop=\"url\" href=\"https:\/\/www.expo2025.or.jp\/en\/tickets-index\/\" target=\"_blank\"  class=\"eltdf-btn eltdf-btn-medium eltdf-btn-outline-slit\"  >    <span class=\"eltdf-btn-text\">Mua v\u00e9 tr\u1ef1c tuy\u1ebfn<\/span>    <\/a><\/div>\n\t\t\t<\/div>\n<\/div>[vc_empty_space height=&#8221;62px&#8221;][\/vc_column][\/vc_row]<\/p>\n<\/div>","protected":false},"excerpt":{"rendered":"<p>[vc_row][vc_column][vc_empty_space height=&#8221;120px&#8221;][vc_empty_space height=&#8221;12px&#8221;][vc_column_text css=&#8221;&#8221;] Nh\u00e0 Tri\u1ec3n L\u00e3m Vi\u1ec7t Nam n\u1eb1m t\u1ea1i v\u1ecb tr\u00ed BE7, thu\u1ed9c khu Trao Quy\u1ec1n S\u1ed1ng (Empowering Lives) trong khu\u00f4n vi\u00ean Expo 2025 Osaka, Kansai, Nh\u1eadt B\u1ea3n, tr\u00ean \u0111\u1ea3o Yumeshima. C\u1ed5ng v\u00e0o g\u1ea7n Nh\u00e0 Tri\u1ec3n l\u00e3m Vi\u1ec7t [&hellip;]<\/p>\n","protected":false},"author":1,"featured_media":3002,"parent":0,"menu_order":0,"comment_status":"closed","ping_status":"closed","template":"","meta":{"footnotes":""},"class_list":["post-2113","page","type-page","status-publish","has-post-thumbnail","hentry"],"yoast_head":"<!-- This site is optimized with the Yoast SEO plugin v24.8.1 - https:\/\/yoast.com\/wordpress\/plugins\/seo\/ -->\n<title>Th\u0103m Nh\u00e0 Tri\u1ec3n L\u00e3m - Vi\u1ec7t Nam EXPO<\/title>\n<meta name=\"robots\" content=\"index, follow, max-snippet:-1, max-image-preview:large, max-video-preview:-1\" \/>\n<link rel=\"canonical\" href=\"https:\/\/vietnamexpo2025osaka.com\/vi\/tham-nha-trien-lam\/\" \/>\n<meta property=\"og:locale\" content=\"en_US\" \/>\n<meta property=\"og:type\" content=\"article\" \/>\n<meta property=\"og:title\" content=\"Th\u0103m Nh\u00e0 Tri\u1ec3n L\u00e3m - Vi\u1ec7t Nam EXPO\" \/>\n<meta property=\"og:description\" content=\"[vc_row][vc_column][vc_empty_space height=&#8221;120px&#8221;][vc_empty_space height=&#8221;12px&#8221;][vc_column_text css=&#8221;&#8221;] Nh\u00e0 Tri\u1ec3n L\u00e3m Vi\u1ec7t Nam n\u1eb1m t\u1ea1i v\u1ecb tr\u00ed BE7, thu\u1ed9c khu Trao Quy\u1ec1n S\u1ed1ng (Empowering Lives) trong khu\u00f4n vi\u00ean Expo 2025 Osaka, Kansai, Nh\u1eadt B\u1ea3n, tr\u00ean \u0111\u1ea3o Yumeshima. C\u1ed5ng v\u00e0o g\u1ea7n Nh\u00e0 Tri\u1ec3n l\u00e3m Vi\u1ec7t [&hellip;]\" \/>\n<meta property=\"og:url\" content=\"https:\/\/vietnamexpo2025osaka.com\/vi\/tham-nha-trien-lam\/\" \/>\n<meta property=\"og:site_name\" content=\"Vi\u1ec7t Nam EXPO\" \/>\n<meta property=\"article:publisher\" content=\"https:\/\/www.facebook.com\/vietnamexpo2020dubai\/\" \/>\n<meta property=\"article:modified_time\" content=\"2025-04-16T08:55:57+00:00\" \/>\n<meta property=\"og:image\" content=\"https:\/\/vietnamexpo2025osaka.com\/vi\/wp-content\/uploads\/2019\/09\/logo-02-3.png\" \/>\n\t<meta property=\"og:image:width\" content=\"6602\" \/>\n\t<meta property=\"og:image:height\" content=\"6251\" \/>\n\t<meta property=\"og:image:type\" content=\"image\/png\" \/>\n<meta name=\"twitter:card\" content=\"summary_large_image\" \/>\n<meta name=\"twitter:label1\" content=\"Est. reading time\" \/>\n\t<meta name=\"twitter:data1\" content=\"3 minutes\" \/>\n<!-- \/ Yoast SEO plugin. -->","yoast_head_json":{"title":"Th\u0103m Nh\u00e0 Tri\u1ec3n L\u00e3m - Vi\u1ec7t Nam EXPO","robots":{"index":"index","follow":"follow","max-snippet":"max-snippet:-1","max-image-preview":"max-image-preview:large","max-video-preview":"max-video-preview:-1"},"canonical":"https:\/\/vietnamexpo2025osaka.com\/vi\/tham-nha-trien-lam\/","og_locale":"en_US","og_type":"article","og_title":"Th\u0103m Nh\u00e0 Tri\u1ec3n L\u00e3m - Vi\u1ec7t Nam EXPO","og_description":"[vc_row][vc_column][vc_empty_space height=&#8221;120px&#8221;][vc_empty_space height=&#8221;12px&#8221;][vc_column_text css=&#8221;&#8221;] Nh\u00e0 Tri\u1ec3n L\u00e3m Vi\u1ec7t Nam n\u1eb1m t\u1ea1i v\u1ecb tr\u00ed BE7, thu\u1ed9c khu Trao Quy\u1ec1n S\u1ed1ng (Empowering Lives) trong khu\u00f4n vi\u00ean Expo 2025 Osaka, Kansai, Nh\u1eadt B\u1ea3n, tr\u00ean \u0111\u1ea3o Yumeshima. C\u1ed5ng v\u00e0o g\u1ea7n Nh\u00e0 Tri\u1ec3n l\u00e3m Vi\u1ec7t [&hellip;]","og_url":"https:\/\/vietnamexpo2025osaka.com\/vi\/tham-nha-trien-lam\/","og_site_name":"Vi\u1ec7t Nam EXPO","article_publisher":"https:\/\/www.facebook.com\/vietnamexpo2020dubai\/","article_modified_time":"2025-04-16T08:55:57+00:00","og_image":[{"width":6602,"height":6251,"url":"https:\/\/vietnamexpo2025osaka.com\/vi\/wp-content\/uploads\/2019\/09\/logo-02-3.png","type":"image\/png"}],"twitter_card":"summary_large_image","twitter_misc":{"Est. reading time":"3 minutes"},"schema":{"@context":"https:\/\/schema.org","@graph":[{"@type":"WebPage","@id":"https:\/\/vietnamexpo2025osaka.com\/vi\/tham-nha-trien-lam\/","url":"https:\/\/vietnamexpo2025osaka.com\/vi\/tham-nha-trien-lam\/","name":"Th\u0103m Nh\u00e0 Tri\u1ec3n L\u00e3m - Vi\u1ec7t Nam EXPO","isPartOf":{"@id":"https:\/\/vietnamexpo2025osaka.com\/vi\/#website"},"primaryImageOfPage":{"@id":"https:\/\/vietnamexpo2025osaka.com\/vi\/tham-nha-trien-lam\/#primaryimage"},"image":{"@id":"https:\/\/vietnamexpo2025osaka.com\/vi\/tham-nha-trien-lam\/#primaryimage"},"thumbnailUrl":"https:\/\/vietnamexpo2025osaka.com\/vi\/wp-content\/uploads\/2019\/09\/logo-02-3.png","datePublished":"2025-03-20T04:45:27+00:00","dateModified":"2025-04-16T08:55:57+00:00","breadcrumb":{"@id":"https:\/\/vietnamexpo2025osaka.com\/vi\/tham-nha-trien-lam\/#breadcrumb"},"inLanguage":"en-US","potentialAction":[{"@type":"ReadAction","target":["https:\/\/vietnamexpo2025osaka.com\/vi\/tham-nha-trien-lam\/"]}]},{"@type":"ImageObject","inLanguage":"en-US","@id":"https:\/\/vietnamexpo2025osaka.com\/vi\/tham-nha-trien-lam\/#primaryimage","url":"https:\/\/vietnamexpo2025osaka.com\/vi\/wp-content\/uploads\/2019\/09\/logo-02-3.png","contentUrl":"https:\/\/vietnamexpo2025osaka.com\/vi\/wp-content\/uploads\/2019\/09\/logo-02-3.png","width":6602,"height":6251},{"@type":"BreadcrumbList","@id":"https:\/\/vietnamexpo2025osaka.com\/vi\/tham-nha-trien-lam\/#breadcrumb","itemListElement":[{"@type":"ListItem","position":1,"name":"Home","item":"https:\/\/vietnamexpo2025osaka.com\/vi\/"},{"@type":"ListItem","position":2,"name":"Th\u0103m Nh\u00e0 Tri\u1ec3n L\u00e3m"}]},{"@type":"WebSite","@id":"https:\/\/vietnamexpo2025osaka.com\/vi\/#website","url":"https:\/\/vietnamexpo2025osaka.com\/vi\/","name":"Vi\u1ec7t Nam EXPO","description":"EXPO 2025","publisher":{"@id":"https:\/\/vietnamexpo2025osaka.com\/vi\/#organization"},"potentialAction":[{"@type":"SearchAction","target":{"@type":"EntryPoint","urlTemplate":"https:\/\/vietnamexpo2025osaka.com\/vi\/?s={search_term_string}"},"query-input":{"@type":"PropertyValueSpecification","valueRequired":true,"valueName":"search_term_string"}}],"inLanguage":"en-US"},{"@type":"Organization","@id":"https:\/\/vietnamexpo2025osaka.com\/vi\/#organization","name":"Vi\u1ec7t Nam EXPO","url":"https:\/\/vietnamexpo2025osaka.com\/vi\/","logo":{"@type":"ImageObject","inLanguage":"en-US","@id":"https:\/\/vietnamexpo2025osaka.com\/vi\/#\/schema\/logo\/image\/","url":"https:\/\/vietnamexpo2025osaka.com\/vi\/wp-content\/uploads\/2019\/09\/logo-02-4.png","contentUrl":"https:\/\/vietnamexpo2025osaka.com\/vi\/wp-content\/uploads\/2019\/09\/logo-02-4.png","width":6602,"height":6251,"caption":"Vi\u1ec7t Nam EXPO"},"image":{"@id":"https:\/\/vietnamexpo2025osaka.com\/vi\/#\/schema\/logo\/image\/"},"sameAs":["https:\/\/www.facebook.com\/vietnamexpo2020dubai\/","https:\/\/www.tiktok.com\/@vietnamexpo2025"]}]}},"_links":{"self":[{"href":"https:\/\/vietnamexpo2025osaka.com\/vi\/wp-json\/wp\/v2\/pages\/2113","targetHints":{"allow":["GET"]}}],"collection":[{"href":"https:\/\/vietnamexpo2025osaka.com\/vi\/wp-json\/wp\/v2\/pages"}],"about":[{"href":"https:\/\/vietnamexpo2025osaka.com\/vi\/wp-json\/wp\/v2\/types\/page"}],"author":[{"embeddable":true,"href":"https:\/\/vietnamexpo2025osaka.com\/vi\/wp-json\/wp\/v2\/users\/1"}],"replies":[{"embeddable":true,"href":"https:\/\/vietnamexpo2025osaka.com\/vi\/wp-json\/wp\/v2\/comments?post=2113"}],"version-history":[{"count":79,"href":"https:\/\/vietnamexpo2025osaka.com\/vi\/wp-json\/wp\/v2\/pages\/2113\/revisions"}],"predecessor-version":[{"id":3263,"href":"https:\/\/vietnamexpo2025osaka.com\/vi\/wp-json\/wp\/v2\/pages\/2113\/revisions\/3263"}],"wp:featuredmedia":[{"embeddable":true,"href":"https:\/\/vietnamexpo2025osaka.com\/vi\/wp-json\/wp\/v2\/media\/3002"}],"wp:attachment":[{"href":"https:\/\/vietnamexpo2025osaka.com\/vi\/wp-json\/wp\/v2\/media?parent=2113"}],"curies":[{"name":"wp","href":"https:\/\/api.w.org\/{rel}","templated":true}]}}